{"id":1838,"date":"2017-03-30T01:39:13","date_gmt":"2017-03-30T01:39:13","guid":{"rendered":"https:\/\/hauntedmontreal.com\/tours-prives\/"},"modified":"2017-04-13T03:08:15","modified_gmt":"2017-04-13T07:08:15","slug":"tours-prives","status":"publish","type":"page","link":"https:\/\/hauntedmontreal.com\/fr\/tours-prives","title":{"rendered":"Tours Priv\u00e9s"},"content":{"rendered":"<div class=\"wpb-content-wrapper\">[vc_row css=\u00a0\u00bb.vc_custom_1490574504304{padding-top: 0px !important;}\u00a0\u00bb][vc_column width=\u00a0\u00bb1\/2&Prime;][vc_column_text css=\u00a0\u00bb.vc_custom_1492067264237{padding-right: 25px !important;}\u00a0\u00bb line_height=\u00a0\u00bb30px\u00a0\u00bb]Les visites priv\u00e9es sont tributaires de la disponibilit\u00e9 de nos acteurs. Ces visites sont offertes au taux de 23,00 $ (taxes incluses) par personne et un minimum de 10 personnes est requis. S&rsquo;il vous pla\u00eet, envoyer un courriel \u00e0 <span style=\"text-decoration: underline;\"><a href=\"mailto:info@hauntedmontreal.com\" target=\"_blank\">info@hauntedmontreal.com<\/a><\/span> et laissez-nous vos coordonn\u00e9es, le nom du circuit qui vous int\u00e9resse (Griffintown hant\u00e9 ou Mont-Royal hant\u00e9) et \u00e0 quel date et l&rsquo;heure vous souhaiteriez effectuer votre visite. S&rsquo;il vous pla\u00eet noter que les visites priv\u00e9es doivent \u00eatre pay\u00e9es \u00e0 l&rsquo;avance avec une facture PayPal.[\/vc_column_text]<div class=\"vcex-spacing wpex-w-100 wpex-clear\" style=\"height:60px;\"><\/div>[vc_btn title=\u00a0\u00bbR\u00e9server une visite priv\u00e9e\u00a0\u00bb style=\u00a0\u00bboutline\u00a0\u00bb color=\u00a0\u00bbwarning\u00a0\u00bb size=\u00a0\u00bblg\u00a0\u00bb link=\u00a0\u00bburl:http%3A%2F%2Fhauntedmontreal.com%2Ffr%2Fcontact|||\u00a0\u00bb el_class=\u00a0\u00bbmain-btn-orange\u00a0\u00bb][\/vc_column][vc_column width=\u00a0\u00bb1\/2&Prime;][vc_single_image image=\u00a0\u00bb304&Prime; alignment=\u00a0\u00bbcenter\u00a0\u00bb][\/vc_column][\/vc_row][vc_row][vc_column]<div class=\"vcex-spacing wpex-w-100 wpex-clear\" style=\"height:20px;\"><\/div>[\/vc_column][\/vc_row]\n<\/div>","protected":false},"excerpt":{"rendered":"<p>[vc_row css=\u00a0\u00bb.vc_custom_1490574504304{padding-top: 0px !important;}\u00a0\u00bb][vc_column width=\u00a0\u00bb1\/2&Prime;][vc_column_text css=\u00a0\u00bb.vc_custom_1492067264237{padding-right: 25px !important;}\u00a0\u00bb line_height=\u00a0\u00bb30px\u00a0\u00bb]Les visites priv\u00e9es sont tributaires de la disponibilit\u00e9 de nos acteurs. Ces visites sont offertes au taux de 23,00 $ (taxes incluses) par personne et un minimum de 10 personnes est requis. S&rsquo;il vous pla\u00eet, envoyer un courriel \u00e0 info@hauntedmontreal.com et laissez-nous vos coordonn\u00e9es, le nom du&hellip;<\/p>\n","protected":false},"author":1,"featured_media":0,"parent":0,"menu_order":0,"comment_status":"closed","ping_status":"closed","template":"","meta":{"footnotes":""},"class_list":["post-1838","page","type-page","status-publish","hentry","entry","no-media"],"_links":{"self":[{"href":"https:\/\/hauntedmontreal.com\/fr\/wp-json\/wp\/v2\/pages\/1838","targetHints":{"allow":["GET"]}}],"collection":[{"href":"https:\/\/hauntedmontreal.com\/fr\/wp-json\/wp\/v2\/pages"}],"about":[{"href":"https:\/\/hauntedmontreal.com\/fr\/wp-json\/wp\/v2\/types\/page"}],"author":[{"embeddable":true,"href":"https:\/\/hauntedmontreal.com\/fr\/wp-json\/wp\/v2\/users\/1"}],"replies":[{"embeddable":true,"href":"https:\/\/hauntedmontreal.com\/fr\/wp-json\/wp\/v2\/comments?post=1838"}],"version-history":[{"count":2,"href":"https:\/\/hauntedmontreal.com\/fr\/wp-json\/wp\/v2\/pages\/1838\/revisions"}],"predecessor-version":[{"id":15304,"href":"https:\/\/hauntedmontreal.com\/fr\/wp-json\/wp\/v2\/pages\/1838\/revisions\/15304"}],"wp:attachment":[{"href":"https:\/\/hauntedmontreal.com\/fr\/wp-json\/wp\/v2\/media?parent=1838"}],"curies":[{"name":"wp","href":"https:\/\/api.w.org\/{rel}","templated":true}]}}