{"id":1835,"date":"2017-03-30T01:36:22","date_gmt":"2017-03-30T01:36:22","guid":{"rendered":"https:\/\/hauntedmontreal.com\/temoinages\/"},"modified":"2017-11-07T08:36:40","modified_gmt":"2017-11-07T13:36:40","slug":"temoinages","status":"publish","type":"page","link":"https:\/\/hauntedmontreal.com\/fr\/temoinages","title":{"rendered":"T\u00e9moignages"},"content":{"rendered":"<div class=\"wpb-content-wrapper\">[vc_row][vc_column]<div class=\"vcex-module vcex-testimonials-grid-wrap wpex-clr\"><div class=\"wpex-row vcex-testimonials-grid wpex-clr gap-30\"><div class=\"testimonial-entry vcex-grid-item span_1_of_3 col-1 col entry post-2792 type-testimonials no-media\"><div class=\"testimonial-entry-content wpex-relative wpex-boxed wpex-border-0 wpex-clr\"\"><span class=\"testimonial-caret wpex-absolute wpex-block wpex-w-0 wpex-h-0\"><\/span><div class=\"testimonial-entry-details testimonial-entry-text wpex-text-pretty wpex-last-mb-0 wpex-clr\"><p>\u00ab Au c\u0153ur du centre-ville de Montr\u00e9al, McGill est une des universit\u00e9s les plus anciennes du Canada\u2026 et, selon le professeur d\u2019histoire et dramaturge Donovan King, c\u2019est aussi une des institutions les plus hant\u00e9es. Dans le cadre des promenades Jane du Centre d\u2019\u00e9cologie urbaine de Montr\u00e9al, M. King organise&#8230;une tourn\u00e9e des lieux myst\u00e9rieux du campus. \u00bb<\/p>\n<\/div><\/div><div class=\"testimonial-entry-bottom wpex-flex wpex-flex-wrap wpex-mt-20\"><div class=\"testimonial-entry-meta wpex-flex-grow\">\n<div class=\"testimonial-entry-author entry-title\">Jeff Yates, Journal M\u00e9tro<\/div>\n<\/div><\/div><\/div><div class=\"testimonial-entry vcex-grid-item span_1_of_3 col-2 col entry post-2790 type-testimonials no-media\"><div class=\"testimonial-entry-content wpex-relative wpex-boxed wpex-border-0 wpex-clr\"\"><span class=\"testimonial-caret wpex-absolute wpex-block wpex-w-0 wpex-h-0\"><\/span><div class=\"testimonial-entry-details testimonial-entry-text wpex-text-pretty wpex-last-mb-0 wpex-clr\"><p>\u00ab Une visite ext\u00e9rieure d&rsquo;endroits cl\u00e9s du centre-ville de Montr\u00e9al, mettant les histoires de fant\u00f4mes en avant plan. La v\u00e9rit\u00e9 (les faits historiques peu connus et extr\u00e8mement bien document\u00e9s) se m\u00ealent aux l\u00e9gendes de fant\u00f4mes racont\u00e9es par 2 excellents acteurs. J&rsquo;ai ador\u00e9. \u00bb<\/p>\n<\/div><\/div><div class=\"testimonial-entry-bottom wpex-flex wpex-flex-wrap wpex-mt-20\"><div class=\"testimonial-entry-meta wpex-flex-grow\">\n<div class=\"testimonial-entry-author entry-title\">Marie-H\u00e9l\u00e8ne Henry, Tripadvisor.ca<\/div>\n<\/div><\/div><\/div><div class=\"testimonial-entry vcex-grid-item span_1_of_3 col-3 col entry post-2788 type-testimonials no-media\"><div class=\"testimonial-entry-content wpex-relative wpex-boxed wpex-border-0 wpex-clr\"\"><span class=\"testimonial-caret wpex-absolute wpex-block wpex-w-0 wpex-h-0\"><\/span><div class=\"testimonial-entry-details testimonial-entry-text wpex-text-pretty wpex-last-mb-0 wpex-clr\"><p>\u00ab J&rsquo;ai \u00e9t\u00e9 captiv\u00e9 par la visite du Griffintown hant\u00e9. C&rsquo;est une exp\u00e9rience fascinante \u00e0 la crois\u00e9e d&rsquo;une visite historique et d&rsquo;une pi\u00e8ce de th\u00e9\u00e2tre. J&rsquo;habite Griffintown, et maintenant j&rsquo;ai l&rsquo;impression de voir des fant\u00f4mes du pass\u00e9 apparaitre partout la nuit quand je marche dans le quartier! Je recommande fortement Griffintown hant\u00e9, vous entendrez des choses fascinantes et terrifiantes qui vous donneront des frissons dans le dos! \u00bb<\/p>\n<\/div><\/div><div class=\"testimonial-entry-bottom wpex-flex wpex-flex-wrap wpex-mt-20\"><div class=\"testimonial-entry-meta wpex-flex-grow\">\n<div class=\"testimonial-entry-author entry-title\">Simon-Alexandre R, Tripadvisor.ca<\/div>\n<\/div><\/div><\/div><div class=\"testimonial-entry vcex-grid-item span_1_of_3 col-1 col entry post-2786 type-testimonials no-media\"><div class=\"testimonial-entry-content wpex-relative wpex-boxed wpex-border-0 wpex-clr\"\"><span class=\"testimonial-caret wpex-absolute wpex-block wpex-w-0 wpex-h-0\"><\/span><div class=\"testimonial-entry-details testimonial-entry-text wpex-text-pretty wpex-last-mb-0 wpex-clr\"><p>\u00ab Il n\u2019y a pas que les ch\u00e2teaux d\u2019\u00c9cosse qui sont remplis de fant\u00f4mes. Certains lieux de la m\u00e9tropole rec\u00e8lent des histoires \u00e0 faire peur, et il est possible de les d\u00e9couvrir gr\u00e2ce aux visites guid\u00e9es de Montr\u00e9al hant\u00e9. \u00bb<\/p>\n<\/div><\/div><div class=\"testimonial-entry-bottom wpex-flex wpex-flex-wrap wpex-mt-20\"><div class=\"testimonial-entry-meta wpex-flex-grow\">\n<div class=\"testimonial-entry-author entry-title\">Dominique Cambron-Goulet, Journal M\u00e9tro<\/div>\n<\/div><\/div><\/div><div class=\"testimonial-entry vcex-grid-item span_1_of_3 col-2 col entry post-2784 type-testimonials no-media\"><div class=\"testimonial-entry-content wpex-relative wpex-boxed wpex-border-0 wpex-clr\"\"><span class=\"testimonial-caret wpex-absolute wpex-block wpex-w-0 wpex-h-0\"><\/span><div class=\"testimonial-entry-details testimonial-entry-text wpex-text-pretty wpex-last-mb-0 wpex-clr\"><p>\u200b\u00ab Je recommande cette sortie que j&rsquo;ai fait en fran\u00e7ais avec notre animateur: Robusquet, nous l&rsquo;avons vraiment beaucoup appr\u00e9ci\u00e9. Cette sortie est une mani\u00e8re tr\u00e8s, tr\u00e8s int\u00e9ressante d&rsquo;apprendre, et on a appris, tout en se divertissant. Je recommande \u00e0 tous, \u00a0famille (enfant de 12 et plus), amis, groupe, couple. \u00bb<\/p>\n<\/div><\/div><div class=\"testimonial-entry-bottom wpex-flex wpex-flex-wrap wpex-mt-20\"><div class=\"testimonial-entry-meta wpex-flex-grow\">\n<div class=\"testimonial-entry-author entry-title\">Sylvette<\/div>\n<\/div><\/div><\/div><div class=\"testimonial-entry vcex-grid-item span_1_of_3 col-3 col entry post-471 type-testimonials no-media\"><div class=\"testimonial-entry-content wpex-relative wpex-boxed wpex-border-0 wpex-clr\"\"><span class=\"testimonial-caret wpex-absolute wpex-block wpex-w-0 wpex-h-0\"><\/span><div class=\"testimonial-entry-details testimonial-entry-text wpex-text-pretty wpex-last-mb-0 wpex-clr\"><p>\u201cKing, historian\/actor\/activist on the city preservation scene, is an authority on ghosts\u2026\u201d<\/p>\n<\/div><\/div><div class=\"testimonial-entry-bottom wpex-flex wpex-flex-wrap wpex-mt-20\"><div class=\"testimonial-entry-meta wpex-flex-grow\">\n<div class=\"testimonial-entry-author entry-title\">Bill Brownstein, Montreal Gazette<\/div>\n<\/div><\/div><\/div><div class=\"testimonial-entry vcex-grid-item span_1_of_3 col-1 col entry post-469 type-testimonials no-media\"><div class=\"testimonial-entry-content wpex-relative wpex-boxed wpex-border-0 wpex-clr\"\"><span class=\"testimonial-caret wpex-absolute wpex-block wpex-w-0 wpex-h-0\"><\/span><div class=\"testimonial-entry-details testimonial-entry-text wpex-text-pretty wpex-last-mb-0 wpex-clr\"><p>\u201cThe tour ends with Montreal\u2019s most famous ghost story: the murder of prostitute Mary Gallagher. King\u2019s description of her gruesome decapitation and mutilation are enough to keep you up at night. His description of her reappearance on her street corner, however, really makes you lose your head.\u201d<\/p>\n<\/div><\/div><div class=\"testimonial-entry-bottom wpex-flex wpex-flex-wrap wpex-mt-20\"><div class=\"testimonial-entry-meta wpex-flex-grow\">\n<div class=\"testimonial-entry-author entry-title\">Katerina Gang, The Concordian\u200b<\/div>\n<\/div><\/div><\/div><div class=\"testimonial-entry vcex-grid-item span_1_of_3 col-2 col entry post-465 type-testimonials no-media\"><div class=\"testimonial-entry-content wpex-relative wpex-boxed wpex-border-0 wpex-clr\"\"><span class=\"testimonial-caret wpex-absolute wpex-block wpex-w-0 wpex-h-0\"><\/span><div class=\"testimonial-entry-details testimonial-entry-text wpex-text-pretty wpex-last-mb-0 wpex-clr\"><p>\u201cI will mention that King\u2019s graphic description of McTavish\u2019s dead body almost made me puke. Impressive.\u201d<\/p>\n<\/div><\/div><div class=\"testimonial-entry-bottom wpex-flex wpex-flex-wrap wpex-mt-20\"><div class=\"testimonial-entry-meta wpex-flex-grow\">\n<div class=\"testimonial-entry-author entry-title\">Bianca David, Forget the Box<\/div>\n<\/div><\/div><\/div><div class=\"testimonial-entry vcex-grid-item span_1_of_3 col-3 col entry post-467 type-testimonials no-media\"><div class=\"testimonial-entry-content wpex-relative wpex-boxed wpex-border-0 wpex-clr\"\"><span class=\"testimonial-caret wpex-absolute wpex-block wpex-w-0 wpex-h-0\"><\/span><div class=\"testimonial-entry-details testimonial-entry-text wpex-text-pretty wpex-last-mb-0 wpex-clr\"><p>\u201cThere are more than enough tales to put weight behind the claim that Montreal is the most haunted city in North America. This is a claim that King, who is a teacher, historian, actor and activist on the city preservation scene, is eager to prove. For nearly a decade, he has been leading tours around town that expose some of the lesser known and darker aspects of our city\u2019s history.\u201d<\/p>\n<\/div><\/div><div class=\"testimonial-entry-bottom wpex-flex wpex-flex-wrap wpex-mt-20\"><div class=\"testimonial-entry-meta wpex-flex-grow\">\n<div class=\"testimonial-entry-author entry-title\">Michael Sallot, CULT MTL<\/div>\n<\/div><\/div><\/div><div class=\"testimonial-entry vcex-grid-item span_1_of_3 col-1 col entry post-463 type-testimonials no-media\"><div class=\"testimonial-entry-content wpex-relative wpex-boxed wpex-border-0 wpex-clr\"\"><span class=\"testimonial-caret wpex-absolute wpex-block wpex-w-0 wpex-h-0\"><\/span><div class=\"testimonial-entry-details testimonial-entry-text wpex-text-pretty wpex-last-mb-0 wpex-clr\"><p>\u201cA tall man with glasses and a forceful voice, King teaches history in the English Montreal School Board by day. But he was trained as an actor. And when he\u2019s not in the classroom, imparting the dry facts as he must and adding some juicy details that appear on no curriculum, he often works with Les Fant\u00f4mes Montr\u00e9al, a division of the largest tour-guide firm in the city. Their tours concentrate on Old Montreal and the ghosts of New France. Lately, King has branched out on his own to offer tours of the haunted mountain and the haunted downtown. The tours make use of his skills in both theatre and history.\u201d<\/p>\n<\/div><\/div><div class=\"testimonial-entry-bottom wpex-flex wpex-flex-wrap wpex-mt-20\"><div class=\"testimonial-entry-meta wpex-flex-grow\">\n<div class=\"testimonial-entry-author entry-title\">Mark Abley, Montreal Gazette<\/div>\n<\/div><\/div><\/div><\/div><\/div>[vc_empty_space][\/vc_column][\/vc_row]\n<\/div>","protected":false},"excerpt":{"rendered":"<p>[vc_row][vc_column][vc_empty_space][\/vc_column][\/vc_row]<\/p>\n","protected":false},"author":1,"featured_media":0,"parent":0,"menu_order":0,"comment_status":"closed","ping_status":"closed","template":"","meta":{"footnotes":""},"class_list":["post-1835","page","type-page","status-publish","hentry","entry","no-media"],"_links":{"self":[{"href":"https:\/\/hauntedmontreal.com\/fr\/wp-json\/wp\/v2\/pages\/1835","targetHints":{"allow":["GET"]}}],"collection":[{"href":"https:\/\/hauntedmontreal.com\/fr\/wp-json\/wp\/v2\/pages"}],"about":[{"href":"https:\/\/hauntedmontreal.com\/fr\/wp-json\/wp\/v2\/types\/page"}],"author":[{"embeddable":true,"href":"https:\/\/hauntedmontreal.com\/fr\/wp-json\/wp\/v2\/users\/1"}],"replies":[{"embeddable":true,"href":"https:\/\/hauntedmontreal.com\/fr\/wp-json\/wp\/v2\/comments?post=1835"}],"version-history":[{"count":3,"href":"https:\/\/hauntedmontreal.com\/fr\/wp-json\/wp\/v2\/pages\/1835\/revisions"}],"predecessor-version":[{"id":6955,"href":"https:\/\/hauntedmontreal.com\/fr\/wp-json\/wp\/v2\/pages\/1835\/revisions\/6955"}],"wp:attachment":[{"href":"https:\/\/hauntedmontreal.com\/fr\/wp-json\/wp\/v2\/media?parent=1835"}],"curies":[{"name":"wp","href":"https:\/\/api.w.org\/{rel}","templated":true}]}}