{"id":1823,"date":"2017-03-30T01:34:14","date_gmt":"2017-03-30T01:34:14","guid":{"rendered":"https:\/\/hauntedmontreal.com\/liens\/"},"modified":"2017-03-30T02:00:59","modified_gmt":"2017-03-30T02:00:59","slug":"liens","status":"publish","type":"page","link":"https:\/\/hauntedmontreal.com\/fr\/liens","title":{"rendered":"Liens"},"content":{"rendered":"<div class=\"wpb-content-wrapper\">[vc_row][vc_column][vc_column_text]\n<p style=\"text-align: center;\"><a href=\"http:\/\/fantommontreal.com\/fr\/\" target=\"_blank\"><span style=\"text-decoration: underline;\">Fant\u00f4mes Montr\u00e9al Ghosts<\/span><\/a>: Circuits fantomatiques et chasses aux fant\u00f4mes dans le Vieux-Montr\u00e9al.<\/p>\n[\/vc_column_text][vc_empty_space][vc_single_image image=\u00a0\u00bb420&Prime; img_size=\u00a0\u00bb700&#215;154&Prime; alignment=\u00a0\u00bbcenter\u00a0\u00bb onclick=\u00a0\u00bbcustom_link\u00a0\u00bb img_link_target=\u00a0\u00bb_blank\u00a0\u00bb link=\u00a0\u00bbhttp:\/\/fantommontreal.com\/fr\/\u00a0\u00bb][vc_empty_space][\/vc_column][\/vc_row][vc_row][vc_column][vc_column_text]\n<p style=\"text-align: center;\"><a href=\"http:\/\/www.montrealparanormal.com\/\" target=\"_blank\"><span style=\"text-decoration: underline;\">Montreal Paranormal Investigations<\/span><\/a>: Une \u00e9quipe d&rsquo;enqu\u00eateurs paranormaux dans la r\u00e9gion de Montr\u00e9al.<\/p>\n[\/vc_column_text][vc_empty_space][vc_single_image image=\u00a0\u00bb421&Prime; img_size=\u00a0\u00bb700&#215;154&Prime; alignment=\u00a0\u00bbcenter\u00a0\u00bb onclick=\u00a0\u00bbcustom_link\u00a0\u00bb img_link_target=\u00a0\u00bb_blank\u00a0\u00bb link=\u00a0\u00bbhttp:\/\/www.montrealparanormal.com\/\u00a0\u00bb][vc_empty_space][\/vc_column][\/vc_row]\n<\/div>","protected":false},"excerpt":{"rendered":"<p>[vc_row][vc_column][vc_column_text] Fant\u00f4mes Montr\u00e9al Ghosts: Circuits fantomatiques et chasses aux fant\u00f4mes dans le Vieux-Montr\u00e9al. [\/vc_column_text][vc_empty_space][vc_single_image image=\u00a0\u00bb420&Prime; img_size=\u00a0\u00bb700&#215;154&Prime; alignment=\u00a0\u00bbcenter\u00a0\u00bb onclick=\u00a0\u00bbcustom_link\u00a0\u00bb img_link_target=\u00a0\u00bb_blank\u00a0\u00bb link=\u00a0\u00bbhttp:\/\/fantommontreal.com\/fr\/\u00a0\u00bb][vc_empty_space][\/vc_column][\/vc_row][vc_row][vc_column][vc_column_text] Montreal Paranormal Investigations: Une \u00e9quipe d&rsquo;enqu\u00eateurs paranormaux dans la r\u00e9gion de Montr\u00e9al. [\/vc_column_text][vc_empty_space][vc_single_image image=\u00a0\u00bb421&Prime; img_size=\u00a0\u00bb700&#215;154&Prime; alignment=\u00a0\u00bbcenter\u00a0\u00bb onclick=\u00a0\u00bbcustom_link\u00a0\u00bb img_link_target=\u00a0\u00bb_blank\u00a0\u00bb link=\u00a0\u00bbhttp:\/\/www.montrealparanormal.com\/\u00a0\u00bb][vc_empty_space][\/vc_column][\/vc_row]<\/p>\n","protected":false},"author":1,"featured_media":0,"parent":0,"menu_order":0,"comment_status":"closed","ping_status":"closed","template":"","meta":{"footnotes":""},"class_list":["post-1823","page","type-page","status-publish","hentry","entry","no-media"],"_links":{"self":[{"href":"https:\/\/hauntedmontreal.com\/fr\/wp-json\/wp\/v2\/pages\/1823","targetHints":{"allow":["GET"]}}],"collection":[{"href":"https:\/\/hauntedmontreal.com\/fr\/wp-json\/wp\/v2\/pages"}],"about":[{"href":"https:\/\/hauntedmontreal.com\/fr\/wp-json\/wp\/v2\/types\/page"}],"author":[{"embeddable":true,"href":"https:\/\/hauntedmontreal.com\/fr\/wp-json\/wp\/v2\/users\/1"}],"replies":[{"embeddable":true,"href":"https:\/\/hauntedmontreal.com\/fr\/wp-json\/wp\/v2\/comments?post=1823"}],"version-history":[{"count":0,"href":"https:\/\/hauntedmontreal.com\/fr\/wp-json\/wp\/v2\/pages\/1823\/revisions"}],"wp:attachment":[{"href":"https:\/\/hauntedmontreal.com\/fr\/wp-json\/wp\/v2\/media?parent=1823"}],"curies":[{"name":"wp","href":"https:\/\/api.w.org\/{rel}","templated":true}]}}