{"id":16229,"date":"2024-06-14T10:20:36","date_gmt":"2024-06-14T14:20:36","guid":{"rendered":"https:\/\/hauntedmontreal.com\/enquete-paranormale-vieux-montreal-colonial"},"modified":"2025-10-12T22:05:50","modified_gmt":"2025-10-13T02:05:50","slug":"enquete-paranormale-vieux-montreal-colonial","status":"publish","type":"page","link":"https:\/\/hauntedmontreal.com\/fr\/enquete-paranormale-vieux-montreal-colonial","title":{"rendered":"Enqu\u00eate Paranormale &#8211; Vieux-Montr\u00e9al Colonial"},"content":{"rendered":"\n<div class=\"wp-block-columns is-layout-flex wp-container-core-columns-is-layout-28f84493 wp-block-columns-is-layout-flex\">\n<div class=\"wp-block-column is-layout-flow wp-block-column-is-layout-flow\" style=\"flex-basis:66.66%\">\n<h3 class=\"wp-block-heading\">Halloween 2025 \u00e0 Montr\u00e9al<\/h3>\n\n\n\n<p>Anim\u00e9 par Dominique Desormeaux, chasseur de fant\u00f4mes professionnel d&rsquo;Enqu\u00eates 13, \u00ab Enqu\u00eate paranormale \u2013 Vieux-Montr\u00e9al colonial \u00bb de Montr\u00e9al hant\u00e9 emm\u00e8ne les invit\u00e9s dans une sombre aventure dans le monde myst\u00e9rieux de la chasse aux fant\u00f4mes.<\/p>\n\n\n\n<p>Fond\u00e9e en 1642, la colonie Ville-Marie a \u00e9t\u00e9 t\u00e9moin d&rsquo;innombrables ex\u00e9cutions publiques, tortures, guerres, d\u00e9capitations, br\u00fbl\u00e9s vifs, meurtres et autres actes horribles. De nombreux esprits instables ont \u00e9t\u00e9 cr\u00e9\u00e9s \u00e0 la fois pendant la parano\u00efa religieuse de la Nouvelle-France et la brutalit\u00e9 bureaucratique du r\u00e9gime britannique, qui a pris le pouvoir en 1760.<\/p>\n\n\n\n<p>Aujourd&rsquo;hui, le Vieux-Montr\u00e9al est une zone touristique anim\u00e9e et pittoresque, remplie de restaurants chics, de bars populaires, de mus\u00e9es et de monuments. Mais ces rues pav\u00e9es et ces places publiques anim\u00e9es cachent des prisons oubli\u00e9es, des cimeti\u00e8res cach\u00e9s et les fant\u00f4mes du pass\u00e9. Mais ils sont toujours l\u00e0, hors de vue, dans le quartier le plus hant\u00e9 du Canada.<\/p>\n\n\n\n<p>Les invit\u00e9s apprendront des strat\u00e9gies et des techniques pour localiser et communiquer avec les esprits. Des outils de chasse aux fant\u00f4mes tels que des baguettes de radiesth\u00e9sie, des lecteurs EMF, des pistolets \u00e0 temp\u00e9rature et d&rsquo;autres appareils seront mis \u00e0 disposition pour tendre la main aux nombreux esprits d\u00e9rang\u00e9s qui hantent le Vieux-Montr\u00e9al actuel.<\/p>\n\n\n\n<p>Les invit\u00e9s visiteront et enqu\u00eateront sur la rue St-Paul, l&rsquo;une des plus anciennes rues de Montr\u00e9al, et en apprendront davantage sur le port de Montr\u00e9al et l&rsquo;horrible Place Cartier, o\u00f9 les gens ont \u00e9t\u00e9 tortur\u00e9s et humili\u00e9s en public. Nous explorerons le Champ de Mars et enqu\u00eaterons sur les traces paranormales de son histoire militaire, avant de faire un petit tour au mus\u00e9e hant\u00e9 du Ch\u00e2teau Ramezay. Nous conclurons l&rsquo;enqu\u00eate sur la Place Vauquelin, \u00e0 c\u00f4t\u00e9 de l&rsquo;H\u00f4tel de Ville de Montr\u00e9al, qui se trouve au sommet de l&rsquo;ancienne prison de Montr\u00e9al, la tristement c\u00e9l\u00e8bre prison britannique qui fut le th\u00e9\u00e2tre de 44 pendaisons.<\/p>\n\n\n\n<p>Cette exp\u00e9rience surnaturelle est con\u00e7ue pour ceux qui s\u2019int\u00e9ressent au paranormal et \u00e0 la chasse aux fant\u00f4mes, comme en t\u00e9moignent les programmes t\u00e9l\u00e9vis\u00e9s comme Rencontres Paranormal, Most Haunted, Ghost Hunters de TAPS et bien d\u2019autres. Il est \u00e9galement populaire aupr\u00e8s de ceux qui souhaitent en savoir plus sur l\u2019histoire cach\u00e9e et d\u00e9rang\u00e9e de Montr\u00e9al.<\/p>\n\n\n\n<p>L\u2019enqu\u00eate paranormale commence au March\u00e9 Bonsecours, 350 Rue Saint-Paul Est. Il dure environ 2 heures et implique une chasse aux fant\u00f4mes au Champ de Mars, place Vauquelin et place Jacques Cartier. Veuillez arriver environ 5 \u00e0 10 minutes avant le d\u00e9but de l&rsquo;aventure.<\/p>\n\n\n\n<p><em><strong>Remarque : Nous nous r\u00e9servons le droit d&rsquo;annuler, et dans la plupart des cas, une tourn\u00e9e dont moins de cinq billets ont \u00e9t\u00e9 vendus avant 18 heures la veille de l&rsquo;\u00e9v\u00e9nement. Bien entendu, nous rembourserons tous les acheteurs de billets existants lorsque nous le ferons.<\/strong><\/em><\/p>\n\n\n\n<h2 class=\"wp-block-heading\">29.00 $ TPS\/TVQ inclus<\/h2>\n\n\n\n<p>Cet \u00e9v\u00e9nement est \u00e9galement propos\u00e9 en <a href=\"https:\/\/hauntedmontreal.com\/fr\/visites-privees\">visite priv\u00e9e<\/a>.<\/p>\n\n\n\n<div id=\"eventbrite-widget-container-903834241547\"><\/div>\r\n\r\n<script src=\"https:\/\/www.eventbrite.ca\/static\/widgets\/eb_widgets.js\"><\/script>\r\n\r\n<script type=\"text\/javascript\">\r\n    var exampleCallback = function() {\r\n        console.log('Order complete!');\r\n    };\r\n\r\n    window.EBWidgets.createWidget({\r\n        \/\/ Required\r\n        widgetType: 'checkout',\r\n        eventId: '903834241547',\r\n        iframeContainerId: 'eventbrite-widget-container-903834241547',\r\n\r\n        \/\/ Optional\r\n        iframeContainerHeight: 425,  \/\/ Widget height in pixels. Defaults to a minimum of 425px if not provided\r\n        onOrderComplete: exampleCallback  \/\/ Method called when an order has successfully completed\r\n    });\r\n<\/script>\n<\/div>\n\n\n\n<div class=\"wp-block-column is-layout-flow wp-block-column-is-layout-flow\" style=\"flex-basis:33.33%\">\n<figure class=\"wp-block-image size-large\"><img loading=\"lazy\" decoding=\"async\" width=\"1024\" height=\"512\" src=\"https:\/\/hauntedmontreal.com\/wp-content\/uploads\/2024\/06\/Paranormal_OLDMTL_eventbrite_2160x1080px_FR-1024x512.jpg\" alt=\"\" class=\"wp-image-16235\" srcset=\"https:\/\/hauntedmontreal.com\/wp-content\/uploads\/2024\/06\/Paranormal_OLDMTL_eventbrite_2160x1080px_FR-1024x512.jpg 1024w, https:\/\/hauntedmontreal.com\/wp-content\/uploads\/2024\/06\/Paranormal_OLDMTL_eventbrite_2160x1080px_FR-300x150.jpg 300w, https:\/\/hauntedmontreal.com\/wp-content\/uploads\/2024\/06\/Paranormal_OLDMTL_eventbrite_2160x1080px_FR-768x384.jpg 768w, https:\/\/hauntedmontreal.com\/wp-content\/uploads\/2024\/06\/Paranormal_OLDMTL_eventbrite_2160x1080px_FR-1536x768.jpg 1536w, https:\/\/hauntedmontreal.com\/wp-content\/uploads\/2024\/06\/Paranormal_OLDMTL_eventbrite_2160x1080px_FR-2048x1024.jpg 2048w\" sizes=\"auto, (max-width: 1024px) 100vw, 1024px\" \/><\/figure>\n\n\n\n<figure class=\"wp-block-image size-large\"><img loading=\"lazy\" decoding=\"async\" width=\"855\" height=\"1024\" src=\"https:\/\/hauntedmontreal.com\/wp-content\/uploads\/2024\/06\/Old-Montreal-GYG-2-855x1024.jpg\" alt=\"\" class=\"wp-image-16222\" srcset=\"https:\/\/hauntedmontreal.com\/wp-content\/uploads\/2024\/06\/Old-Montreal-GYG-2-855x1024.jpg 855w, https:\/\/hauntedmontreal.com\/wp-content\/uploads\/2024\/06\/Old-Montreal-GYG-2-250x300.jpg 250w, https:\/\/hauntedmontreal.com\/wp-content\/uploads\/2024\/06\/Old-Montreal-GYG-2-768x920.jpg 768w, https:\/\/hauntedmontreal.com\/wp-content\/uploads\/2024\/06\/Old-Montreal-GYG-2.jpg 1280w\" sizes=\"auto, (max-width: 855px) 100vw, 855px\" \/><\/figure>\n\n\n\n<figure class=\"wp-block-image size-full\"><img loading=\"lazy\" decoding=\"async\" width=\"799\" height=\"485\" src=\"https:\/\/hauntedmontreal.com\/wp-content\/uploads\/2024\/06\/HM-para-vm-3.jpg\" alt=\"\" class=\"wp-image-16224\" srcset=\"https:\/\/hauntedmontreal.com\/wp-content\/uploads\/2024\/06\/HM-para-vm-3.jpg 799w, https:\/\/hauntedmontreal.com\/wp-content\/uploads\/2024\/06\/HM-para-vm-3-300x182.jpg 300w, https:\/\/hauntedmontreal.com\/wp-content\/uploads\/2024\/06\/HM-para-vm-3-768x466.jpg 768w\" sizes=\"auto, (max-width: 799px) 100vw, 799px\" \/><\/figure>\n\n\n\n<figure class=\"wp-block-image size-large\"><img loading=\"lazy\" decoding=\"async\" width=\"1024\" height=\"682\" src=\"https:\/\/hauntedmontreal.com\/wp-content\/uploads\/2024\/06\/Old-Montreal-GYG-3-1024x682.jpg\" alt=\"\" class=\"wp-image-16226\" srcset=\"https:\/\/hauntedmontreal.com\/wp-content\/uploads\/2024\/06\/Old-Montreal-GYG-3-1024x682.jpg 1024w, https:\/\/hauntedmontreal.com\/wp-content\/uploads\/2024\/06\/Old-Montreal-GYG-3-300x200.jpg 300w, https:\/\/hauntedmontreal.com\/wp-content\/uploads\/2024\/06\/Old-Montreal-GYG-3-768x512.jpg 768w, https:\/\/hauntedmontreal.com\/wp-content\/uploads\/2024\/06\/Old-Montreal-GYG-3.jpg 1280w\" sizes=\"auto, (max-width: 1024px) 100vw, 1024px\" \/><\/figure>\n<\/div>\n<\/div>\n\n\n\n<p>* Nous vous recommandons de t\u00e9l\u00e9charger toute application de chasse aux fant\u00f4mes que vous souhaitez utiliser \u00e0 l&rsquo;avance!<\/p>\n\n\n\n<div class=\"app-placeholder-calendar\" data-id=\"proj_Ht6LceOutOTJ55J8E3Sje\"><\/div>\r\n<script type=\"text\/javascript\" src=\"\/\/platform.eventscalendar.co\/plugins\/web\/loader.js?app=calendar\" id=\"Inffuse-Loader\"><\/script>\n","protected":false},"excerpt":{"rendered":"<p>Halloween 2025 \u00e0 Montr\u00e9al Anim\u00e9 par Dominique Desormeaux, chasseur de fant\u00f4mes professionnel d&rsquo;Enqu\u00eates 13, \u00ab Enqu\u00eate paranormale \u2013 Vieux-Montr\u00e9al colonial \u00bb de Montr\u00e9al hant\u00e9 emm\u00e8ne les invit\u00e9s dans une sombre aventure dans le monde myst\u00e9rieux de la chasse aux fant\u00f4mes. Fond\u00e9e en 1642, la colonie Ville-Marie a \u00e9t\u00e9 t\u00e9moin d&rsquo;innombrables ex\u00e9cutions publiques, tortures, guerres, d\u00e9capitations,&hellip;<\/p>\n","protected":false},"author":2,"featured_media":16221,"parent":0,"menu_order":0,"comment_status":"closed","ping_status":"closed","template":"","meta":{"footnotes":""},"class_list":["post-16229","page","type-page","status-publish","has-post-thumbnail","hentry","entry","has-media"],"_links":{"self":[{"href":"https:\/\/hauntedmontreal.com\/fr\/wp-json\/wp\/v2\/pages\/16229","targetHints":{"allow":["GET"]}}],"collection":[{"href":"https:\/\/hauntedmontreal.com\/fr\/wp-json\/wp\/v2\/pages"}],"about":[{"href":"https:\/\/hauntedmontreal.com\/fr\/wp-json\/wp\/v2\/types\/page"}],"author":[{"embeddable":true,"href":"https:\/\/hauntedmontreal.com\/fr\/wp-json\/wp\/v2\/users\/2"}],"replies":[{"embeddable":true,"href":"https:\/\/hauntedmontreal.com\/fr\/wp-json\/wp\/v2\/comments?post=16229"}],"version-history":[{"count":7,"href":"https:\/\/hauntedmontreal.com\/fr\/wp-json\/wp\/v2\/pages\/16229\/revisions"}],"predecessor-version":[{"id":17637,"href":"https:\/\/hauntedmontreal.com\/fr\/wp-json\/wp\/v2\/pages\/16229\/revisions\/17637"}],"wp:featuredmedia":[{"embeddable":true,"href":"https:\/\/hauntedmontreal.com\/fr\/wp-json\/wp\/v2\/media\/16221"}],"wp:attachment":[{"href":"https:\/\/hauntedmontreal.com\/fr\/wp-json\/wp\/v2\/media?parent=16229"}],"curies":[{"name":"wp","href":"https:\/\/api.w.org\/{rel}","templated":true}]}}