{"id":14338,"date":"2022-12-11T21:07:00","date_gmt":"2022-12-12T02:07:00","guid":{"rendered":"https:\/\/hauntedmontreal.com\/conteur-fantome-en-tournee"},"modified":"2022-12-11T21:18:03","modified_gmt":"2022-12-12T02:18:03","slug":"conteur-fantome-en-tournee","status":"publish","type":"page","link":"https:\/\/hauntedmontreal.com\/fr\/conteur-fantome-en-tournee","title":{"rendered":"Conteur fant\u00f4me en tourn\u00e9e"},"content":{"rendered":"\n<figure class=\"wp-block-image size-large\"><img loading=\"lazy\" decoding=\"async\" width=\"1024\" height=\"441\" src=\"https:\/\/hauntedmontreal.com\/wp-content\/uploads\/2022\/12\/TRAVELLING_GHOSTSTORYTELLER_FR-1024x441.jpg\" alt=\"\" class=\"wp-image-14341\" srcset=\"https:\/\/hauntedmontreal.com\/wp-content\/uploads\/2022\/12\/TRAVELLING_GHOSTSTORYTELLER_FR-1024x441.jpg 1024w, https:\/\/hauntedmontreal.com\/wp-content\/uploads\/2022\/12\/TRAVELLING_GHOSTSTORYTELLER_FR-300x129.jpg 300w, https:\/\/hauntedmontreal.com\/wp-content\/uploads\/2022\/12\/TRAVELLING_GHOSTSTORYTELLER_FR-768x331.jpg 768w, https:\/\/hauntedmontreal.com\/wp-content\/uploads\/2022\/12\/TRAVELLING_GHOSTSTORYTELLER_FR.jpg 1200w\" sizes=\"auto, (max-width: 1024px) 100vw, 1024px\" \/><\/figure>\n\n\n\n<div class=\"wp-block-columns is-layout-flex wp-container-core-columns-is-layout-28f84493 wp-block-columns-is-layout-flex\">\n<div class=\"wp-block-column is-layout-flow wp-block-column-is-layout-flow\" style=\"flex-basis:66.66%\">\n<h3 class=\"wp-block-heading\">Contes hant\u00e9s en direct lors de votre f\u00eate de bureau, \u00e9v\u00e9nement ou f\u00eate \u00e0 la maison !<\/h3>\n\n\n\n<p>Montr\u00e9al est la ville la plus hant\u00e9e du Canada et l&rsquo;une des plus hant\u00e9e de toute l&rsquo;Am\u00e9rique du Nord. D\u00e9couvrez pourquoi en r\u00e9servant l&rsquo;un de nos conteurs de fant\u00f4mes en tourn\u00e9e pour votre \u00e9v\u00e9nement ou f\u00eate.<\/p>\n\n\n\n<p>Depuis plus d&rsquo;une d\u00e9cennie, Montr\u00e9al hant\u00e9 a effray\u00e9, diverti et inform\u00e9 le public sur nos promenades fant\u00f4mes prim\u00e9es, nos tourn\u00e9es de pubs hant\u00e9s et nos enqu\u00eates paranormales. Maintenant, nous pouvons vous apporter cette exp\u00e9rience hant\u00e9e !<\/p>\n\n\n\n<p>D\u00e9couvrez le fant\u00f4me de la luge du Mont-Royal, la tristement c\u00e9l\u00e8bre Mary sans t\u00eate de Griffintown, les cimeti\u00e8res cach\u00e9s sous les parcs populaires, les bo\u00eetes de nuit hant\u00e9es et d&rsquo;autres histoires effrayantes de tous les coins de Montr\u00e9al. D\u00e9couvrez le pass\u00e9 colonial brutal et sordide de la ville qui a conduit \u00e0 plusieurs hantises encore v\u00e9cues aujourd&rsquo;hui.<\/p>\n\n\n\n<p>Un acteur et conteur professionnel tissera certains des contes les plus populaires, terrifiants et divertissants de nos quatre visites \u00e0 pied en plein air avec des histoires carr\u00e9ment effrayantes d&rsquo;autres coins de la ville pour cr\u00e9er une exp\u00e9rience de narration th\u00e9\u00e2trale qui tente de r\u00e9pondre \u00e0 la question : \u00ab\u00a0Pourquoi Montr\u00e9al est-elle si hant\u00e9e?\u00a0\u00bb<\/p>\n\n\n\n<p>Cet \u00e9v\u00e9nement est parfait pour :<\/p>\n\n\n\n<ul class=\"wp-block-list\">\nF\u00eates de bureau\n\n\n\n\u00c9v\u00e9nements scolaires\n\n\n\nF\u00eates \u00e0 la maison\n\n\n\nF\u00eates d&rsquo;anniversaire (pour cet ami qui adore les histoires de fant\u00f4mes)\n\n\n\nEnterrements de vie de jeune fille\n\n\n\n\u00c9v\u00e9nements d&rsquo;entreprise\n\n\n\nTout rassemblement de personnes int\u00e9ress\u00e9es par les histoires effrayantes, l&rsquo;histoire de Montr\u00e9al et le paranormal\n<\/ul>\n\n\n\n<p>Vous fournissez le lieu, nous fournissons les histoires et le conteur.<\/p>\n\n\n\n<p>Co\u00fbt : 275 $ (+ taxes applicables) jusqu&rsquo;\u00e0 20 personnes, pourvu que votre emplacement soit sur l&rsquo;\u00eele de Montr\u00e9al et \u00e0 proximit\u00e9 d&rsquo;un m\u00e9tro. Des frais suppl\u00e9mentaires s&rsquo;appliquent pour les groupes de plus de 20 personnes et les \u00e9v\u00e9nements hors de notre zone centrale.<\/p>\n\n\n\n<p>Les r\u00e9servations d\u00e9pendent de la disponibilit\u00e9 de nos acteurs.<\/p>\n\n\n\n<p>Cette exp\u00e9rience hant\u00e9e est offerte en fran\u00e7ais et en anglais.<\/p>\n\n\n\n<p><strong>Veuillez contacter info@hauntedmontreal.com pour r\u00e9server votre conteur de fant\u00f4mes en tourn\u00e9e aujourd&rsquo;hui. Veuillez mettre Conteur fant\u00f4me en tourn\u00e9e dans la ligne d&rsquo;objet et pr\u00e9ciser votre lieu, la date et l&rsquo;heure pr\u00e9f\u00e9r\u00e9es, le type d&rsquo;\u00e9v\u00e9nement, le nombre de personnes et la langue pr\u00e9f\u00e9r\u00e9e.<\/strong><\/p>\n<\/div>\n\n\n\n<div class=\"wp-block-column is-layout-flow wp-block-column-is-layout-flow\" style=\"flex-basis:33.33%\">\n<figure class=\"wp-block-image size-full\"><img loading=\"lazy\" decoding=\"async\" width=\"295\" height=\"235\" src=\"https:\/\/hauntedmontreal.com\/wp-content\/uploads\/2022\/12\/Image-17-McTavish-Ghost.jpg\" alt=\"\" class=\"wp-image-14327\"\/><\/figure>\n\n\n\n<p><\/p>\n\n\n\n<figure class=\"wp-block-image size-full\"><img loading=\"lazy\" decoding=\"async\" width=\"693\" height=\"498\" src=\"https:\/\/hauntedmontreal.com\/wp-content\/uploads\/2022\/12\/Image-42-Headless-Mary.jpg\" alt=\"\" class=\"wp-image-14329\" srcset=\"https:\/\/hauntedmontreal.com\/wp-content\/uploads\/2022\/12\/Image-42-Headless-Mary.jpg 693w, https:\/\/hauntedmontreal.com\/wp-content\/uploads\/2022\/12\/Image-42-Headless-Mary-300x216.jpg 300w\" sizes=\"auto, (max-width: 693px) 100vw, 693px\" \/><\/figure>\n\n\n\n<p><\/p>\n\n\n\n<figure class=\"wp-block-image size-full\"><img loading=\"lazy\" decoding=\"async\" width=\"585\" height=\"701\" src=\"https:\/\/hauntedmontreal.com\/wp-content\/uploads\/2022\/12\/Hanging.jpg\" alt=\"\" class=\"wp-image-14331\" srcset=\"https:\/\/hauntedmontreal.com\/wp-content\/uploads\/2022\/12\/Hanging.jpg 585w, https:\/\/hauntedmontreal.com\/wp-content\/uploads\/2022\/12\/Hanging-250x300.jpg 250w\" sizes=\"auto, (max-width: 585px) 100vw, 585px\" \/><\/figure>\n\n\n\n<p><\/p>\n\n\n\n<figure class=\"wp-block-image size-full\"><img loading=\"lazy\" decoding=\"async\" width=\"800\" height=\"400\" src=\"https:\/\/hauntedmontreal.com\/wp-content\/uploads\/2022\/12\/Paranormal-Investigations.jpg\" alt=\"\" class=\"wp-image-14333\" srcset=\"https:\/\/hauntedmontreal.com\/wp-content\/uploads\/2022\/12\/Paranormal-Investigations.jpg 800w, https:\/\/hauntedmontreal.com\/wp-content\/uploads\/2022\/12\/Paranormal-Investigations-300x150.jpg 300w, https:\/\/hauntedmontreal.com\/wp-content\/uploads\/2022\/12\/Paranormal-Investigations-768x384.jpg 768w\" sizes=\"auto, (max-width: 800px) 100vw, 800px\" \/><\/figure>\n<\/div>\n<\/div>\n","protected":false},"excerpt":{"rendered":"<p>Contes hant\u00e9s en direct lors de votre f\u00eate de bureau, \u00e9v\u00e9nement ou f\u00eate \u00e0 la maison ! Montr\u00e9al est la ville la plus hant\u00e9e du Canada et l&rsquo;une des plus hant\u00e9e de toute l&rsquo;Am\u00e9rique du Nord. D\u00e9couvrez pourquoi en r\u00e9servant l&rsquo;un de nos conteurs de fant\u00f4mes en tourn\u00e9e pour votre \u00e9v\u00e9nement ou f\u00eate. Depuis plus&hellip;<\/p>\n","protected":false},"author":2,"featured_media":0,"parent":0,"menu_order":0,"comment_status":"closed","ping_status":"closed","template":"","meta":{"footnotes":""},"class_list":["post-14338","page","type-page","status-publish","hentry","entry","no-media"],"_links":{"self":[{"href":"https:\/\/hauntedmontreal.com\/fr\/wp-json\/wp\/v2\/pages\/14338","targetHints":{"allow":["GET"]}}],"collection":[{"href":"https:\/\/hauntedmontreal.com\/fr\/wp-json\/wp\/v2\/pages"}],"about":[{"href":"https:\/\/hauntedmontreal.com\/fr\/wp-json\/wp\/v2\/types\/page"}],"author":[{"embeddable":true,"href":"https:\/\/hauntedmontreal.com\/fr\/wp-json\/wp\/v2\/users\/2"}],"replies":[{"embeddable":true,"href":"https:\/\/hauntedmontreal.com\/fr\/wp-json\/wp\/v2\/comments?post=14338"}],"version-history":[{"count":2,"href":"https:\/\/hauntedmontreal.com\/fr\/wp-json\/wp\/v2\/pages\/14338\/revisions"}],"predecessor-version":[{"id":14343,"href":"https:\/\/hauntedmontreal.com\/fr\/wp-json\/wp\/v2\/pages\/14338\/revisions\/14343"}],"wp:attachment":[{"href":"https:\/\/hauntedmontreal.com\/fr\/wp-json\/wp\/v2\/media?parent=14338"}],"curies":[{"name":"wp","href":"https:\/\/api.w.org\/{rel}","templated":true}]}}