{"id":14039,"date":"2022-09-12T13:57:57","date_gmt":"2022-09-12T17:57:57","guid":{"rendered":"https:\/\/hauntedmontreal.com\/le-vieux-montreal-hante"},"modified":"2026-04-12T23:26:25","modified_gmt":"2026-04-13T03:26:25","slug":"le-vieux-montreal-hante","status":"publish","type":"page","link":"https:\/\/hauntedmontreal.com\/fr\/le-vieux-montreal-hante","title":{"rendered":"Le Vieux-Montr\u00e9al hant\u00e9"},"content":{"rendered":"\n<div class=\"wp-block-columns is-layout-flex wp-container-core-columns-is-layout-28f84493 wp-block-columns-is-layout-flex\">\n<div class=\"wp-block-column is-layout-flow wp-block-column-is-layout-flow\" style=\"flex-basis:66.66%\">\n<p>Le Vieux-Montr\u00e9al est le quartier le plus hant\u00e9 de la ville. Depuis l\u2019\u00e9poque coloniale, il a \u00e9t\u00e9 t\u00e9moin d\u2019innombrables horreurs \u2014 colonisation brutale, gu\u00e9rilla, trag\u00e9dies indicibles, crimes odieux et ex\u00e9cutions choquantes. <\/p>\n\n\n\n<p>Ces \u00e9pisodes sombres ont travers\u00e9 le temps, cr\u00e9ant des l\u00e9gendes d\u00e9routantes, une histoire hant\u00e9e et une pl\u00e9thore de fant\u00f4mes et d\u2019activit\u00e9s paranormales.<\/p>\n\n\n\n<p>Le Vieux-Montr\u00e9al est impr\u00e9gn\u00e9 d\u2019histoire. Avec ses rues couvertes de pav\u00e9s et ses b\u00e2timents us\u00e9s par le temps dont certains datent des ann\u00e9es 1600, c\u2019est un quartier populaire aupr\u00e8s des touristes et des r\u00e9sidents<\/p>\n\n\n\n<p>Cependant, en tant que si\u00e8ge du pouvoir colonial, il poss\u00e8de aussi un c\u00f4t\u00e9 extr\u00eamement sombre et inqui\u00e9tant. Remontez le temps dans le quartier le plus charg\u00e9 d\u2019histoire de Montr\u00e9al.<\/p>\n\n\n\n<p>La promenade fant\u00f4me du Vieux-Montr\u00e9al hant\u00e9, la visite de la Place d\u2019Armes, les Cours Le Royer, le quartier du Palais de Justice, la place Vauquelin, le Champs-de-Mars, la place Jacques Cartier et le tristement c\u00e9l\u00e8bre Ch\u00e2teau Ramezay. Ces quartiers regorgent tous d\u2019activit\u00e9s paranormales et d\u2019apparitions de fant\u00f4mes.<\/p>\n\n\n\n<p>D\u00e9couvrez l\u2019histoire choquante de Marie-Joseph Ang\u00e9lique, une femme esclave qui fut pendue \u00e0 l\u2019\u00e9poque de la Nouvelle-France pour avoir pr\u00e9tendument d\u00e9clench\u00e9 un incendie d\u00e9vastateur. Bien qu\u2019il n\u2019y ait eu aucun t\u00e9moin, elle avoua sous la torture et fut ensuite ex\u00e9cut\u00e9e.<\/p>\n\n\n\n<p>Entendez parler du d\u00e9mon et des incendies de l\u2019h\u00f4pital de l\u2019H\u00f4tel-Dieu ainsi que du fant\u00f4me de Jeanne Le Ber, une recluse catholique qui se flagellait fr\u00e9quemment.<\/p>\n\n\n\n<p>Visitez le site de la premi\u00e8re prison britannique de Montr\u00e9al, la tristement c\u00e9l\u00e8bre Prison de Montr\u00e9al. Bien qu\u2019il ne reste aujourd\u2019hui que les cellules sous la pittoresque place Vauquelin, le secteur est le th\u00e9\u00e2tre de nombreuses activit\u00e9s hant\u00e9es. <\/p>\n\n\n\n<p>Le Champs-de-Mars tout pr\u00e8s \u00e9tait le site le plus pris\u00e9 de l\u2019Empire britannique pour assister \u00e0 une ex\u00e9cution publique. La g\u00e9ographie en pente et la vue imprenable sur les criminels subissant la pendaison constituaient le cadre id\u00e9al pour que les parents puissent donner leurs enfants des le\u00e7ons sur la moralit\u00e9 et le respect de la loi au cours de stimulants pique-nique.<\/p>\n\n\n\n<p>D\u00e9couvrez le Ch\u00e2teau Ramezay, un mus\u00e9e du XVIIIe, lieu d\u2019activit\u00e9 paranormale o\u00f9 le fant\u00f4me d\u2019une ancienne gardienne nomm\u00e9e Miss O\u2019Dowd terrifie les visiteurs avec ses pitreries grin\u00e7antes. <\/p>\n\n\n\n<p>Guid\u00e9e par un acteur doubl\u00e9 d\u2019un conteur professionnel, cette visite spectrale ne manquera pas de plaire aux chasseurs de fant\u00f4mes, aux passionn\u00e9s d\u2019histoire et aux amateurs d\u2019Halloween avec ses r\u00e9cits effrayants d\u2019activit\u00e9 paranormale et les esprits fantomatiques qui hantent le Vieux-Montr\u00e9al.<\/p>\n\n\n\n<p>Veuillez noter qu&rsquo;en raison de travaux de construction. notre visite fant\u00f4me du Vieux-Montr\u00e9al hant\u00e9 a chang\u00e9 de lieu de d\u00e9part ! Notre ancien emplacement, le Parc de la Presse, est cl\u00f4tur\u00e9 pour des am\u00e9liorations. Ainsi, les visites fant\u00f4mes du Vieux-Montr\u00e9al hant\u00e9 ont d\u00e9m\u00e9nag\u00e9 et d\u00e9buteront d\u00e9sormais \u00e0 la myst\u00e9rieuse horloge de la Banque de Montr\u00e9al.<\/p>\n\n\n\n<p><strong>Les invit\u00e9s sont invit\u00e9s \u00e0 rencontrer le guide \u00e0 c\u00f4t\u00e9 de l&rsquo;horloge de la Banque de Montr\u00e9al, devant le 155, rue Saint-Jacques. L&#8217;emplacement est \u00e0 l&rsquo;angle nord-est des rues Saint-Fran\u00e7ois-Xavier et Saint-Jacques, tout pr\u00e8s du m\u00e9tro Place d&rsquo;Armes sur la ligne orange.<\/strong><\/p>\n\n\n\n<p>Veuillez retrouver votre guide au moins 10 minutes avant le d\u00e9but de la visite.<\/p>\n\n\n\n<p><strong><em>Nous nous r\u00e9servons le droit d&rsquo;annuler une visite qui a moins de cinq billets vendus avant 18h la veille de l&rsquo;\u00e9v\u00e9nement (et dans la plupart des cas, nous le ferons). Bien entendu, nous rembourserons tous les acheteurs de billets existants si et quand nous annulons.<\/em><\/strong><\/p>\n\n\n\n<p><strong>Cet \u00e9v\u00e9nement est \u00e9galement propos\u00e9 en tant que <a href=\"https:\/\/hauntedmontreal.com\/fr\/visites-privees\">visite priv\u00e9e<\/a>.<\/strong><\/p>\n\n\n\n<h2 class=\"wp-block-heading\">Billets: 30.00 $ (TPS\/TVQ inclus)<\/h2>\n\n\n\n<div id=\"eventbrite-widget-container-824286381757\"><\/div>\n\n<script src=\"https:\/\/www.eventbrite.ca\/static\/widgets\/eb_widgets.js\"><\/script>\n\n<script type=\"text\/javascript\">\n    var exampleCallback = function() {\n        console.log('Order complete!');\n    };\n\n    window.EBWidgets.createWidget({\n        \/\/ Required\n        widgetType: 'checkout',\n        eventId: '824286381757',\n        iframeContainerId: 'eventbrite-widget-container-824286381757',\n\n        \/\/ Optional\n        iframeContainerHeight: 625,  \/\/ Widget height in pixels. Defaults to a minimum of 625px if not provided\n\n        onOrderComplete: exampleCallback  \/\/ Method called when an order has successfully completed\n    });\n<\/script>\n\n\n\n<ul class=\"wp-block-list\">\n<li> Pour les visites en anglais, veuillez consulter <a href=\"https:\/\/hauntedmontreal.com\/fr\/le-vieux-montreal-hante\" data-type=\"URL\" data-id=\"https:\/\/hauntedmontreal.com\/haunted-old-montreal\">Haunted Old Montreal<\/a><\/li>\n<\/ul>\n\n\n\n<p>Note: Si vous n\u2019\u00eates pas en mesure d\u2019utiliser Eventbrite, vous pouvez \u00e9galement r\u00e9server votre place par courriel \u00e0 info@hauntedmontreal.com et payer en argent comptant au d\u00e9but de la visite. Cette option est uniquement si vous \u00eates certain \u00e0 100% d\u2019assister \u00e0 l\u2019\u00e9v\u00e9nement, m\u00eame s\u2019il pleut. Nous acceptons un maximum de 4 r\u00e9servations en esp\u00e8ces par client.<\/p>\n\n\n\n<p>N\u2019oubliez pas d\u2019indiquer quelle visite guid\u00e9e vous int\u00e9resse, la date et le nombre de places que vous voulez r\u00e9server, nous vous r\u00e9pondrons dans les meilleurs d\u00e9lais.<\/p>\n<\/div>\n\n\n\n<div class=\"wp-block-column is-layout-flow wp-block-column-is-layout-flow\" style=\"flex-basis:33.33%\">\n<figure class=\"wp-block-image size-full\"><img loading=\"lazy\" decoding=\"async\" width=\"1024\" height=\"726\" src=\"https:\/\/hauntedmontreal.com\/wp-content\/uploads\/2022\/09\/Chateau-Ramezay.jpg\" alt=\"\" class=\"wp-image-14018\" srcset=\"https:\/\/hauntedmontreal.com\/wp-content\/uploads\/2022\/09\/Chateau-Ramezay.jpg 1024w, https:\/\/hauntedmontreal.com\/wp-content\/uploads\/2022\/09\/Chateau-Ramezay-300x213.jpg 300w, https:\/\/hauntedmontreal.com\/wp-content\/uploads\/2022\/09\/Chateau-Ramezay-768x545.jpg 768w\" sizes=\"auto, (max-width: 1024px) 100vw, 1024px\" \/><\/figure>\n\n\n\n<figure class=\"wp-block-image size-full\"><img loading=\"lazy\" decoding=\"async\" width=\"585\" height=\"701\" src=\"https:\/\/hauntedmontreal.com\/wp-content\/uploads\/2022\/09\/Hanging.jpg\" alt=\"\" class=\"wp-image-14022\" srcset=\"https:\/\/hauntedmontreal.com\/wp-content\/uploads\/2022\/09\/Hanging.jpg 585w, https:\/\/hauntedmontreal.com\/wp-content\/uploads\/2022\/09\/Hanging-250x300.jpg 250w\" sizes=\"auto, (max-width: 585px) 100vw, 585px\" \/><\/figure>\n\n\n\n<figure class=\"wp-block-image size-large\"><img loading=\"lazy\" decoding=\"async\" width=\"1024\" height=\"678\" src=\"https:\/\/hauntedmontreal.com\/wp-content\/uploads\/2022\/09\/Demon-Fountain-1024x678.jpg\" alt=\"\" class=\"wp-image-14024\" srcset=\"https:\/\/hauntedmontreal.com\/wp-content\/uploads\/2022\/09\/Demon-Fountain-1024x678.jpg 1024w, https:\/\/hauntedmontreal.com\/wp-content\/uploads\/2022\/09\/Demon-Fountain-300x199.jpg 300w, https:\/\/hauntedmontreal.com\/wp-content\/uploads\/2022\/09\/Demon-Fountain-768x508.jpg 768w, https:\/\/hauntedmontreal.com\/wp-content\/uploads\/2022\/09\/Demon-Fountain.jpg 1450w\" sizes=\"auto, (max-width: 1024px) 100vw, 1024px\" \/><\/figure>\n\n\n\n<figure class=\"wp-block-image size-large\"><img loading=\"lazy\" decoding=\"async\" width=\"1024\" height=\"660\" src=\"https:\/\/hauntedmontreal.com\/wp-content\/uploads\/2022\/09\/Hotel-Dieu-1-1024x660.jpg\" alt=\"\" class=\"wp-image-14026\" srcset=\"https:\/\/hauntedmontreal.com\/wp-content\/uploads\/2022\/09\/Hotel-Dieu-1-1024x660.jpg 1024w, https:\/\/hauntedmontreal.com\/wp-content\/uploads\/2022\/09\/Hotel-Dieu-1-300x193.jpg 300w, https:\/\/hauntedmontreal.com\/wp-content\/uploads\/2022\/09\/Hotel-Dieu-1-768x495.jpg 768w, https:\/\/hauntedmontreal.com\/wp-content\/uploads\/2022\/09\/Hotel-Dieu-1.jpg 1243w\" sizes=\"auto, (max-width: 1024px) 100vw, 1024px\" \/><\/figure>\n\n\n\n<figure class=\"wp-block-image size-full\"><img loading=\"lazy\" decoding=\"async\" width=\"640\" height=\"640\" src=\"https:\/\/hauntedmontreal.com\/wp-content\/uploads\/2022\/09\/Torture-Wheel.jpg\" alt=\"\" class=\"wp-image-14036\" srcset=\"https:\/\/hauntedmontreal.com\/wp-content\/uploads\/2022\/09\/Torture-Wheel.jpg 640w, https:\/\/hauntedmontreal.com\/wp-content\/uploads\/2022\/09\/Torture-Wheel-300x300.jpg 300w, https:\/\/hauntedmontreal.com\/wp-content\/uploads\/2022\/09\/Torture-Wheel-150x150.jpg 150w, https:\/\/hauntedmontreal.com\/wp-content\/uploads\/2022\/09\/Torture-Wheel-45x45.jpg 45w\" sizes=\"auto, (max-width: 640px) 100vw, 640px\" \/><\/figure>\n\n\n\n<figure class=\"wp-block-image size-large\"><img loading=\"lazy\" decoding=\"async\" width=\"1024\" height=\"678\" src=\"https:\/\/hauntedmontreal.com\/wp-content\/uploads\/2022\/09\/St-Paul-Street-1-1024x678.jpg\" alt=\"\" class=\"wp-image-14032\" srcset=\"https:\/\/hauntedmontreal.com\/wp-content\/uploads\/2022\/09\/St-Paul-Street-1-1024x678.jpg 1024w, https:\/\/hauntedmontreal.com\/wp-content\/uploads\/2022\/09\/St-Paul-Street-1-300x199.jpg 300w, https:\/\/hauntedmontreal.com\/wp-content\/uploads\/2022\/09\/St-Paul-Street-1-768x509.jpg 768w, https:\/\/hauntedmontreal.com\/wp-content\/uploads\/2022\/09\/St-Paul-Street-1.jpg 1255w\" sizes=\"auto, (max-width: 1024px) 100vw, 1024px\" \/><\/figure>\n\n\n\n<figure class=\"wp-block-image size-full\"><img loading=\"lazy\" decoding=\"async\" width=\"391\" height=\"472\" src=\"https:\/\/hauntedmontreal.com\/wp-content\/uploads\/2022\/09\/Plaque-in-Mohawk.jpg\" alt=\"\" class=\"wp-image-14034\" srcset=\"https:\/\/hauntedmontreal.com\/wp-content\/uploads\/2022\/09\/Plaque-in-Mohawk.jpg 391w, https:\/\/hauntedmontreal.com\/wp-content\/uploads\/2022\/09\/Plaque-in-Mohawk-249x300.jpg 249w\" sizes=\"auto, (max-width: 391px) 100vw, 391px\" \/><\/figure>\n<\/div>\n<\/div>\n\n\n\n<div class=\"app-placeholder-calendar\" data-id=\"proj_oPaj7Gz2xOYj0yhxF0Xwl\"><\/div>\n<script type=\"text\/javascript\" src=\"\/\/platform.eventscalendar.co\/plugins\/web\/loader.js?app=calendar\" id=\"Inffuse-Loader\"><\/script>\n","protected":false},"excerpt":{"rendered":"<p>Le Vieux-Montr\u00e9al est le quartier le plus hant\u00e9 de la ville. Depuis l\u2019\u00e9poque coloniale, il a \u00e9t\u00e9 t\u00e9moin d\u2019innombrables horreurs \u2014 colonisation brutale, gu\u00e9rilla, trag\u00e9dies indicibles, crimes odieux et ex\u00e9cutions choquantes. Ces \u00e9pisodes sombres ont travers\u00e9 le temps, cr\u00e9ant des l\u00e9gendes d\u00e9routantes, une histoire hant\u00e9e et une pl\u00e9thore de fant\u00f4mes et d\u2019activit\u00e9s paranormales. Le Vieux-Montr\u00e9al&hellip;<\/p>\n","protected":false},"author":2,"featured_media":0,"parent":0,"menu_order":0,"comment_status":"closed","ping_status":"closed","template":"","meta":{"footnotes":""},"class_list":["post-14039","page","type-page","status-publish","hentry","entry","no-media"],"_links":{"self":[{"href":"https:\/\/hauntedmontreal.com\/fr\/wp-json\/wp\/v2\/pages\/14039","targetHints":{"allow":["GET"]}}],"collection":[{"href":"https:\/\/hauntedmontreal.com\/fr\/wp-json\/wp\/v2\/pages"}],"about":[{"href":"https:\/\/hauntedmontreal.com\/fr\/wp-json\/wp\/v2\/types\/page"}],"author":[{"embeddable":true,"href":"https:\/\/hauntedmontreal.com\/fr\/wp-json\/wp\/v2\/users\/2"}],"replies":[{"embeddable":true,"href":"https:\/\/hauntedmontreal.com\/fr\/wp-json\/wp\/v2\/comments?post=14039"}],"version-history":[{"count":10,"href":"https:\/\/hauntedmontreal.com\/fr\/wp-json\/wp\/v2\/pages\/14039\/revisions"}],"predecessor-version":[{"id":18169,"href":"https:\/\/hauntedmontreal.com\/fr\/wp-json\/wp\/v2\/pages\/14039\/revisions\/18169"}],"wp:attachment":[{"href":"https:\/\/hauntedmontreal.com\/fr\/wp-json\/wp\/v2\/media?parent=14039"}],"curies":[{"name":"wp","href":"https:\/\/api.w.org\/{rel}","templated":true}]}}