{"id":12666,"date":"2021-11-12T14:30:15","date_gmt":"2021-11-12T19:30:15","guid":{"rendered":"https:\/\/hauntedmontreal.com\/certificats-cadeaux"},"modified":"2023-04-17T23:49:13","modified_gmt":"2023-04-18T03:49:13","slug":"certificats-cadeaux","status":"publish","type":"page","link":"https:\/\/hauntedmontreal.com\/fr\/certificats-cadeaux","title":{"rendered":"Certificats-cadeaux"},"content":{"rendered":"\n<div class=\"wp-block-columns is-layout-flex wp-container-core-columns-is-layout-28f84493 wp-block-columns-is-layout-flex\">\n<div class=\"wp-block-column is-layout-flow wp-block-column-is-layout-flow\" style=\"flex-basis:66.66%\">\n<p>Envoyez \u00e0 quelqu&rsquo;un (ou \u00e0 vous-m\u00eame) un ch\u00e8que-cadeau Montr\u00e9al hant\u00e9. \u00c9changeable via Eventbrite contre des billets pour toutes nos exp\u00e9riences hant\u00e9es en personne ou virtuelles.<\/p>\n\n\n\n<p>Choisissez le montant que vous voulez et commandez ci-dessous (protip: un billet pour une exp\u00e9rience en personne co\u00fbte 26.00 $ tout compris et deux co\u00fbtent 52 $)<\/p>\n\n\n<div class=\"gift-up-target\" \r\n            data-site-id=\"77d6c562-9e17-40d0-839f-29c067e31590\" \r\n            data-domain=\"\"\r\n            data-product-id=\"\"\r\n            data-group-id=\"\"\r\n            data-payment-methods=\"\"\r\n            data-language=\"\"\r\n            data-purchaser-name=\"\"\r\n            data-purchaser-email=\"\"\r\n            data-recipient-name=\"\"\r\n            data-recipient-email=\"\"\r\n            data-step=\"\"\r\n            data-who-for=\"\"\r\n            data-promo-code=\"\"\r\n            data-hide-artwork=\"\"\r\n            data-hide-groups=\"\"\r\n            data-hide-ungrouped-items=\"\"\r\n            data-hide-custom-value=\"\"\r\n            data-custom-value-amount=\"\"\r\n            data-referrer=\"\"\r\n            data-platform=\"Wordpress\"\r\n        ><\/div>\r\n        <script type=\"text\/javascript\">\r\n        (function (g, i, f, t, u, p, s) {\r\n            g[u] = g[u] || function() { (g[u].q = g[u].q || []).push(arguments) };\r\n            p = i.createElement(f);\r\n            p.async = 1;\r\n            p.src = t;\r\n            s = i.getElementsByTagName(f)[0];\r\n            s.parentNode.insertBefore(p, s);\r\n        })(window, document, 'script', 'https:\/\/cdn.giftup.app\/dist\/gift-up.js', 'giftup');\r\n        <\/script>\n<\/div>\n\n\n\n<div class=\"wp-block-column is-layout-flow wp-block-column-is-layout-flow\" style=\"flex-basis:33.33%\">\n<figure class=\"wp-block-image size-full\"><img loading=\"lazy\" decoding=\"async\" width=\"295\" height=\"235\" src=\"https:\/\/hauntedmontreal.com\/wp-content\/uploads\/2021\/02\/IMAGE-36-McTavish-Ghost.jpg\" alt=\"\" class=\"wp-image-11599\"\/><\/figure>\n\n\n\n<figure class=\"wp-block-image size-large\"><img loading=\"lazy\" decoding=\"async\" width=\"1024\" height=\"512\" src=\"https:\/\/hauntedmontreal.com\/wp-content\/uploads\/2018\/10\/Haunted-Downtown-on-Eventbrite-1024x512.jpg\" alt=\"\" class=\"wp-image-7611\" srcset=\"https:\/\/hauntedmontreal.com\/wp-content\/uploads\/2018\/10\/Haunted-Downtown-on-Eventbrite-1024x512.jpg 1024w, https:\/\/hauntedmontreal.com\/wp-content\/uploads\/2018\/10\/Haunted-Downtown-on-Eventbrite-300x150.jpg 300w, https:\/\/hauntedmontreal.com\/wp-content\/uploads\/2018\/10\/Haunted-Downtown-on-Eventbrite-768x384.jpg 768w, https:\/\/hauntedmontreal.com\/wp-content\/uploads\/2018\/10\/Haunted-Downtown-on-Eventbrite.jpg 2000w\" sizes=\"auto, (max-width: 1024px) 100vw, 1024px\" \/><\/figure>\n\n\n\n<figure class=\"wp-block-image size-full\"><img loading=\"lazy\" decoding=\"async\" width=\"892\" height=\"728\" src=\"https:\/\/hauntedmontreal.com\/wp-content\/uploads\/2020\/10\/haunted-montreal-haunted-griffintown-mary-gallagher.png\" alt=\"\" class=\"wp-image-11076\" srcset=\"https:\/\/hauntedmontreal.com\/wp-content\/uploads\/2020\/10\/haunted-montreal-haunted-griffintown-mary-gallagher.png 892w, https:\/\/hauntedmontreal.com\/wp-content\/uploads\/2020\/10\/haunted-montreal-haunted-griffintown-mary-gallagher-300x245.png 300w, https:\/\/hauntedmontreal.com\/wp-content\/uploads\/2020\/10\/haunted-montreal-haunted-griffintown-mary-gallagher-768x627.png 768w\" sizes=\"auto, (max-width: 892px) 100vw, 892px\" \/><\/figure>\n\n\n\n<figure class=\"wp-block-image size-full\"><img loading=\"lazy\" decoding=\"async\" width=\"1024\" height=\"624\" src=\"https:\/\/hauntedmontreal.com\/wp-content\/uploads\/2020\/09\/haunted-pub-crawl-haunted-montreal-flyer.jpg\" alt=\"\" class=\"wp-image-10882\" srcset=\"https:\/\/hauntedmontreal.com\/wp-content\/uploads\/2020\/09\/haunted-pub-crawl-haunted-montreal-flyer.jpg 1024w, https:\/\/hauntedmontreal.com\/wp-content\/uploads\/2020\/09\/haunted-pub-crawl-haunted-montreal-flyer-300x183.jpg 300w, https:\/\/hauntedmontreal.com\/wp-content\/uploads\/2020\/09\/haunted-pub-crawl-haunted-montreal-flyer-768x468.jpg 768w\" sizes=\"auto, (max-width: 1024px) 100vw, 1024px\" \/><\/figure>\n\n\n\n<figure class=\"wp-block-image size-full\"><img loading=\"lazy\" decoding=\"async\" width=\"800\" height=\"400\" src=\"https:\/\/hauntedmontreal.com\/wp-content\/uploads\/2021\/02\/Paranormal-Investigations.jpg\" alt=\"\" class=\"wp-image-11674\" srcset=\"https:\/\/hauntedmontreal.com\/wp-content\/uploads\/2021\/02\/Paranormal-Investigations.jpg 800w, https:\/\/hauntedmontreal.com\/wp-content\/uploads\/2021\/02\/Paranormal-Investigations-300x150.jpg 300w, https:\/\/hauntedmontreal.com\/wp-content\/uploads\/2021\/02\/Paranormal-Investigations-768x384.jpg 768w\" sizes=\"auto, (max-width: 800px) 100vw, 800px\" \/><\/figure>\n\n\n\n<figure class=\"wp-block-image size-full\"><img loading=\"lazy\" decoding=\"async\" width=\"1024\" height=\"512\" src=\"https:\/\/hauntedmontreal.com\/wp-content\/uploads\/2021\/09\/virtual.jpg\" alt=\"\" class=\"wp-image-12378\" srcset=\"https:\/\/hauntedmontreal.com\/wp-content\/uploads\/2021\/09\/virtual.jpg 1024w, https:\/\/hauntedmontreal.com\/wp-content\/uploads\/2021\/09\/virtual-300x150.jpg 300w, https:\/\/hauntedmontreal.com\/wp-content\/uploads\/2021\/09\/virtual-768x384.jpg 768w\" sizes=\"auto, (max-width: 1024px) 100vw, 1024px\" \/><\/figure>\n<\/div>\n<\/div>\n","protected":false},"excerpt":{"rendered":"<p>Envoyez \u00e0 quelqu&rsquo;un (ou \u00e0 vous-m\u00eame) un ch\u00e8que-cadeau Montr\u00e9al hant\u00e9. \u00c9changeable via Eventbrite contre des billets pour toutes nos exp\u00e9riences hant\u00e9es en personne ou virtuelles. Choisissez le montant que vous voulez et commandez ci-dessous (protip: un billet pour une exp\u00e9rience en personne co\u00fbte 26.00 $ tout compris et deux co\u00fbtent 52 $)<\/p>\n","protected":false},"author":2,"featured_media":0,"parent":0,"menu_order":0,"comment_status":"closed","ping_status":"closed","template":"","meta":{"footnotes":""},"class_list":["post-12666","page","type-page","status-publish","hentry","entry","no-media"],"_links":{"self":[{"href":"https:\/\/hauntedmontreal.com\/fr\/wp-json\/wp\/v2\/pages\/12666","targetHints":{"allow":["GET"]}}],"collection":[{"href":"https:\/\/hauntedmontreal.com\/fr\/wp-json\/wp\/v2\/pages"}],"about":[{"href":"https:\/\/hauntedmontreal.com\/fr\/wp-json\/wp\/v2\/types\/page"}],"author":[{"embeddable":true,"href":"https:\/\/hauntedmontreal.com\/fr\/wp-json\/wp\/v2\/users\/2"}],"replies":[{"embeddable":true,"href":"https:\/\/hauntedmontreal.com\/fr\/wp-json\/wp\/v2\/comments?post=12666"}],"version-history":[{"count":3,"href":"https:\/\/hauntedmontreal.com\/fr\/wp-json\/wp\/v2\/pages\/12666\/revisions"}],"predecessor-version":[{"id":14863,"href":"https:\/\/hauntedmontreal.com\/fr\/wp-json\/wp\/v2\/pages\/12666\/revisions\/14863"}],"wp:attachment":[{"href":"https:\/\/hauntedmontreal.com\/fr\/wp-json\/wp\/v2\/media?parent=12666"}],"curies":[{"name":"wp","href":"https:\/\/api.w.org\/{rel}","templated":true}]}}