{"id":12381,"date":"2021-09-09T16:41:18","date_gmt":"2021-09-09T20:41:18","guid":{"rendered":"https:\/\/hauntedmontreal.com\/visites-privees"},"modified":"2026-03-04T13:18:14","modified_gmt":"2026-03-04T18:18:14","slug":"visites-privees","status":"publish","type":"page","link":"https:\/\/hauntedmontreal.com\/fr\/visites-privees","title":{"rendered":"Visites priv\u00e9es"},"content":{"rendered":"\n<div class=\"wp-block-columns is-layout-flex wp-container-core-columns-is-layout-28f84493 wp-block-columns-is-layout-flex\">\n<div class=\"wp-block-column is-layout-flow wp-block-column-is-layout-flow\" style=\"flex-basis:66.66%\">\n<p>Montr\u00e9al hant\u00e9 propose des visites priv\u00e9es pour toutes nos promenades fant\u00f4mes et autres exp\u00e9riences en fonction de la disponibilit\u00e9 de nos acteurs. Ceux-ci inclus :<\/p>\n\n\n\n<ul class=\"wp-block-list\">\n<li><a href=\"https:\/\/hauntedmontreal.com\/fr\/le-vieux-montreal-hante\">La visite du Vieux-Montr\u00e9al hant\u00e9<\/a><\/li>\n\n\n\n<li><a href=\"https:\/\/hauntedmontreal.com\/fr\/le-centre-ville-hante\">La visite du centre-ville hant\u00e9<\/a><\/li>\n\n\n\n<li><a href=\"https:\/\/hauntedmontreal.com\/fr\/mont-royal-hante\">La visite de Mont-Royal hant\u00e9<\/a><\/li>\n\n\n\n<li><a href=\"https:\/\/hauntedmontreal.com\/fr\/griffintown-hantee\">La visite de Griffintown hant\u00e9<\/a><\/li>\n\n\n\n<li><a href=\"https:\/\/hauntedmontreal.com\/fr\/enquete-paranormale-vieux-cimetiere-sainte-antoine\">Enqu\u00eate sur le paranormal dans le vieux cimeti\u00e8re Sainte-Antoine<\/a><\/li>\n\n\n\n<li><a href=\"https:\/\/hauntedmontreal.com\/fr\/tour-hante-virtuel\">Visite virtuelle des fant\u00f4mes<\/a><\/li>\n\n\n\n<li><a href=\"https:\/\/hauntedmontreal.com\/fr\/pub-crawl-de-montreal-hante\" data-type=\"URL\" data-id=\"https:\/\/hauntedmontreal.com\/fr\/pub-crawl-de-montreal-hante\">Tourn\u00e9e des bars hant\u00e9<\/a><\/li>\n<\/ul>\n\n\n\n<p>Les visites priv\u00e9es de Montr\u00e9al hant\u00e9 sont id\u00e9ales pour :<\/p>\n\n\n\n<ul class=\"wp-block-list\">\n<li>Groupes de touristes<\/li>\n\n\n\n<li>Groupes corporatifs<\/li>\n\n\n\n<li>Groupes scolaires<\/li>\n\n\n\n<li>Enterrements de vie de jeune fille<\/li>\n\n\n\n<li>Rassemblements de tous types<\/li>\n<\/ul>\n\n\n\n<p>Les prix sont bas\u00e9s sur le nombre de participants :<\/p>\n\n\n\n<ul class=\"wp-block-list\">\n<li>1 \u2013 8 participants: 250 $ forfaitaire<\/li>\n\n\n\n<li>9 \u2013 20 participants: 29 $ par personne<\/li>\n\n\n\n<li>21-35 participants 27.75 $ par personne<\/li>\n\n\n\n<li>36+ participants 26 $ par personne<\/li>\n<\/ul>\n\n\n\n<p>+ TPS\/TVQ<\/p>\n\n\n\n<p>Pour les groupes scolaires, nous offrons un billet gratuit par 10 \u00e9l\u00e8ves pour les accompagnateurs ou les enseignants.<\/p>\n\n\n\n<p>Nous sommes \u00e9galement flexibles avec les prix pour les \u00e9coles et les groupes d\u00e9favoris\u00e9s.<\/p>\n\n\n\n<p>Pour r\u00e9server une visite priv\u00e9e, veuillez contacter info@hauntedmontreal.com avec les d\u00e9tails suivants :<\/p>\n\n\n\n<ol class=\"wp-block-list\">\n<li>Quelle visite ou exp\u00e9rience souhaitez-vous r\u00e9server ?<\/li>\n\n\n\n<li>Quelle langue (fran\u00e7ais ou anglais) ?<\/li>\n\n\n\n<li>Pour quelle date et heure souhaitez-vous r\u00e9server ?<\/li>\n\n\n\n<li>Pour quel type de groupe souhaitez-vous r\u00e9server ?<\/li>\n<\/ol>\n\n\n\n<p>Une fois que Montr\u00e9al hant\u00e9 a cette information, nous v\u00e9rifierons si un acteur est disponible.<\/p>\n\n\n\n<p>Si un acteur est disponible, Montr\u00e9al hant\u00e9 confirmera puis enverra une facture qui doit \u00eatre pay\u00e9e au moins 48 heures avant la visite priv\u00e9e.<\/p>\n\n\n\n<p><strong>Remarque : Si vous r\u00e9servez une tourn\u00e9e priv\u00e9e des bars hant\u00e9s, nous vous demandons d&rsquo;en faire la demande au moins une semaine \u00e0 l&rsquo;avance, car nous devons confirmer la disponibilit\u00e9 aupr\u00e8s des trois bars en plus de r\u00e9server le guide. De plus, nous utilisons des espaces priv\u00e9s dans les bars \u00e0 des moments o\u00f9 ils ne sont pas ouverts au public, donc les vendredis et samedis soirs et nuits ne sont pas possibles. Cela ne s&rsquo;applique pas aux visites en plein air.<\/strong><\/p>\n\n\n\n<p><\/p>\n<\/div>\n\n\n\n<div class=\"wp-block-column is-layout-flow wp-block-column-is-layout-flow\" style=\"flex-basis:33.33%\">\n<figure class=\"wp-block-image size-full\"><img loading=\"lazy\" decoding=\"async\" width=\"295\" height=\"235\" src=\"https:\/\/hauntedmontreal.com\/wp-content\/uploads\/2021\/02\/IMAGE-36-McTavish-Ghost.jpg\" alt=\"\" class=\"wp-image-11599\"\/><\/figure>\n\n\n\n<figure class=\"wp-block-image size-full\"><img loading=\"lazy\" decoding=\"async\" width=\"800\" height=\"400\" src=\"https:\/\/hauntedmontreal.com\/wp-content\/uploads\/2021\/02\/haunted-downtown-promo.jpg\" alt=\"\" class=\"wp-image-11654\" srcset=\"https:\/\/hauntedmontreal.com\/wp-content\/uploads\/2021\/02\/haunted-downtown-promo.jpg 800w, https:\/\/hauntedmontreal.com\/wp-content\/uploads\/2021\/02\/haunted-downtown-promo-300x150.jpg 300w, https:\/\/hauntedmontreal.com\/wp-content\/uploads\/2021\/02\/haunted-downtown-promo-768x384.jpg 768w\" sizes=\"auto, (max-width: 800px) 100vw, 800px\" \/><\/figure>\n\n\n\n<figure class=\"wp-block-image size-full\"><img loading=\"lazy\" decoding=\"async\" width=\"544\" height=\"493\" src=\"https:\/\/hauntedmontreal.com\/wp-content\/uploads\/2019\/05\/Headless-Mary.jpg\" alt=\"\" class=\"wp-image-8616\" srcset=\"https:\/\/hauntedmontreal.com\/wp-content\/uploads\/2019\/05\/Headless-Mary.jpg 544w, https:\/\/hauntedmontreal.com\/wp-content\/uploads\/2019\/05\/Headless-Mary-300x272.jpg 300w\" sizes=\"auto, (max-width: 544px) 100vw, 544px\" \/><\/figure>\n\n\n\n<figure class=\"wp-block-image size-full\"><img loading=\"lazy\" decoding=\"async\" width=\"800\" height=\"400\" src=\"https:\/\/hauntedmontreal.com\/wp-content\/uploads\/2021\/02\/Paranormal-Investigations.jpg\" alt=\"\" class=\"wp-image-11674\" srcset=\"https:\/\/hauntedmontreal.com\/wp-content\/uploads\/2021\/02\/Paranormal-Investigations.jpg 800w, https:\/\/hauntedmontreal.com\/wp-content\/uploads\/2021\/02\/Paranormal-Investigations-300x150.jpg 300w, https:\/\/hauntedmontreal.com\/wp-content\/uploads\/2021\/02\/Paranormal-Investigations-768x384.jpg 768w\" sizes=\"auto, (max-width: 800px) 100vw, 800px\" \/><\/figure>\n\n\n\n<figure class=\"wp-block-image size-full\"><img loading=\"lazy\" decoding=\"async\" width=\"1024\" height=\"512\" src=\"https:\/\/hauntedmontreal.com\/wp-content\/uploads\/2021\/09\/virtual.jpg\" alt=\"\" class=\"wp-image-12378\" srcset=\"https:\/\/hauntedmontreal.com\/wp-content\/uploads\/2021\/09\/virtual.jpg 1024w, https:\/\/hauntedmontreal.com\/wp-content\/uploads\/2021\/09\/virtual-300x150.jpg 300w, https:\/\/hauntedmontreal.com\/wp-content\/uploads\/2021\/09\/virtual-768x384.jpg 768w\" sizes=\"auto, (max-width: 1024px) 100vw, 1024px\" \/><\/figure>\n\n\n\n<figure class=\"wp-block-image size-full\"><img loading=\"lazy\" decoding=\"async\" width=\"1024\" height=\"624\" src=\"https:\/\/hauntedmontreal.com\/wp-content\/uploads\/2020\/09\/haunted-pub-crawl-haunted-montreal-flyer.jpg\" alt=\"\" class=\"wp-image-10882\" srcset=\"https:\/\/hauntedmontreal.com\/wp-content\/uploads\/2020\/09\/haunted-pub-crawl-haunted-montreal-flyer.jpg 1024w, https:\/\/hauntedmontreal.com\/wp-content\/uploads\/2020\/09\/haunted-pub-crawl-haunted-montreal-flyer-300x183.jpg 300w, https:\/\/hauntedmontreal.com\/wp-content\/uploads\/2020\/09\/haunted-pub-crawl-haunted-montreal-flyer-768x468.jpg 768w\" sizes=\"auto, (max-width: 1024px) 100vw, 1024px\" \/><\/figure>\n<\/div>\n<\/div>\n","protected":false},"excerpt":{"rendered":"<p>Montr\u00e9al hant\u00e9 propose des visites priv\u00e9es pour toutes nos promenades fant\u00f4mes et autres exp\u00e9riences en fonction de la disponibilit\u00e9 de nos acteurs. Ceux-ci inclus : Les visites priv\u00e9es de Montr\u00e9al hant\u00e9 sont id\u00e9ales pour : Les prix sont bas\u00e9s sur le nombre de participants : + TPS\/TVQ Pour les groupes scolaires, nous offrons un billet&hellip;<\/p>\n","protected":false},"author":2,"featured_media":0,"parent":0,"menu_order":0,"comment_status":"closed","ping_status":"closed","template":"","meta":{"footnotes":""},"class_list":["post-12381","page","type-page","status-publish","hentry","entry","no-media"],"_links":{"self":[{"href":"https:\/\/hauntedmontreal.com\/fr\/wp-json\/wp\/v2\/pages\/12381","targetHints":{"allow":["GET"]}}],"collection":[{"href":"https:\/\/hauntedmontreal.com\/fr\/wp-json\/wp\/v2\/pages"}],"about":[{"href":"https:\/\/hauntedmontreal.com\/fr\/wp-json\/wp\/v2\/types\/page"}],"author":[{"embeddable":true,"href":"https:\/\/hauntedmontreal.com\/fr\/wp-json\/wp\/v2\/users\/2"}],"replies":[{"embeddable":true,"href":"https:\/\/hauntedmontreal.com\/fr\/wp-json\/wp\/v2\/comments?post=12381"}],"version-history":[{"count":9,"href":"https:\/\/hauntedmontreal.com\/fr\/wp-json\/wp\/v2\/pages\/12381\/revisions"}],"predecessor-version":[{"id":18039,"href":"https:\/\/hauntedmontreal.com\/fr\/wp-json\/wp\/v2\/pages\/12381\/revisions\/18039"}],"wp:attachment":[{"href":"https:\/\/hauntedmontreal.com\/fr\/wp-json\/wp\/v2\/media?parent=12381"}],"curies":[{"name":"wp","href":"https:\/\/api.w.org\/{rel}","templated":true}]}}