{"id":1180,"date":"2017-03-29T23:11:06","date_gmt":"2017-03-29T23:11:06","guid":{"rendered":"https:\/\/hauntedmontreal.com\/accueil\/"},"modified":"2020-09-20T17:23:02","modified_gmt":"2020-09-20T21:23:02","slug":"accueil","status":"publish","type":"page","link":"https:\/\/hauntedmontreal.com\/fr\/accueil","title":{"rendered":"Accueil"},"content":{"rendered":"<div class=\"wpb-content-wrapper\">[vc_row][vc_column]<div class=\"vcex-spacing wpex-w-100 wpex-clear\" style=\"height:10px;\"><\/div>[\/vc_column][\/vc_row][vc_row css=\u00a0\u00bb.vc_custom_1490921578548{padding-top: 0px !important;}\u00a0\u00bb][vc_column width=\u00a0\u00bb1\/2&Prime;]<div class=\"vcex-spacing wpex-w-100 wpex-clear\" style=\"height:20px;\"><\/div>[vc_column_text line_height=\u00a0\u00bb40px\u00a0\u00bb font_size=\u00a0\u00bb22px\u00a0\u00bb]<span style=\"color: #ffa500;\">Montr\u00e9al hant\u00e9 <\/span>organise des visites th\u00e9matiques, des enqu\u00eates paranormales et des tourn\u00e9e des bars hant\u00e9s. Notre \u00e9quipe m\u00e8ne des recherches et des observations sur divers ph\u00e9nom\u00e8nes fantomatiques, paranormaux, et inexpliqu\u00e9s et aussi sur des l\u00e9gendes \u00e9tranges dans la r\u00e9gion de Montr\u00e9al.<\/p>\n<p>Montr\u00e9al hant\u00e9 aimerait reconna\u00eetre que nous op\u00e9rons sur le territoire autochtone non c\u00e9d\u00e9 de&nbsp;<em>Tio\u2019tia:ke<\/em>&nbsp;et que la nation&nbsp;<em>Kanien\u2019keh\u00e1:ka<\/em>&nbsp;(Mohawk) est le gardien de ces terres et de ces eaux.[\/vc_column_text][\/vc_column][vc_column width=\u00a0\u00bb1\/2&Prime;][vc_single_image image=\u00a0\u00bb1233&Prime; alignment=\u00a0\u00bbcenter\u00a0\u00bb][\/vc_column][\/vc_row][vc_row][vc_column]<div class=\"vcex-spacing wpex-w-100 wpex-clear\" style=\"height:10px;\"><\/div>[\/vc_column][\/vc_row][vc_row center_row=\u00a0\u00bbyes\u00a0\u00bb css=\u00a0\u00bb.vc_custom_1490462974110{padding-top: 20px !important;padding-bottom: 40px !important;}\u00a0\u00bb][vc_column][vc_column_text font_weight=\u00a0\u00bbbold\u00a0\u00bb text_align=\u00a0\u00bbcenter\u00a0\u00bb color=\u00a0\u00bb#ffa500&Prime; font_size=\u00a0\u00bb40px\u00a0\u00bb font_family=\u00a0\u00bbFredericka the Great\u00a0\u00bb]Visites th\u00e9matiques, enqu\u00eates paranormales et tourn\u00e9e des bars hant\u00e9s[\/vc_column_text]<div class=\"vcex-spacing wpex-w-100 wpex-clear\" style=\"height:40px;\"><\/div>[vc_column_text text_align=\u00a0\u00bbcenter\u00a0\u00bb color=\u00a0\u00bb#ffffff\u00a0\u00bb font_size=\u00a0\u00bb20px\u00a0\u00bb]\n<div dir=\"auto\" style=\"text-align: left;\">\n<p>Dirig\u00e9 par un acteur et conteur professionnel, Montr\u00e9al hant\u00e9 propose actuellement trois visites, une tourn\u00e9e de bars hant\u00e9s et un nouveau enqu\u00eate paranormal dans le vieux cimeti\u00e8re Saint-Antoine.<\/p>\n<p>Tous nos circuits et exp\u00e9riences sont limit\u00e9s \u00e0 un maximum de 25 clients. Nous pratiquons \u00e9galement la distanciation sociale et proposons des masques faciaux et du d\u00e9sinfectant pour les mains \u00e0 nos clients pour nous assurer que les directives de sant\u00e9 publique sont respect\u00e9es.<\/p>\n<p>Des visites publiques et priv\u00e9es sont disponibles.<\/p>\n<\/div>\n<h2 dir=\"auto\">Tours fant\u00f4mes:<\/h2>\n<div id=\"block-696e9c03-c04c-442b-b556-c55217c902d3\" class=\"wp-block-columns block-editor-block-list__block wp-block block-editor-block-list__layout wp-block\" tabindex=\"0\" role=\"group\" aria-label=\"Block: Columns\" data-block=\"696e9c03-c04c-442b-b556-c55217c902d3\" data-type=\"core\/columns\" data-title=\"Columns\">\n<div id=\"block-51925eb3-a84a-43cb-9372-64b7d2dd28f1\" class=\"wp-block-column block-editor-block-list__block wp-block block-editor-block-list__layout block-core-columns wp-block\" tabindex=\"0\" role=\"group\" aria-label=\"Block: Column\" data-block=\"51925eb3-a84a-43cb-9372-64b7d2dd28f1\" data-type=\"core\/column\" data-title=\"Column\">\n<figure id=\"block-37db28e6-678a-4f16-a2b8-42696174e97a\" class=\"wp-block-image block-editor-block-list__block wp-block size-large wp-block\" tabindex=\"0\" role=\"group\" aria-label=\"Block: Image\" data-block=\"37db28e6-678a-4f16-a2b8-42696174e97a\" data-type=\"core\/image\" data-title=\"Image\">\n<div class=\"components-resizable-box__container\"><a href=\"https:\/\/hauntedmontreal.com\/fr\/griffintown-hantee\"><img decoding=\"async\" src=\"https:\/\/hauntedmontreal.com\/wp-content\/uploads\/2020\/09\/Griffintown-Hantee.jpg\" alt=\"This image has an empty alt attribute; its file name is Griffintown-Hantee.jpg\"><\/a><\/div><figcaption class=\"rich-text block-editor-rich-text__editable\" role=\"textbox\" contenteditable=\"true\" aria-multiline=\"true\" aria-label=\"Write caption\u2026\"><a href=\"https:\/\/hauntedmontreal.com\/fr\/griffintown-hantee\" data-type=\"URL\" data-id=\"https:\/\/hauntedmontreal.com\/fr\/griffintown-hantee\">GRIFFINTOWN HANT\u00c9<\/a><\/figcaption><div class=\"components-drop-zone\"><\/div>\n<div class=\"__resizable_base__\"><\/div>\n<\/figure>\n<div class=\"block-list-appender\" tabindex=\"-1\"><\/div>\n<\/div>\n<div id=\"block-07784f72-3c2d-44c9-978c-354428bd9372\" class=\"wp-block-column block-editor-block-list__block wp-block block-editor-block-list__layout block-core-columns wp-block\" tabindex=\"0\" role=\"group\" aria-label=\"Block: Column\" data-block=\"07784f72-3c2d-44c9-978c-354428bd9372\" data-type=\"core\/column\" data-title=\"Column\">\n<figure id=\"block-32fee75f-b241-496b-a96a-0605d5131b60\" class=\"wp-block-image block-editor-block-list__block wp-block size-large wp-block\" tabindex=\"0\" role=\"group\" aria-label=\"Block: Image\" data-block=\"32fee75f-b241-496b-a96a-0605d5131b60\" data-type=\"core\/image\" data-title=\"Image\">\n<div class=\"components-resizable-box__container\"><a href=\"https:\/\/hauntedmontreal.com\/fr\/mont-royal-hante\"><img decoding=\"async\" src=\"https:\/\/hauntedmontreal.com\/wp-content\/uploads\/2015\/01\/haunted-montreal-mountain-e1491239075440.jpg\" alt=\"This image has an empty alt attribute; its file name is haunted-montreal-mountain-e1491239075440.jpg\"><\/a><\/div>\n<figcaption class=\"rich-text block-editor-rich-text__editable\" role=\"textbox\" contenteditable=\"true\" aria-multiline=\"true\" aria-label=\"Write caption\u2026\"><a href=\"https:\/\/hauntedmontreal.com\/fr\/mont-royal-hante\">MONT-ROYAL HANT\u00c9<\/a><\/figcaption>\n<div class=\"components-drop-zone\"><\/div>\n<div class=\"__resizable_base__\"><\/div>\n<\/figure>\n<div class=\"block-list-appender\" tabindex=\"-1\"><\/div>\n<\/div>\n<div id=\"block-39d73964-a1c4-4869-8411-b9868e03c2ed\" class=\"wp-block-column block-editor-block-list__block wp-block block-editor-block-list__layout block-core-columns wp-block\" tabindex=\"0\" role=\"group\" aria-label=\"Block: Column\" data-block=\"39d73964-a1c4-4869-8411-b9868e03c2ed\" data-type=\"core\/column\" data-title=\"Column\">\n<figure id=\"block-0cd517b2-4309-4534-aeea-5021d088bc78\" class=\"wp-block-image block-editor-block-list__block wp-block size-large is-hovered wp-block\" tabindex=\"0\" role=\"group\" aria-label=\"Block: Image\" data-block=\"0cd517b2-4309-4534-aeea-5021d088bc78\" data-type=\"core\/image\" data-title=\"Image\">\n<div class=\"components-resizable-box__container\"><a href=\"https:\/\/hauntedmontreal.com\/fr\/le-centre-ville-hante\"><img decoding=\"async\" src=\"https:\/\/hauntedmontreal.com\/wp-content\/uploads\/2015\/01\/haunted-montreal-downtown.jpg\" alt=\"This image has an empty alt attribute; its file name is haunted-montreal-downtown.jpg\"><\/a><\/div>\n<figcaption class=\"rich-text block-editor-rich-text__editable\" role=\"textbox\" contenteditable=\"true\" aria-multiline=\"true\" aria-label=\"Write caption\u2026\"><a href=\"https:\/\/hauntedmontreal.com\/fr\/le-centre-ville-hante\" data-type=\"URL\" data-id=\"https:\/\/hauntedmontreal.com\/fr\/le-centre-ville-hante\">LE CENTRE-VILLE HANT\u00c9<\/a><\/figcaption>\n<div class=\"components-drop-zone\"><\/div>\n<div class=\"__resizable_base__\"><\/div>\n<\/figure>\n<\/div>\n<\/div>\n<h2 dir=\"auto\">Autres exp\u00e9riences hant\u00e9es:<\/h2>\n<div class=\"components-resizable-box__container\"><\/div>\n\n\n<div class=\"wp-block-columns is-layout-flex wp-container-core-columns-is-layout-28f84493 wp-block-columns-is-layout-flex\">\n<div class=\"wp-block-column is-layout-flow wp-block-column-is-layout-flow\">\n<figure class=\"wp-block-image size-large\"><a href=\"https:\/\/hauntedmontreal.com\/fr\/pub-crawl-de-montreal-hante\"><img loading=\"lazy\" decoding=\"async\" width=\"800\" height=\"533\" src=\"https:\/\/hauntedmontreal.com\/wp-content\/uploads\/2020\/09\/Haunted-Pub-Crawl.jpeg\" alt=\"\" class=\"wp-image-10407\" srcset=\"https:\/\/hauntedmontreal.com\/wp-content\/uploads\/2020\/09\/Haunted-Pub-Crawl.jpeg 800w, https:\/\/hauntedmontreal.com\/wp-content\/uploads\/2020\/09\/Haunted-Pub-Crawl-300x200.jpeg 300w, https:\/\/hauntedmontreal.com\/wp-content\/uploads\/2020\/09\/Haunted-Pub-Crawl-768x512.jpeg 768w\" sizes=\"auto, (max-width: 800px) 100vw, 800px\" \/><\/a><figcaption><a href=\"https:\/\/hauntedmontreal.com\/fr\/pub-crawl-de-montreal-hante\" data-type=\"URL\" data-id=\"https:\/\/hauntedmontreal.com\/fr\/pub-crawl-de-montreal-hante\">TOURN\u00c9E DES BARS HANT\u00c9\n(BIENT\u00d4T DE RETOUR)<\/a><\/figcaption><\/figure>\n<\/div>\n\n\n\n<div class=\"wp-block-column is-layout-flow wp-block-column-is-layout-flow\">\n<figure class=\"wp-block-image size-large\"><a href=\"https:\/\/hauntedmontreal.com\/fr\/enquete-paranormale-vieux-cimetiere-sainte-antoine\"><img loading=\"lazy\" decoding=\"async\" width=\"800\" height=\"400\" src=\"https:\/\/hauntedmontreal.com\/wp-content\/uploads\/2020\/09\/paran-1-1.jpg\" alt=\"\" class=\"wp-image-10416\" srcset=\"https:\/\/hauntedmontreal.com\/wp-content\/uploads\/2020\/09\/paran-1-1.jpg 800w, https:\/\/hauntedmontreal.com\/wp-content\/uploads\/2020\/09\/paran-1-1-300x150.jpg 300w, https:\/\/hauntedmontreal.com\/wp-content\/uploads\/2020\/09\/paran-1-1-768x384.jpg 768w, https:\/\/hauntedmontreal.com\/wp-content\/uploads\/2020\/09\/paran-1-1-300x150@2x.jpg 600w\" sizes=\"auto, (max-width: 800px) 100vw, 800px\" \/><\/a><figcaption><a href=\"https:\/\/hauntedmontreal.com\/fr\/enquete-paranormale-vieux-cimetiere-sainte-antoine\" data-type=\"URL\" data-id=\"https:\/\/hauntedmontreal.com\/fr\/enquete-paranormale-vieux-cimetiere-sainte-antoine\">ENQU\u00caTE PARANORMALE \u2013\nVIEUX CIMETI\u00c8RE SAINTE-ANTOINE<\/a><\/figcaption><\/figure>\n<\/div>\n<\/div>\n\n\n\n<h1><\/h1>\n<h1>Recherche<\/h1>\n[\/vc_column_text]<div class=\"vcex-spacing wpex-w-100 wpex-clear\" style=\"height:40px;\"><\/div>[vc_column_text text_align=\u00a0\u00bbcenter\u00a0\u00bb color=\u00a0\u00bb#ffffff\u00a0\u00bb font_size=\u00a0\u00bb20px\u00a0\u00bb]<span style=\"color: #ffa500;\">Montr\u00e9al hant\u00e9 <\/span>m\u00e8ne \u00e9galement des recherches sur le paranormal et s\u2019int\u00e9resse aux histoires hors du commun. Si vous avez \u00e9t\u00e9 t\u00e9moin d\u2019un ph\u00e9nom\u00e8ne ou avez v\u00e9cu un cas de possession et d\u00e9sirez partager votre histoire, s\u2019il vous pla\u00eet, contactez-nous. Nous publions une nouvelle histoire de fant\u00f4me montr\u00e9alais chaque mois au <a title=\"Blogue Haunted Montreal\" href=\"https:\/\/hauntedmontreal.com\/fr\/blogue-haunted-montreal\">blogue&nbsp;de Montr\u00e9al hant\u00e9<\/a>![\/vc_column_text]<div class=\"vcex-spacing wpex-w-100 wpex-clear\" style=\"height:40px;\"><\/div>[vc_btn title=\u00a0\u00bbRacontez-nous votre histoire\u00a0\u00bb style=\u00a0\u00bboutline\u00a0\u00bb color=\u00a0\u00bbwarning\u00a0\u00bb size=\u00a0\u00bblg\u00a0\u00bb align=\u00a0\u00bbcenter\u00a0\u00bb link=\u00a0\u00bburl:http%3A%2F%2Fhauntedmontreal.com%2Ffr%2Fcontact|\u00a0\u00bb el_class=\u00a0\u00bbmain-btn-orange\u00a0\u00bb][\/vc_column][\/vc_row][vc_row center_row=\u00a0\u00bbyes\u00a0\u00bb css=\u00a0\u00bb.vc_custom_1490463375802{padding-bottom: 40px !important;}\u00a0\u00bb][vc_column][vc_column_text font_weight=\u00a0\u00bbbold\u00a0\u00bb text_align=\u00a0\u00bbcenter\u00a0\u00bb color=\u00a0\u00bb#ffa500&Prime; font_size=\u00a0\u00bb40px\u00a0\u00bb font_family=\u00a0\u00bbFredericka the Great\u00a0\u00bb]Blogue de Montr\u00e9al hant\u00e9[\/vc_column_text]<div class=\"vcex-spacing wpex-w-100 wpex-clear\" style=\"height:40px;\"><\/div>[vc_column_text text_align=\u00a0\u00bbcenter\u00a0\u00bb color=\u00a0\u00bb#ffffff\u00a0\u00bb font_size=\u00a0\u00bb20px\u00a0\u00bb]Surveillez le&nbsp;<a title=\"Blogue Haunted Montreal\" href=\"https:\/\/hauntedmontreal.com\/fr\/blogue-haunted-montreal\">blogue de Montr\u00e9al hant\u00e9<\/a>, tous les 13es jour de chaque mois! \u00c0 chaque \u00e9dition, une nouvelle histoire de fant\u00f4mes vous fera frissonner et d\u00e9couvrir un autre Montr\u00e9al\u2026 \u00c9galement, nous partagerons avec vous des nouvelles de Montr\u00e9al hant\u00e9 et de l\u2019industrie touristique de l\u2019occulte et des univers fantomatiques. Alors\u2026 Pour \u00eatre des n\u00f4tres et vivre un 13e jour m\u00e9morable \u00e0 chaque mois, merci de laisser vos coordonn\u00e9es sur la liste d\u2019envois (ci-dessous).[\/vc_column_text]<div class=\"vcex-spacing wpex-w-100 wpex-clear\" style=\"height:40px;\"><\/div>[vc_separator color=\u00a0\u00bbcustom\u00a0\u00bb accent_color=\u00a0\u00bb#333333&Prime;]<div class=\"vcex-spacing wpex-w-100 wpex-clear\" style=\"height:40px;\"><\/div><div class=\"vcex-module vcex-blog-grid-wrap wpex-clr\"><div class=\"wpex-row vcex-blog-grid wpex-clr entries gap-30\"><div class=\"vcex-blog-entry vcex-grid-item entry-has-details span_1_of_3 col-1 col entry post-18081 type-post has-media cat-319 cat-330 post_tag-1061 post_tag-1063 post_tag-1064 post_tag-1056 post_tag-1062 translation_priority-294\"><div class=\"vcex-blog-entry-inner entry-inner wpex-first-mt-0 wpex-last-mb-0 wpex-clr\"><div class=\"vcex-blog-entry-media entry-media wpex-relative wpex-image-hover opacity\"><a href=\"https:\/\/hauntedmontreal.com\/fr\/montreal-hante-blogue-no-127-le-point-sur-la-caleche-fantome.html\" title=\"Montr\u00e9al hant\u00e9, blogue no 127 \u2014 Le point sur la cal\u00e8che fant\u00f4me\"><img loading=\"lazy\" class=\"vcex-blog-entry-img wpex-align-middle\" decoding=\"async\" src=\"https:\/\/hauntedmontreal.com\/wp-content\/uploads\/2026\/03\/caleche-600x320.jpg\" alt=\"\" width=\"600\" height=\"320\"><\/a><\/div><div class=\"vcex-blog-entry-details entry-details wpex-bordered wpex-first-mt-0 wpex-last-mb-0 wpex-clr\" style=\"padding:20px 0 0;border-width:0px;\"><h2 class=\"vcex-blog-entry-title entry-title wpex-mb-5\"><a href=\"https:\/\/hauntedmontreal.com\/fr\/montreal-hante-blogue-no-127-le-point-sur-la-caleche-fantome.html\">Montr\u00e9al hant\u00e9, blogue no 127 \u2014 Le point sur la cal\u00e8che fant\u00f4me<\/a><\/h2><div class=\"vcex-blog-entry-date entry-date wpex-text-sm wpex-text-3 wpex-mb-5\">13 mars 2026<\/div><div class=\"vcex-blog-entry-excerpt entry-excerpt wpex-my-15 wpex-text-pretty wpex-last-mb-0 wpex-clr\"><p>En septembre 2018, Montr\u00e9al hant\u00e9 rapporta pour la premi\u00e8re fois l\u2019existence de la cal\u00e8che fant\u00f4me, l\u2019une des apparitions les plus dangereuses et sinistres de la ville. D\u00e9crite comme une cal\u00e8che tir\u00e9e par des chevaux qui conduisait les visiteurs sans m\u00e9fiance dans l\u2019au-del\u00e0, elle se fondait dans le d\u00e9cor urbain, car les promenades en cal\u00e8che constituaient une part importante de l\u2019industrie touristique dans le Vieux-Montr\u00e9al.\r\n\r\nCependant, l\u2019ancienne mairesse Val\u00e9rie Plante bannit tous les chevaux dans la ville de Montr\u00e9al en 2020. Bien que certains croient que cette d\u00e9cision a \u00e9t\u00e9 dict\u00e9e par les militants des droits des animaux, d\u2019autres pensent qu\u2019elle visait \u00e0 \u00e9liminer d\u00e9finitivement la cal\u00e8che fant\u00f4me.<\/p><\/div><\/div><\/div><\/div><div class=\"vcex-blog-entry vcex-grid-item entry-has-details span_1_of_3 col-2 col entry post-18013 type-post has-media cat-319 cat-28 post_tag-1053 post_tag-1054 post_tag-778 translation_priority-294\"><div class=\"vcex-blog-entry-inner entry-inner wpex-first-mt-0 wpex-last-mb-0 wpex-clr\"><div class=\"vcex-blog-entry-media entry-media wpex-relative wpex-image-hover opacity\"><a href=\"https:\/\/hauntedmontreal.com\/fr\/montreal-hante-blogue-no-126-le-musee-et-centre-dart-de-montreal.html\" title=\"Montr\u00e9al hant\u00e9, blogue no 126 \u2014 le Mus\u00e9e et Centre d\u2019art de Montr\u00e9al\"><img loading=\"lazy\" class=\"vcex-blog-entry-img wpex-align-middle\" decoding=\"async\" src=\"https:\/\/hauntedmontreal.com\/wp-content\/uploads\/2026\/02\/Art-Center-600x320.jpg\" alt=\"\" width=\"600\" height=\"320\"><\/a><\/div><div class=\"vcex-blog-entry-details entry-details wpex-bordered wpex-first-mt-0 wpex-last-mb-0 wpex-clr\" style=\"padding:20px 0 0;border-width:0px;\"><h2 class=\"vcex-blog-entry-title entry-title wpex-mb-5\"><a href=\"https:\/\/hauntedmontreal.com\/fr\/montreal-hante-blogue-no-126-le-musee-et-centre-dart-de-montreal.html\">Montr\u00e9al hant\u00e9, blogue no 126 \u2014 le Mus\u00e9e et Centre d\u2019art de Montr\u00e9al<\/a><\/h2><div class=\"vcex-blog-entry-date entry-date wpex-text-sm wpex-text-3 wpex-mb-5\">13 f\u00e9vrier 2026<\/div><div class=\"vcex-blog-entry-excerpt entry-excerpt wpex-my-15 wpex-text-pretty wpex-last-mb-0 wpex-clr\"><p>Nich\u00e9 dans la partie ouest de Griffintown parmi les tours \u00e0 condominiums, le Mus\u00e9e et Centre d\u2019art de Montr\u00e9al se distingue comme un joyau rare. Il occupe l\u2019ancienne sid\u00e9rurgique Caledonian datant de 1879, une compagnie de l\u2019\u00e8re victorienne qui produisait des pi\u00e8ces de moteurs pour les bateaux et les trains, des turbines et autres pi\u00e8ces complexes de sid\u00e9rurgie.\r\n\r\nAujourd\u2019hui le Mus\u00e9e et Centre d\u2019art de Montr\u00e9al est consid\u00e9r\u00e9 comme un des b\u00e2timents le plus historique, et hant\u00e9, dans Griffintown. <\/p><\/div><\/div><\/div><\/div><div class=\"vcex-blog-entry vcex-grid-item entry-has-details span_1_of_3 col-3 col entry post-17888 type-post has-media cat-319 post_tag-1050 post_tag-884 post_tag-883 translation_priority-294\"><div class=\"vcex-blog-entry-inner entry-inner wpex-first-mt-0 wpex-last-mb-0 wpex-clr\"><div class=\"vcex-blog-entry-media entry-media wpex-relative wpex-image-hover opacity\"><a href=\"https:\/\/hauntedmontreal.com\/fr\/montreal-hante-blogue-no-125-le-point-sur-la-brasserie-dow.html\" title=\"Montr\u00e9al hant\u00e9 blogue no 125, le point sur la brasserie Dow\"><img loading=\"lazy\" class=\"vcex-blog-entry-img wpex-align-middle\" decoding=\"async\" src=\"https:\/\/hauntedmontreal.com\/wp-content\/uploads\/2026\/01\/asbest-600x320.jpg\" alt=\"\" width=\"600\" height=\"320\"><\/a><\/div><div class=\"vcex-blog-entry-details entry-details wpex-bordered wpex-first-mt-0 wpex-last-mb-0 wpex-clr\" style=\"padding:20px 0 0;border-width:0px;\"><h2 class=\"vcex-blog-entry-title entry-title wpex-mb-5\"><a href=\"https:\/\/hauntedmontreal.com\/fr\/montreal-hante-blogue-no-125-le-point-sur-la-brasserie-dow.html\">Montr\u00e9al hant\u00e9 blogue no 125, le point sur la brasserie Dow<\/a><\/h2><div class=\"vcex-blog-entry-date entry-date wpex-text-sm wpex-text-3 wpex-mb-5\">13 janvier 2026<\/div><div class=\"vcex-blog-entry-excerpt entry-excerpt wpex-my-15 wpex-text-pretty wpex-last-mb-0 wpex-clr\"><p>La brasserie Dow, aujourd\u2019hui d\u00e9saffect\u00e9e, est en cours de reconversion en un nouveau pavillon universitaire par l\u2019\u00c9cole de technologie sup\u00e9rieure.\r\n\r\nUne fois la d\u00e9contamination compl\u00e9t\u00e9e et la machinerie retir\u00e9e, le plan pr\u00e9voit la d\u00e9molition de plusieurs b\u00e2timents de l\u2019ancienne brasserie. Les plans architecturaux indiquent que certains b\u00e2timents seront conserv\u00e9s et r\u00e9am\u00e9nag\u00e9s, tandis que d\u2019autres seront d\u00e9molis pour faire place au nouveau campus.\r\n\r\nParce que le site a accueilli des brasseries depuis le d\u00e9but des ann\u00e9es 1800, plusieurs des b\u00e2timents actuels poss\u00e8dent une valeur historique, et des histoires de fant\u00f4mes. <\/p><\/div><\/div><\/div><\/div><\/div><\/div>[\/vc_column][\/vc_row]<\/div>","protected":false},"excerpt":{"rendered":"<p>[vc_row][vc_column][\/vc_column][\/vc_row][vc_row css=\u00a0\u00bb.vc_custom_1490921578548{padding-top: 0px !important;}\u00a0\u00bb][vc_column width=\u00a0\u00bb1\/2&Prime;][vc_column_text line_height=\u00a0\u00bb40px\u00a0\u00bb font_size=\u00a0\u00bb22px\u00a0\u00bb]Montr\u00e9al hant\u00e9 organise des visites th\u00e9matiques, des enqu\u00eates paranormales et des tourn\u00e9e des bars hant\u00e9s. Notre \u00e9quipe m\u00e8ne des recherches et des observations sur divers ph\u00e9nom\u00e8nes fantomatiques, paranormaux, et inexpliqu\u00e9s et aussi sur des l\u00e9gendes \u00e9tranges dans la r\u00e9gion de Montr\u00e9al. Montr\u00e9al hant\u00e9 aimerait reconna\u00eetre que nous op\u00e9rons sur&hellip;<\/p>\n","protected":false},"author":1,"featured_media":0,"parent":0,"menu_order":0,"comment_status":"closed","ping_status":"closed","template":"","meta":{"footnotes":""},"class_list":["post-1180","page","type-page","status-publish","hentry","entry","has-media"],"_links":{"self":[{"href":"https:\/\/hauntedmontreal.com\/fr\/wp-json\/wp\/v2\/pages\/1180","targetHints":{"allow":["GET"]}}],"collection":[{"href":"https:\/\/hauntedmontreal.com\/fr\/wp-json\/wp\/v2\/pages"}],"about":[{"href":"https:\/\/hauntedmontreal.com\/fr\/wp-json\/wp\/v2\/types\/page"}],"author":[{"embeddable":true,"href":"https:\/\/hauntedmontreal.com\/fr\/wp-json\/wp\/v2\/users\/1"}],"replies":[{"embeddable":true,"href":"https:\/\/hauntedmontreal.com\/fr\/wp-json\/wp\/v2\/comments?post=1180"}],"version-history":[{"count":77,"href":"https:\/\/hauntedmontreal.com\/fr\/wp-json\/wp\/v2\/pages\/1180\/revisions"}],"predecessor-version":[{"id":10656,"href":"https:\/\/hauntedmontreal.com\/fr\/wp-json\/wp\/v2\/pages\/1180\/revisions\/10656"}],"wp:attachment":[{"href":"https:\/\/hauntedmontreal.com\/fr\/wp-json\/wp\/v2\/media?parent=1180"}],"curies":[{"name":"wp","href":"https:\/\/api.w.org\/{rel}","templated":true}]}}