{"id":11388,"date":"2020-12-06T15:01:56","date_gmt":"2020-12-06T20:01:56","guid":{"rendered":"https:\/\/hauntedmontreal.com\/histoires-de-fantomes-de-noel-une-tradition-de-lere-victorienne"},"modified":"2021-12-11T19:39:24","modified_gmt":"2021-12-12T00:39:24","slug":"histoires-de-fantomes-de-noel-une-tradition-de-lere-victorienne","status":"publish","type":"page","link":"https:\/\/hauntedmontreal.com\/fr\/histoires-de-fantomes-de-noel-une-tradition-de-lere-victorienne","title":{"rendered":"Histoires de fant\u00f4mes d&rsquo;hiver: Une tradition Qu\u00e9b\u00e9coise"},"content":{"rendered":"\n<div class=\"wp-block-columns is-layout-flex wp-container-core-columns-is-layout-28f84493 wp-block-columns-is-layout-flex\">\n<div class=\"wp-block-column is-layout-flow wp-block-column-is-layout-flow\" style=\"flex-basis:66.66%\">\n<figure class=\"wp-block-image size-large\"><img loading=\"lazy\" decoding=\"async\" width=\"800\" height=\"400\" src=\"https:\/\/hauntedmontreal.com\/wp-content\/uploads\/2021\/01\/GHOST_STORIES_FR.jpg\" alt=\"\" class=\"wp-image-11501\" srcset=\"https:\/\/hauntedmontreal.com\/wp-content\/uploads\/2021\/01\/GHOST_STORIES_FR.jpg 800w, https:\/\/hauntedmontreal.com\/wp-content\/uploads\/2021\/01\/GHOST_STORIES_FR-300x150.jpg 300w, https:\/\/hauntedmontreal.com\/wp-content\/uploads\/2021\/01\/GHOST_STORIES_FR-768x384.jpg 768w\" sizes=\"auto, (max-width: 800px) 100vw, 800px\" \/><\/figure>\n\n\n\n<p><strong><em>Juste deux pr\u00e9sentations publiques de cette exp\u00e9rience virtuelle : les 23 et 30 d\u00e9cembre ! Il est \u00e9galement disponible en visite priv\u00e9e<\/em><\/strong><\/p>\n\n\n\n<p>Montr\u00e9al hant\u00e9 est heureux d&rsquo;annoncer notre nouvel \u00e9v\u00e9nement virtuel hant\u00e9:<\/p>\n\n\n\n<p><strong>Histoires de fant\u00f4mes d&rsquo;hiver: Une tradition Qu\u00e9b\u00e9coise!<\/strong><\/p>\n\n\n\n<p>Pr\u00e9parez un verre de vin chaud ou de brandy, allumez votre ordinateur et remontez le temps jusqu&rsquo;\u00e0 l&rsquo;\u00e9poque victorienne de Montr\u00e9al, lorsque des histoires effrayantes \u00e9taient racont\u00e9es la nuit autour du foyer avec un verre de vin chaud.<\/p>\n\n\n\n<p>Les invit\u00e9s seront r\u00e9gal\u00e9s par les histoires de fant\u00f4mes d&rsquo;hiver du pass\u00e9 de Montr\u00e9al et entendront parler des c\u00e9l\u00e8bres carnavals hivernaux des ann\u00e9es 1880. De magnifiques ch\u00e2teaux de glace ont \u00e9t\u00e9 construits sur la place du Dominion &#8211; sur les tombes de dizaines de milliers de victimes du chol\u00e9ra.<\/p>\n\n\n\n<p>D\u00e9couvrez la l\u00e9gende canadienne-fran\u00e7aise d&rsquo;une maison fant\u00f4me rustique &#8211; et de l&rsquo;avare qui y a \u00e9t\u00e9 emprisonn\u00e9 pendant des d\u00e9cennies ! Apprenez tout sur le r\u00e9seau d&rsquo;\u00e9gouts hant\u00e9 de Montr\u00e9al et sur un tragique accident survenu la veille de No\u00ebl, qui a conduit un collectionneur \u00e0 \u00eatre assailli par le fant\u00f4me d\u00e9rang\u00e9 d&rsquo;un vagabond.<\/p>\n\n\n\n<p>D\u00e9couvrez l&rsquo;histoire de fant\u00f4me la plus populaire des ann\u00e9es 1800 \u00e0 propos d&rsquo;un riche baron de la fourrure qui est mort soudainement &#8211; puis a \u00e9t\u00e9 rep\u00e9r\u00e9 en train de descendre le mont Royal en toboggan dans son propre cercueil ! Enfin, d\u00e9couvrez l&rsquo;h\u00f4tel le plus hant\u00e9 de Montr\u00e9al &#8211; et le fant\u00f4me de la Dame en blanc qui apporte avec elle des temp\u00e9ratures glaciales partout o\u00f9 elle se prom\u00e8ne!<\/p>\n\n\n\n<figure class=\"wp-block-image size-large\"><img loading=\"lazy\" decoding=\"async\" width=\"931\" height=\"703\" src=\"https:\/\/hauntedmontreal.com\/wp-content\/uploads\/2020\/12\/Lady-in-White-1.jpg\" alt=\"\" class=\"wp-image-11397\" srcset=\"https:\/\/hauntedmontreal.com\/wp-content\/uploads\/2020\/12\/Lady-in-White-1.jpg 931w, https:\/\/hauntedmontreal.com\/wp-content\/uploads\/2020\/12\/Lady-in-White-1-300x227.jpg 300w, https:\/\/hauntedmontreal.com\/wp-content\/uploads\/2020\/12\/Lady-in-White-1-768x580.jpg 768w\" sizes=\"auto, (max-width: 931px) 100vw, 931px\" \/><\/figure>\n\n\n\n<p>Histoires de fant\u00f4mes d&rsquo;hiver: Une tradition Qu\u00e9b\u00e9coise est id\u00e9ale pour les f\u00eates en entreprise et pour ceux qui s&rsquo;int\u00e9ressent \u00e0 l&rsquo;histoire trouble de Montr\u00e9al et aux histoires de fant\u00f4mes!<\/p>\n\n\n\n<p>Des s\u00e9ances de contes publiques et priv\u00e9es sont offertes en fran\u00e7ais et en anglais.<\/p>\n\n\n\n<p>Les sessions priv\u00e9es sont bas\u00e9es sur la disponibilit\u00e9 de nos acteurs professionnels et peuvent \u00eatre organis\u00e9es en envoyant un courriel \u00e0 info@hauntedmontreal.com.<\/p>\n\n\n\n<p>Les billets sont en vente d\u00e8s maintenant!<\/p>\n\n\n\n<h2 class=\"wp-block-heading\">Billets: 14.50$ (taxes incluses)<\/h2>\n\n\n\n<div id=\"eventbrite-widget-container-131773795971\"><\/div>\n\n<script src=\"https:\/\/www.eventbrite.ca\/static\/widgets\/eb_widgets.js\"><\/script>\n\n<script type=\"text\/javascript\">\n    var exampleCallback = function() {\n        console.log('Order complete!');\n    };\n\n    window.EBWidgets.createWidget({\n        \/\/ Required\n        widgetType: 'checkout',\n        eventId: '131773795971',\n        iframeContainerId: 'eventbrite-widget-container-131773795971',\n\n        \/\/ Optional\n        iframeContainerHeight: 425,  \/\/ Widget height in pixels. Defaults to a minimum of 425px if not provided\n        onOrderComplete: exampleCallback  \/\/ Method called when an order has successfully completed\n    });\n<\/script>\n\n\n\n<hr class=\"wp-block-separator\"\/>\n\n\n\n<p>Pour des tours en anglais, SVP visiter <a href=\"https:\/\/hauntedmontreal.com\/christmas-ghost-stories-a-victorian-era-tradition\" data-type=\"URL\" data-id=\"https:\/\/hauntedmontreal.com\/christmas-ghost-stories-a-victorian-era-tradition\">Christmas Ghost Stories: A Victorian Era Tradition<\/a><\/p>\n\n\n\n<p> <\/p>\n<\/div>\n\n\n\n<div class=\"wp-block-column is-layout-flow wp-block-column-is-layout-flow\" style=\"flex-basis:33.33%\">\n<figure class=\"wp-block-image size-large\"><img loading=\"lazy\" decoding=\"async\" width=\"768\" height=\"1024\" src=\"https:\/\/hauntedmontreal.com\/wp-content\/uploads\/2020\/12\/mulled-wine.png\" alt=\"\" class=\"wp-image-11386\" srcset=\"https:\/\/hauntedmontreal.com\/wp-content\/uploads\/2020\/12\/mulled-wine.png 768w, https:\/\/hauntedmontreal.com\/wp-content\/uploads\/2020\/12\/mulled-wine-225x300.png 225w\" sizes=\"auto, (max-width: 768px) 100vw, 768px\" \/><\/figure>\n\n\n\n<figure class=\"wp-block-image size-large\"><img loading=\"lazy\" decoding=\"async\" width=\"422\" height=\"414\" src=\"https:\/\/hauntedmontreal.com\/wp-content\/uploads\/2020\/12\/Winter-House.jpg\" alt=\"\" class=\"wp-image-11391\" srcset=\"https:\/\/hauntedmontreal.com\/wp-content\/uploads\/2020\/12\/Winter-House.jpg 422w, https:\/\/hauntedmontreal.com\/wp-content\/uploads\/2020\/12\/Winter-House-300x294.jpg 300w, https:\/\/hauntedmontreal.com\/wp-content\/uploads\/2020\/12\/Winter-House-45x45.jpg 45w\" sizes=\"auto, (max-width: 422px) 100vw, 422px\" \/><\/figure>\n\n\n\n<figure class=\"wp-block-image size-large\"><img loading=\"lazy\" decoding=\"async\" width=\"677\" height=\"795\" src=\"https:\/\/hauntedmontreal.com\/wp-content\/uploads\/2020\/12\/Ice-Castle-4-1.jpg\" alt=\"\" class=\"wp-image-11393\" srcset=\"https:\/\/hauntedmontreal.com\/wp-content\/uploads\/2020\/12\/Ice-Castle-4-1.jpg 677w, https:\/\/hauntedmontreal.com\/wp-content\/uploads\/2020\/12\/Ice-Castle-4-1-255x300.jpg 255w\" sizes=\"auto, (max-width: 677px) 100vw, 677px\" \/><\/figure>\n\n\n\n<figure class=\"wp-block-image size-large\"><img loading=\"lazy\" decoding=\"async\" width=\"1000\" height=\"750\" src=\"https:\/\/hauntedmontreal.com\/wp-content\/uploads\/2020\/12\/Victoria-Rink.jpg\" alt=\"\" class=\"wp-image-11395\" srcset=\"https:\/\/hauntedmontreal.com\/wp-content\/uploads\/2020\/12\/Victoria-Rink.jpg 1000w, https:\/\/hauntedmontreal.com\/wp-content\/uploads\/2020\/12\/Victoria-Rink-300x225.jpg 300w, https:\/\/hauntedmontreal.com\/wp-content\/uploads\/2020\/12\/Victoria-Rink-768x576.jpg 768w\" sizes=\"auto, (max-width: 1000px) 100vw, 1000px\" \/><\/figure>\n<\/div>\n<\/div>\n","protected":false},"excerpt":{"rendered":"<p>Juste deux pr\u00e9sentations publiques de cette exp\u00e9rience virtuelle : les 23 et 30 d\u00e9cembre ! Il est \u00e9galement disponible en visite priv\u00e9e Montr\u00e9al hant\u00e9 est heureux d&rsquo;annoncer notre nouvel \u00e9v\u00e9nement virtuel hant\u00e9: Histoires de fant\u00f4mes d&rsquo;hiver: Une tradition Qu\u00e9b\u00e9coise! Pr\u00e9parez un verre de vin chaud ou de brandy, allumez votre ordinateur et remontez le temps&hellip;<\/p>\n","protected":false},"author":2,"featured_media":0,"parent":0,"menu_order":0,"comment_status":"closed","ping_status":"closed","template":"","meta":{"footnotes":""},"class_list":["post-11388","page","type-page","status-publish","hentry","entry","no-media"],"_links":{"self":[{"href":"https:\/\/hauntedmontreal.com\/fr\/wp-json\/wp\/v2\/pages\/11388","targetHints":{"allow":["GET"]}}],"collection":[{"href":"https:\/\/hauntedmontreal.com\/fr\/wp-json\/wp\/v2\/pages"}],"about":[{"href":"https:\/\/hauntedmontreal.com\/fr\/wp-json\/wp\/v2\/types\/page"}],"author":[{"embeddable":true,"href":"https:\/\/hauntedmontreal.com\/fr\/wp-json\/wp\/v2\/users\/2"}],"replies":[{"embeddable":true,"href":"https:\/\/hauntedmontreal.com\/fr\/wp-json\/wp\/v2\/comments?post=11388"}],"version-history":[{"count":9,"href":"https:\/\/hauntedmontreal.com\/fr\/wp-json\/wp\/v2\/pages\/11388\/revisions"}],"predecessor-version":[{"id":13124,"href":"https:\/\/hauntedmontreal.com\/fr\/wp-json\/wp\/v2\/pages\/11388\/revisions\/13124"}],"wp:attachment":[{"href":"https:\/\/hauntedmontreal.com\/fr\/wp-json\/wp\/v2\/media?parent=11388"}],"curies":[{"name":"wp","href":"https:\/\/api.w.org\/{rel}","templated":true}]}}