{"id":11038,"date":"2020-10-13T13:08:29","date_gmt":"2020-10-13T17:08:29","guid":{"rendered":"https:\/\/hauntedmontreal.com\/tour-hante-virtuel-dhalloween"},"modified":"2023-01-28T14:57:48","modified_gmt":"2023-01-28T19:57:48","slug":"tour-hante-virtuel","status":"publish","type":"page","link":"https:\/\/hauntedmontreal.com\/fr\/tour-hante-virtuel","title":{"rendered":"Visite hant\u00e9e virtuelle"},"content":{"rendered":"\n<div class=\"wp-block-columns is-layout-flex wp-container-core-columns-is-layout-28f84493 wp-block-columns-is-layout-flex\">\n<div class=\"wp-block-column is-layout-flow wp-block-column-is-layout-flow\" style=\"flex-basis:66.66%\">\n<figure class=\"wp-block-image size-large\"><img loading=\"lazy\" decoding=\"async\" width=\"1024\" height=\"512\" src=\"https:\/\/hauntedmontreal.com\/wp-content\/uploads\/2020\/11\/1080x540_HAUNTEDMONTREAL_EN_FR-1024x512.jpg\" alt=\"\" class=\"wp-image-11268\" srcset=\"https:\/\/hauntedmontreal.com\/wp-content\/uploads\/2020\/11\/1080x540_HAUNTEDMONTREAL_EN_FR-1024x512.jpg 1024w, https:\/\/hauntedmontreal.com\/wp-content\/uploads\/2020\/11\/1080x540_HAUNTEDMONTREAL_EN_FR-300x150.jpg 300w, https:\/\/hauntedmontreal.com\/wp-content\/uploads\/2020\/11\/1080x540_HAUNTEDMONTREAL_EN_FR-768x384.jpg 768w, https:\/\/hauntedmontreal.com\/wp-content\/uploads\/2020\/11\/1080x540_HAUNTEDMONTREAL_EN_FR.jpg 1080w\" sizes=\"auto, (max-width: 1024px) 100vw, 1024px\" \/><\/figure>\n\n\n\n<p>Ne laissez pas COVID-19 ruiner vos plans!<\/p>\n\n\n\n<p>Montr\u00e9al hant\u00e9 est heureux d&rsquo;offrir une exp\u00e9rience unique dans le confort de votre maison devant votre ordinateur &#8211; notre sp\u00e9cial Visite hant\u00e9e virtuelle!<\/p>\n\n\n\n<p>\u00c9teignez les lumi\u00e8res et allumez votre ordinateur! Connectez-vous facilement via un lien Zoom.<\/p>\n\n\n\n<p>Avec plus de 400 histoires de fant\u00f4mes document\u00e9es, Montr\u00e9al est de loin la ville la plus hant\u00e9e du Canada, sinon de toute l&rsquo;Am\u00e9rique du Nord. Grouillant d\u2019esprit et d\u2019activit\u00e9s paranormales, Montr\u00e9al est le paradis des chasseurs de fant\u00f4mes.<\/p>\n\n\n\n<p>Lors de la Visite hant\u00e9e virtuelle, un conteur professionnel de fant\u00f4mes r\u00e9galera les invit\u00e9s avec les histoires de fant\u00f4mes les plus tristement c\u00e9l\u00e8bres de la ville et les lieux hant\u00e9s, avec une atmosph\u00e8re en ligne effrayante!<\/p>\n\n\n\n<figure class=\"wp-block-image size-large\"><img loading=\"lazy\" decoding=\"async\" width=\"892\" height=\"728\" src=\"https:\/\/hauntedmontreal.com\/wp-content\/uploads\/2020\/10\/montreal-hante-griffintown-hante-mary-gallagher.png\" alt=\"\" class=\"wp-image-11091\" srcset=\"https:\/\/hauntedmontreal.com\/wp-content\/uploads\/2020\/10\/montreal-hante-griffintown-hante-mary-gallagher.png 892w, https:\/\/hauntedmontreal.com\/wp-content\/uploads\/2020\/10\/montreal-hante-griffintown-hante-mary-gallagher-300x245.png 300w, https:\/\/hauntedmontreal.com\/wp-content\/uploads\/2020\/10\/montreal-hante-griffintown-hante-mary-gallagher-768x627.png 768w\" sizes=\"auto, (max-width: 892px) 100vw, 892px\" \/><\/figure>\n\n\n\n<p>Plongez dans les circonstances qui ont rendu Montr\u00e9al si hant\u00e9e. \u00c9coutez l\u2019histoire de fant\u00f4mes la plus populaire des ann\u00e9es 1800 et d\u00e9couvrez les deux parcs les plus hant\u00e9s de la ville o\u00f9 l\u2019activit\u00e9 paranormale est r\u00e9pandue. Enfin, d\u00e9couvrez l\u2019histoire d\u00e9jant\u00e9e de Marie Sans-T\u00eate de Griffintown, l\u2019histoire de fant\u00f4mes la plus c\u00e9l\u00e8bre de Montr\u00e9al aujourd\u2019hui!<\/p>\n\n\n\n<p>Les clients pourront profiter d\u2019une s\u00e9ance de questions-r\u00e9ponses avec le conteur professionnel de fant\u00f4mes. Posez toutes les questions que vous souhaitez!<\/p>\n\n\n\n<p>Avec un nombre limit\u00e9 de clients par \u00e9v\u00e9nement en ligne, c&rsquo;est une fa\u00e7on intime de d\u00e9couvrir l&rsquo;histoire hant\u00e9e unique de Montr\u00e9al!<\/p>\n\n\n\n<h2 class=\"wp-block-heading\">Billets: 14,50 $ (taxes incluses)<\/h2>\n\n\n\n<div id=\"eventbrite-widget-container-125184463099\"><\/div>\n\n<script src=\"https:\/\/www.eventbrite.ca\/static\/widgets\/eb_widgets.js\"><\/script>\n\n<script type=\"text\/javascript\">\n    var exampleCallback = function() {\n        console.log('Order complete!');\n    };\n\n    window.EBWidgets.createWidget({\n        \/\/ Required\n        widgetType: 'checkout',\n        eventId: '125184463099',\n        iframeContainerId: 'eventbrite-widget-container-125184463099',\n\n        \/\/ Optional\n        iframeContainerHeight: 425,  \/\/ Widget height in pixels. Defaults to a minimum of 425px if not provided\n        onOrderComplete: exampleCallback  \/\/ Method called when an order has successfully completed\n    });\n<\/script>\n\n\n\n<hr class=\"wp-block-separator has-css-opacity\"\/>\n\n\n\n<p>Pour les tours en anglais, SVP visiter <a href=\"https:\/\/hauntedmontreal.com\/virtual-ghost-tour\" data-type=\"URL\" data-id=\"https:\/\/hauntedmontreal.com\/virtual-ghost-tour\">Virtual Ghost Tour<\/a><\/p>\n\n\n\n<p>Le lien Zoom sera envoy\u00e9 aux d\u00e9tenteurs de billets par courriel 30 minutes avant le d\u00e9but du tour. Si Zoom n&rsquo;est pas d\u00e9j\u00e0 install\u00e9 sur votre ordinateur, vous serez invit\u00e9 \u00e0 l&rsquo;installer en cliquant sur le lien<\/p>\n<\/div>\n\n\n\n<div class=\"wp-block-column is-layout-flow wp-block-column-is-layout-flow\" style=\"flex-basis:33.33%\">\n<figure class=\"wp-block-image size-large\"><img loading=\"lazy\" decoding=\"async\" width=\"466\" height=\"443\" src=\"https:\/\/hauntedmontreal.com\/wp-content\/uploads\/2020\/10\/montreal-hante-mont-royal-hante-mctavish.png\" alt=\"\" class=\"wp-image-11083\" srcset=\"https:\/\/hauntedmontreal.com\/wp-content\/uploads\/2020\/10\/montreal-hante-mont-royal-hante-mctavish.png 466w, https:\/\/hauntedmontreal.com\/wp-content\/uploads\/2020\/10\/montreal-hante-mont-royal-hante-mctavish-300x285.png 300w\" sizes=\"auto, (max-width: 466px) 100vw, 466px\" \/><\/figure>\n\n\n\n<figure class=\"wp-block-image size-large\"><img loading=\"lazy\" decoding=\"async\" width=\"1024\" height=\"787\" src=\"https:\/\/hauntedmontreal.com\/wp-content\/uploads\/2020\/10\/montreal-hante-maison-hante-1024x787.png\" alt=\"\" class=\"wp-image-11044\" srcset=\"https:\/\/hauntedmontreal.com\/wp-content\/uploads\/2020\/10\/montreal-hante-maison-hante-1024x787.png 1024w, https:\/\/hauntedmontreal.com\/wp-content\/uploads\/2020\/10\/montreal-hante-maison-hante-300x230.png 300w, https:\/\/hauntedmontreal.com\/wp-content\/uploads\/2020\/10\/montreal-hante-maison-hante-768x590.png 768w, https:\/\/hauntedmontreal.com\/wp-content\/uploads\/2020\/10\/montreal-hante-maison-hante.png 1191w\" sizes=\"auto, (max-width: 1024px) 100vw, 1024px\" \/><\/figure>\n\n\n\n<figure class=\"wp-block-image size-large\"><img loading=\"lazy\" decoding=\"async\" width=\"279\" height=\"336\" src=\"https:\/\/hauntedmontreal.com\/wp-content\/uploads\/2020\/10\/montreal-hante-mont-royal-hante-simon-mctavish.png\" alt=\"\" class=\"wp-image-11081\" srcset=\"https:\/\/hauntedmontreal.com\/wp-content\/uploads\/2020\/10\/montreal-hante-mont-royal-hante-simon-mctavish.png 279w, https:\/\/hauntedmontreal.com\/wp-content\/uploads\/2020\/10\/montreal-hante-mont-royal-hante-simon-mctavish-249x300.png 249w\" sizes=\"auto, (max-width: 279px) 100vw, 279px\" \/><\/figure>\n\n\n\n<figure class=\"wp-block-image size-large\"><img loading=\"lazy\" decoding=\"async\" width=\"800\" height=\"387\" src=\"https:\/\/hauntedmontreal.com\/wp-content\/uploads\/2020\/10\/montreal-hante-cimitere-saint-antoine.png\" alt=\"\" class=\"wp-image-11085\" srcset=\"https:\/\/hauntedmontreal.com\/wp-content\/uploads\/2020\/10\/montreal-hante-cimitere-saint-antoine.png 800w, https:\/\/hauntedmontreal.com\/wp-content\/uploads\/2020\/10\/montreal-hante-cimitere-saint-antoine-300x145.png 300w, https:\/\/hauntedmontreal.com\/wp-content\/uploads\/2020\/10\/montreal-hante-cimitere-saint-antoine-768x372.png 768w\" sizes=\"auto, (max-width: 800px) 100vw, 800px\" \/><\/figure>\n\n\n\n<figure class=\"wp-block-image size-large\"><img loading=\"lazy\" decoding=\"async\" width=\"527\" height=\"258\" src=\"https:\/\/hauntedmontreal.com\/wp-content\/uploads\/2020\/10\/montreal-hante-2.png\" alt=\"\" class=\"wp-image-11087\" srcset=\"https:\/\/hauntedmontreal.com\/wp-content\/uploads\/2020\/10\/montreal-hante-2.png 527w, https:\/\/hauntedmontreal.com\/wp-content\/uploads\/2020\/10\/montreal-hante-2-300x147.png 300w\" sizes=\"auto, (max-width: 527px) 100vw, 527px\" \/><\/figure>\n\n\n\n<figure class=\"wp-block-image size-large\"><img loading=\"lazy\" decoding=\"async\" width=\"901\" height=\"685\" src=\"https:\/\/hauntedmontreal.com\/wp-content\/uploads\/2020\/10\/montreal-hante-maison-griffintown.png\" alt=\"\" class=\"wp-image-11046\" srcset=\"https:\/\/hauntedmontreal.com\/wp-content\/uploads\/2020\/10\/montreal-hante-maison-griffintown.png 901w, https:\/\/hauntedmontreal.com\/wp-content\/uploads\/2020\/10\/montreal-hante-maison-griffintown-300x228.png 300w, https:\/\/hauntedmontreal.com\/wp-content\/uploads\/2020\/10\/montreal-hante-maison-griffintown-768x584.png 768w\" sizes=\"auto, (max-width: 901px) 100vw, 901px\" \/><\/figure>\n\n\n\n<figure class=\"wp-block-image size-large\"><img loading=\"lazy\" decoding=\"async\" width=\"633\" height=\"362\" src=\"https:\/\/hauntedmontreal.com\/wp-content\/uploads\/2020\/10\/montreal-hante-axe.png\" alt=\"\" class=\"wp-image-11089\" srcset=\"https:\/\/hauntedmontreal.com\/wp-content\/uploads\/2020\/10\/montreal-hante-axe.png 633w, https:\/\/hauntedmontreal.com\/wp-content\/uploads\/2020\/10\/montreal-hante-axe-300x172.png 300w\" sizes=\"auto, (max-width: 633px) 100vw, 633px\" \/><\/figure>\n<\/div>\n<\/div>\n","protected":false},"excerpt":{"rendered":"<p>Ne laissez pas COVID-19 ruiner vos plans! Montr\u00e9al hant\u00e9 est heureux d&rsquo;offrir une exp\u00e9rience unique dans le confort de votre maison devant votre ordinateur &#8211; notre sp\u00e9cial Visite hant\u00e9e virtuelle! \u00c9teignez les lumi\u00e8res et allumez votre ordinateur! Connectez-vous facilement via un lien Zoom. Avec plus de 400 histoires de fant\u00f4mes document\u00e9es, Montr\u00e9al est de loin&hellip;<\/p>\n","protected":false},"author":2,"featured_media":0,"parent":0,"menu_order":0,"comment_status":"closed","ping_status":"closed","template":"","meta":{"footnotes":""},"class_list":["post-11038","page","type-page","status-publish","hentry","entry","no-media"],"_links":{"self":[{"href":"https:\/\/hauntedmontreal.com\/fr\/wp-json\/wp\/v2\/pages\/11038","targetHints":{"allow":["GET"]}}],"collection":[{"href":"https:\/\/hauntedmontreal.com\/fr\/wp-json\/wp\/v2\/pages"}],"about":[{"href":"https:\/\/hauntedmontreal.com\/fr\/wp-json\/wp\/v2\/types\/page"}],"author":[{"embeddable":true,"href":"https:\/\/hauntedmontreal.com\/fr\/wp-json\/wp\/v2\/users\/2"}],"replies":[{"embeddable":true,"href":"https:\/\/hauntedmontreal.com\/fr\/wp-json\/wp\/v2\/comments?post=11038"}],"version-history":[{"count":9,"href":"https:\/\/hauntedmontreal.com\/fr\/wp-json\/wp\/v2\/pages\/11038\/revisions"}],"predecessor-version":[{"id":14540,"href":"https:\/\/hauntedmontreal.com\/fr\/wp-json\/wp\/v2\/pages\/11038\/revisions\/14540"}],"wp:attachment":[{"href":"https:\/\/hauntedmontreal.com\/fr\/wp-json\/wp\/v2\/media?parent=11038"}],"curies":[{"name":"wp","href":"https:\/\/api.w.org\/{rel}","templated":true}]}}