{"id":10795,"date":"2020-09-24T20:38:30","date_gmt":"2020-09-25T00:38:30","guid":{"rendered":"https:\/\/hauntedmontreal.com\/foire-aux-questions"},"modified":"2023-07-16T12:43:42","modified_gmt":"2023-07-16T16:43:42","slug":"foire-aux-questions","status":"publish","type":"page","link":"https:\/\/hauntedmontreal.com\/fr\/foire-aux-questions","title":{"rendered":"Foire aux questions"},"content":{"rendered":"\n<p><strong>Quel est le meilleur moyen de contacter Montr\u00e9al hant\u00e9?<\/strong><\/p>\n\n\n\n<p>Pour une r\u00e9ponse rapide, le meilleur moyen de communiquer est par courriel \u00e0&nbsp;<a href=\"mailto:info@hauntedmontreal.com\">info@hauntedmontreal.com<\/a>. Merci de ne jamais appeler nos collaborateurs chez lesquels partent nos visites car leurs employ\u00e9s ne sont pas en lien avec Montr\u00e9al hant\u00e9.<\/p>\n\n\n\n<p><strong>Comment puis-je acheter des billets?<\/strong><\/p>\n\n\n\n<p>Les billets peuvent \u00eatre achet\u00e9s sur notre <a title=\"\" href=\"https:\/\/www.facebook.com\/hauntedmontreal\" target=\"_blank\" rel=\"noopener\">page Facebook<\/a>, sur le site Montr\u00e9al&nbsp;hant\u00e9 ou directement sur <a title=\"\" href=\"https:\/\/www.eventbrite.ca\/o\/haunted-montreal-montreal-hante-16891536826\" target=\"_blank\" rel=\"noopener\">Eventbrite<\/a>.<\/p>\n\n\n\n<p><strong>Annulez-vous une visite quand il pleut?<\/strong><\/p>\n\n\n\n<p>Non, les visites ont lieu malgre\u0301 la me\u0301te\u0301o. Nous sugge\u0301rons a\u0300 nos clients d\u2019apporter un parapluie ou de s\u2019habiller en conse\u0301quence.<\/p>\n\n\n\n<p><strong>Ai-je besoin d\u2019imprimer mon ticket?<\/strong><\/p>\n\n\n\n<p>Non. Votre nom sera automatiquement ajout\u00e9 au syst\u00e8me.<\/p>\n\n\n\n<p><strong>Si je ne peux pas payer en ligne, puis-je acheter mes billets autrement?<\/strong><\/p>\n\n\n\n<p>Oui. Vous pouvez re\u0301server vos billets et payer en de\u0301but de visite. Cette option n\u2019est disponible que si vous e\u0302tes certain d\u2019y e\u0302tre, me\u0302me en cas de pluie. Pour re\u0301server un maximum de 4 billets, veuillez contacter : <a href=\"mailto:info@hauntedmontreal.com\">info@hauntedmontreal.com<\/a> avec la visite voulue, la date, l\u2019heure, la langue et le nombre de billets.<\/p>\n\n\n\n<p><strong>Y a-t-il une liste d\u2019attente si la visite est comple\u0300te?<\/strong><\/p>\n\n\n\n<p>Oui, si jamais une visite est comple\u0300te, vous pouvez vous ajouter a\u0300 sa liste d\u2019attente. S\u2019il y a plusieurs annulations, nous vous contacterons 48 heures avant pour vous offrir vos billets.<\/p>\n\n\n\n<p><strong>Quand devrais-je m\u2019y pointer?<\/strong><\/p>\n\n\n\n<p>Il est pre\u0301fe\u0301rable d\u2019arriver au moins 10 minutes a\u0300 l\u2019avance. La billetterie ouvre 30 minutes avant le de\u0301but de la visite. Si vous voulez boire ou manger quelque chose, nous vous conseillons d\u2019arriver plus to\u0302t pour mieux me\u0301nager votre temps.<\/p>\n\n\n\n<p><strong>Y a-t-il un stationnement sur place?<\/strong><\/p>\n\n\n\n<p>L\u2019endroit n\u2019a aucune zone de stationnement ; mais il y en a sur les rues a\u0300 Montre\u0301al. Soyez attentifs, car les parcome\u0300tres sont payants a\u0300 certaines heures. Parfois les grands e\u0301ve\u0301nements comme les parties de hockey re\u0301duisent le nombre de places ou\u0300 se stationner, dans ce cas, Montre\u0301al hante\u0301 sugge\u0300re fortement d\u2019utiliser le transport en commun.<\/p>\n\n\n\n<p><strong>Que faire si je suis en retard?<\/strong><\/p>\n\n\n\n<p>Les visites fant\u00f4mes commencent \u00e0 l&rsquo;heure, nous conseillons donc aux clients de prendre des pr\u00e9cautions pour s&rsquo;assurer qu&rsquo;ils ne sont pas en retard.<\/p>\n\n\n\n<p><strong>Combien de temps dure une visite?<\/strong><\/p>\n\n\n\n<p>Toutes les visites hante\u0301es durent environ 90 minutes.<\/p>\n\n\n\n<p><strong>Les visites hante\u0301es finissent-elles au point de leur de\u0301part?<\/strong><\/p>\n\n\n\n<p>Non. La visite du Mont-Royal hante\u0301 se termine a\u0300 l\u2019angle de Peel et Ave. des Pins. Celle du Griffintown, a\u0300 l\u2019angle de William et Murray. Le Centre-ville hante\u0301 finit a\u0300 la Place du Canada.<\/p>\n\n\n\n<p><strong>Quelle est la distance de marche dans chaque visite?<\/strong><\/p>\n\n\n\n<p>Une visite hante\u0301e fait typiquement 1,5 a\u0300 2 kilome\u0300tres.<\/p>\n\n\n\n<p><strong>Les visites hante\u0301es conviennent-elles aux enfants et y a-t-il une limite d\u2019a\u0302ge?<\/strong><\/p>\n\n\n\n<p>Aucune limite d\u2019a\u0302ge n\u2019est officielle. Toutefois, les parents devraient consulter leurs enfants avant d\u2019acheter leurs billets pour savoir s\u2019ils sont a\u0300 l\u2019aise avec les histoires du paranormal et ses endroits apeurants.<\/p>\n\n\n\n<p><strong>A\u0300 quel point les visites sont-elles apeurantes, et, va-t-on nous sauter dessus?<\/strong><\/p>\n\n\n\n<p>Les visites sont mene\u0301es par des acteurs et raconteurs professionnels qui content des histoires de fanto\u0302mes a\u0300 des endroits apeurants. Les histoires font peur, mais ce n\u2019est pas une maison hante\u0301e ni un parc d\u2019attractions : ils ne vous sauteront pas dessus.<\/p>\n\n\n\n<p><strong>Devrais-je apporter une lampe de poche ou autre chose?<\/strong><\/p>\n\n\n\n<p>Oui. Nous vous sugge\u0301rons d\u2019apporter une lampe de poche et d\u2019e\u0302tre bien chausse\u0301s. Il est e\u0301galement souhaitable d\u2019avoir un appareil photo et de l\u2019insectifuge, surtout pour la visite du Mont-Royal hante\u0301 pendant la saison estivale.<\/p>\n\n\n\n<p><strong>Avons-nous acce\u0300s aux toilettes durant les visites?<\/strong><\/p>\n\n\n\n<p>Tous les endroits ou\u0300 commencent nos visites ont des toilettes.<\/p>\n\n\n\n<p><strong>Les visites sont-elles accessibles aux gens a\u0300 mobilite\u0301 re\u0301duite?<\/strong><\/p>\n\n\n\n<p>Griffintown hant\u00e9, Le centre-ville hant\u00e9, Le Vieux-Montr\u00e9al hant\u00e9 et l&rsquo;Enqu\u00eate paranormale sont accessibles aux personnes \u00e0 mobilit\u00e9 r\u00e9duite (ex.: en fauteuil roulant), mais Le Mont-Royal hant\u00e9 et la Tourn\u00e9e des bars hant\u00e9s ne sont pas dus \u00e0 plusieurs s\u00e9ries d&rsquo;escaliers qui sont n\u00e9cessaires pour atteindre les lieux hant\u00e9s du Mont-Royal, et les escaliers pour entrer et sortir des trois bars, et nos emplacements dans ceux-ci.<\/p>\n\n\n\n<p><strong>Les billets sont-ils remboursables?<\/strong><\/p>\n\n\n\n<p>Les billets sont remboursables 7 jours avant la visite.<\/p>\n\n\n\n<p><strong>Devrais-je donner un pourboire \u00e0 la fin de la visite?<\/strong><\/p>\n\n\n\n<p>Ce choix vous revient enti\u00e8rement. Si vous avez aim\u00e9 la visite et d\u00e9sirez laisser un pourboire il sera gentiment accept\u00e9.<\/p>\n","protected":false},"excerpt":{"rendered":"<p>Quel est le meilleur moyen de contacter Montr\u00e9al hant\u00e9? Pour une r\u00e9ponse rapide, le meilleur moyen de communiquer est par courriel \u00e0&nbsp;info@hauntedmontreal.com. Merci de ne jamais appeler nos collaborateurs chez lesquels partent nos visites car leurs employ\u00e9s ne sont pas en lien avec Montr\u00e9al hant\u00e9. Comment puis-je acheter des billets? Les billets peuvent \u00eatre achet\u00e9s&hellip;<\/p>\n","protected":false},"author":2,"featured_media":0,"parent":0,"menu_order":0,"comment_status":"closed","ping_status":"closed","template":"","meta":{"footnotes":""},"class_list":["post-10795","page","type-page","status-publish","hentry","entry","no-media"],"_links":{"self":[{"href":"https:\/\/hauntedmontreal.com\/fr\/wp-json\/wp\/v2\/pages\/10795","targetHints":{"allow":["GET"]}}],"collection":[{"href":"https:\/\/hauntedmontreal.com\/fr\/wp-json\/wp\/v2\/pages"}],"about":[{"href":"https:\/\/hauntedmontreal.com\/fr\/wp-json\/wp\/v2\/types\/page"}],"author":[{"embeddable":true,"href":"https:\/\/hauntedmontreal.com\/fr\/wp-json\/wp\/v2\/users\/2"}],"replies":[{"embeddable":true,"href":"https:\/\/hauntedmontreal.com\/fr\/wp-json\/wp\/v2\/comments?post=10795"}],"version-history":[{"count":7,"href":"https:\/\/hauntedmontreal.com\/fr\/wp-json\/wp\/v2\/pages\/10795\/revisions"}],"predecessor-version":[{"id":15301,"href":"https:\/\/hauntedmontreal.com\/fr\/wp-json\/wp\/v2\/pages\/10795\/revisions\/15301"}],"wp:attachment":[{"href":"https:\/\/hauntedmontreal.com\/fr\/wp-json\/wp\/v2\/media?parent=10795"}],"curies":[{"name":"wp","href":"https:\/\/api.w.org\/{rel}","templated":true}]}}