{"id":10775,"date":"2020-09-24T16:36:38","date_gmt":"2020-09-24T20:36:38","guid":{"rendered":"https:\/\/hauntedmontreal.com\/visites-hantees-2"},"modified":"2025-05-10T15:15:14","modified_gmt":"2025-05-10T19:15:14","slug":"visites-hantees","status":"publish","type":"page","link":"https:\/\/hauntedmontreal.com\/fr\/visites-hantees","title":{"rendered":"Visites hant\u00e9es"},"content":{"rendered":"\n<div class=\"wp-block-columns is-layout-flex wp-container-core-columns-is-layout-28f84493 wp-block-columns-is-layout-flex\">\n<div class=\"wp-block-column is-layout-flow wp-block-column-is-layout-flow\" style=\"flex-basis:66.66%\">\n<p>Montr\u00e9al hant\u00e9 offre six visites hant\u00e9es: <a title=\"Griffintown hant\u00e9\" href=\"https:\/\/hauntedmontreal.com\/fr\/griffintown-hantee\">Griffintown hant\u00e9<\/a>,&nbsp;<a title=\"Mont-Royal hant\u00e9\" href=\"https:\/\/hauntedmontreal.com\/fr\/mont-royal-hante\">Mont-Royal hant\u00e9<\/a>&nbsp;(territoire de la montagne),&nbsp;<a href=\"https:\/\/hauntedmontreal.com\/fr\/le-centre-ville-hante\">le Centre-Ville hant\u00e9<\/a>, <a href=\"https:\/\/hauntedmontreal.com\/fr\/le-vieux-montreal-hante\" data-type=\"URL\" data-id=\"https:\/\/hauntedmontreal.com\/fr\/le-vieux-montreal-hante\">le Vieux-Montr\u00e9al hant\u00e9<\/a>,&nbsp;<a href=\"https:\/\/hauntedmontreal.com\/fr\/pub-crawl-de-montreal-hante\">une tourn\u00e9e de bars hant\u00e9s<\/a>&nbsp;et une <a href=\"https:\/\/www.eventbrite.ca\/e\/billets-enquete-paranormale-vieux-cimetiere-sainte-antoine-97419713987\">enqu\u00eate paranormal dans le vieux cimeti\u00e8re Saint-Antoine<\/a>.&nbsp;&nbsp;Ces cinq circuits et l&rsquo;enqu\u00eate ponctu\u00e9s d\u2019anecdotes historiques fantomatiques vous feront frissonner \u00e0 coup s\u00fbr\u2026<\/p>\n\n\n\n<p>Nous proposons \u00e9galement des <a href=\"https:\/\/hauntedmontreal.com\/fr\/visites-privees\" data-type=\"URL\" data-id=\"https:\/\/hauntedmontreal.com\/fr\/visites-privees\">visites priv\u00e9es<\/a> de toutes nos exp\u00e9riences hant\u00e9es.<\/p>\n\n\n\n<p>Le prix du billet est de 29 $ (taxes incluses).<\/p>\n\n\n\n<h2 class=\"wp-block-heading\">Programmation grand public (en fran\u00e7ais)<\/h2>\n\n\n\n<p>Montr\u00e9al hant\u00e9 offre des visites publiques de&nbsp;<a title=\"Griffintown hant\u00e9\" href=\"https:\/\/hauntedmontreal.com\/fr\/griffintown-hantee\">Griffintown hant\u00e9<\/a>,&nbsp;<a title=\"Mont-Royal hant\u00e9\" href=\"https:\/\/hauntedmontreal.com\/fr\/mont-royal-hante\">Mont Royal hant\u00e9,<\/a>&nbsp;<a href=\"https:\/\/hauntedmontreal.com\/fr\/le-centre-ville-hante\">le Centre-Ville hant\u00e9<\/a>, <a href=\"https:\/\/hauntedmontreal.com\/fr\/le-vieux-montreal-hante\">le Vieux-Montr\u00e9al hant\u00e9<\/a>,&nbsp;<a href=\"https:\/\/hauntedmontreal.com\/fr\/pub-crawl-de-montreal-hante\">une tourn\u00e9e de bars hant\u00e9s<\/a>&nbsp;et une <a href=\"https:\/\/www.eventbrite.ca\/e\/billets-enquete-paranormale-vieux-cimetiere-sainte-antoine-97419713987\">enqu\u00eate paranormale dans le vieux cimeti\u00e8re Saint-Antoine<\/a>. Pour acheter des billets, cliquez sur le visite qui vous int\u00e9resse.<\/p>\n\n\n\n<h2 class=\"wp-block-heading\">Visites Priv\u00e9es<\/h2>\n\n\n\n<p>Montr\u00e9al hant\u00e9 offre des visites priv\u00e9es pour les:<\/p>\n\n\n\n<ul class=\"wp-block-list\">\n<li>Groupes d\u2019entreprises<\/li>\n\n\n\n<li>Groupes scolaires<\/li>\n\n\n\n<li>Enterrements de vie de jeune fille<\/li>\n\n\n\n<li>Rassemblements de tous types<\/li>\n<\/ul>\n\n\n\n<p>Les visites priv\u00e9es sont tributaires de la disponibilit\u00e9 de nos acteurs. Nous offrons un prix fixe pour les petits groupes (moins de 8). Les visites offertes sont <a href=\"https:\/\/hauntedmontreal.com\/fr\/griffintown-hantee\">Griffintown hant\u00e9<\/a>,&nbsp;<a href=\"https:\/\/hauntedmontreal.com\/fr\/mont-royal-hante\">Mont-Royal hant\u00e9<\/a>,&nbsp;<a href=\"https:\/\/hauntedmontreal.com\/fr\/le-centre-ville-hante\">le Centre-Ville hant\u00e9<\/a>, <a href=\"https:\/\/hauntedmontreal.com\/fr\/le-vieux-montreal-hante\">le Vieux-Montr\u00e9al hant\u00e9<\/a>,&nbsp;<a href=\"https:\/\/hauntedmontreal.com\/fr\/pub-crawl-de-montreal-hante\">une tourn\u00e9e de bars hant\u00e9s<\/a>&nbsp;et l&rsquo;<a href=\"https:\/\/www.eventbrite.ca\/e\/billets-enquete-paranormale-vieux-cimetiere-sainte-antoine-97419713987\">enqu\u00eate paranormal dans le vieux cimeti\u00e8re Saint-Antoine<\/a><\/p>\n\n\n\n<p>S\u2019il vous pla\u00eet, envoyer un courriel \u00e0&nbsp;<a rel=\"noopener noreferrer\" href=\"mailto:info@hauntedmontreal.com\" target=\"_blank\">info@hauntedmontreal.com<\/a> et laissez-nous vos coordonn\u00e9es, le nom du circuit qui vous int\u00e9resse et la date et l\u2019heure auxquelles vous souhaitez effectuer votre visite.<\/p>\n\n\n\n<p>*S\u2019il vous pla\u00eet noter que les visites priv\u00e9es doivent \u00eatre pay\u00e9es \u00e0 l\u2019avance.<\/p>\n<\/div>\n\n\n\n<div class=\"wp-block-column is-layout-flow wp-block-column-is-layout-flow\" style=\"flex-basis:33.33%\">\n<figure class=\"wp-block-image size-large\"><img loading=\"lazy\" decoding=\"async\" width=\"303\" height=\"421\" src=\"https:\/\/hauntedmontreal.com\/wp-content\/uploads\/2017\/03\/haunted-montreal-private-tours.jpg\" alt=\"\" class=\"wp-image-1236\" srcset=\"https:\/\/hauntedmontreal.com\/wp-content\/uploads\/2017\/03\/haunted-montreal-private-tours.jpg 303w, https:\/\/hauntedmontreal.com\/wp-content\/uploads\/2017\/03\/haunted-montreal-private-tours-216x300.jpg 216w\" sizes=\"auto, (max-width: 303px) 100vw, 303px\" \/><\/figure>\n<\/div>\n<\/div>\n\n\n\n<div class=\"app-placeholder-calendar\" data-id=\"proj_oPaj7Gz2xOYj0yhxF0Xwl\"><\/div>\n<script type=\"text\/javascript\" src=\"\/\/platform.eventscalendar.co\/plugins\/web\/loader.js?app=calendar\" id=\"Inffuse-Loader\"><\/script>\n","protected":false},"excerpt":{"rendered":"<p>Montr\u00e9al hant\u00e9 offre six visites hant\u00e9es: Griffintown hant\u00e9,&nbsp;Mont-Royal hant\u00e9&nbsp;(territoire de la montagne),&nbsp;le Centre-Ville hant\u00e9, le Vieux-Montr\u00e9al hant\u00e9,&nbsp;une tourn\u00e9e de bars hant\u00e9s&nbsp;et une enqu\u00eate paranormal dans le vieux cimeti\u00e8re Saint-Antoine.&nbsp;&nbsp;Ces cinq circuits et l&rsquo;enqu\u00eate ponctu\u00e9s d\u2019anecdotes historiques fantomatiques vous feront frissonner \u00e0 coup s\u00fbr\u2026 Nous proposons \u00e9galement des visites priv\u00e9es de toutes nos exp\u00e9riences hant\u00e9es. Le&hellip;<\/p>\n","protected":false},"author":2,"featured_media":0,"parent":0,"menu_order":0,"comment_status":"closed","ping_status":"closed","template":"","meta":{"footnotes":""},"class_list":["post-10775","page","type-page","status-publish","hentry","entry","no-media"],"_links":{"self":[{"href":"https:\/\/hauntedmontreal.com\/fr\/wp-json\/wp\/v2\/pages\/10775","targetHints":{"allow":["GET"]}}],"collection":[{"href":"https:\/\/hauntedmontreal.com\/fr\/wp-json\/wp\/v2\/pages"}],"about":[{"href":"https:\/\/hauntedmontreal.com\/fr\/wp-json\/wp\/v2\/types\/page"}],"author":[{"embeddable":true,"href":"https:\/\/hauntedmontreal.com\/fr\/wp-json\/wp\/v2\/users\/2"}],"replies":[{"embeddable":true,"href":"https:\/\/hauntedmontreal.com\/fr\/wp-json\/wp\/v2\/comments?post=10775"}],"version-history":[{"count":10,"href":"https:\/\/hauntedmontreal.com\/fr\/wp-json\/wp\/v2\/pages\/10775\/revisions"}],"predecessor-version":[{"id":17194,"href":"https:\/\/hauntedmontreal.com\/fr\/wp-json\/wp\/v2\/pages\/10775\/revisions\/17194"}],"wp:attachment":[{"href":"https:\/\/hauntedmontreal.com\/fr\/wp-json\/wp\/v2\/media?parent=10775"}],"curies":[{"name":"wp","href":"https:\/\/api.w.org\/{rel}","templated":true}]}}