{"id":10697,"date":"2020-09-21T13:21:15","date_gmt":"2020-09-21T17:21:15","guid":{"rendered":"https:\/\/hauntedmontreal.com\/tournee-des-bars-hante"},"modified":"2025-10-12T22:20:04","modified_gmt":"2025-10-13T02:20:04","slug":"pub-crawl-de-montreal-hante","status":"publish","type":"page","link":"https:\/\/hauntedmontreal.com\/fr\/pub-crawl-de-montreal-hante","title":{"rendered":"Tourn\u00e9e des bars hant\u00e9s"},"content":{"rendered":"\n<div class=\"wp-block-columns is-layout-flex wp-container-core-columns-is-layout-28f84493 wp-block-columns-is-layout-flex\">\n<div class=\"wp-block-column is-layout-flow wp-block-column-is-layout-flow\" style=\"flex-basis:66.66%\">\n<h3 class=\"wp-block-heading\" id=\"a-la-recherche-d-un-autre-montreal\"><strong>Halloween 2025 \u00e0 Montr\u00e9al<\/strong><\/h3>\n\n\n\n<p>Montr\u00e9al poss\u00e8de plusieurs \u00e9tablissements hant\u00e9s o\u00f9 il est possible de prendre quelques verres tout en \u00e9tant plong\u00e9 dans un univers paranormal : discoth\u00e8ques chics, salles burlesques, bars, anciennes auberges, bistros, brasseries, tavernes et bien d\u2019autres!<\/p>\n\n\n\n<p>Montr\u00e9al est de loin la meilleure m\u00e9tropole pour m\u00e9langer alcool et histoires de fant\u00f4mes effroyables; un lieu id\u00e9al pour boire abondamment tout en examinant le pass\u00e9 brutal et sordide de la ville et ses fant\u00f4mes issus des pires crimes et terribles circonstances. La ville de Dublin, en Irlande, compte environ 15 pubs hant\u00e9s et Savannah, en G\u00e9orgie, sacr\u00e9e \u00ab Ville la plus hant\u00e9e des \u00c9tats-Unis \u00bb, accueille environ 25 bars paranormaux, c\u2019est Montr\u00e9al qui remporte la palme avec plus de 40 d\u00e9bits de boissonen hant\u00e9s.<\/p>\n\n\n\n<p>Dirig\u00e9e par le conteur professionnel d\u2019histoires de paranormales, la tourn\u00e9e des Bars hant\u00e9s permet de visiter 3 pubs. Elle d\u00e9bute au McKibbin\u2019s pub iirlandais, dans le centre-ville de Montr\u00e9al sur la rue Bishop, pour faire d\u00e9couvrir aux invit\u00e9s, non seulement le nombre d\u2019endroits hant\u00e9s o\u00f9 il est possible de prendre un verre, mais aussi leurs raconter les histoires de fant\u00f4mes les plus inf\u00e2mes de Montr\u00e9al.<\/p>\n\n\n\n<p>D\u00e9couvrez des pubs hant\u00e9s et des histoires stup\u00e9fiantes sur les fant\u00f4mes de Montr\u00e9al et apprenez-en davantage sur les forces historiques qui ont transform\u00e9 l\u2019ancienne \u00eele autochtone Tiot\u00e0:ke en la bourgade de Ville-Marie : une colonie fran\u00e7aise fond\u00e9e par des \u00e9vang\u00e9listes catholiques qui ont opprim\u00e9 les populations indig\u00e8nes, une plaque tournante du crime britannique, un site violent de r\u00e9bellion et de r\u00e9volution subversive dans la ville la plus hant\u00e9e du Canada.<\/p>\n\n\n\n<p>Vous entendrez les r\u00e9cits paranormaux qui se cachent derri\u00e8re le myst\u00e9rieux pub irlandais McKibbin\u2019s, le c\u00e9l\u00e8bre pub Sir Winston Churchill, le club fun\u00e9raire Le Cinq et, bien s\u00fbr, le pub irlandais Hurley\u2019s o\u00f9 un fant\u00f4me, connu simplement sous le nom de \u00ab Burning Lady \u00bb, hante l\u2019\u00e9tablissement.<\/p>\n\n\n\n<p>Le conteur de ces histoires paranormales fascinera les invit\u00e9s avec les histoires de fant\u00f4mes les plus troublantes et les plus inf\u00e2mes de Montr\u00e9al. Apprenez-en plus sur Simon McTavish, un baron \u00e9cossais qui d\u00e9valer les pentes du Mont-Royal dans son propre cercueil ou encore, sur le fant\u00f4me John Easton Mills, maire- de la martyre de Montr\u00e9al, qui a p\u00e9ri en tentant de prot\u00e9ger les r\u00e9fugi\u00e9s irlandais frapp\u00e9s par le typhus pendant la famine de 1847 et aussi sur Mary sans t\u00eate, le fant\u00f4me d\u2019une prostitu\u00e9e de Griffintown d\u00e9capit\u00e9e par son meilleur ami dans un bidonville en 1879 et qui revient maintenant, \u00e0 tous les 7 ans, au coin des rues William et Murray, \u00e0 la recherche de sa t\u00eate!<\/p>\n\n\n\n<p>Joignez-vous \u00e0 Montr\u00e9al hant\u00e9 pour cette tourn\u00e9e inoubliable des pubs o\u00f9 vous m\u00ealer spiritueux et esprits tout en apprenant l\u2019histoire stup\u00e9fiante de la ville gr\u00e2ce \u00e0 des contes de fant\u00f4mes \u00e0 glacer le sang!<\/p>\n\n\n\n<ul class=\"wp-block-list\">\n<li>Veuillez noter que cette visite est r\u00e9serv\u00e9e aux 18 ans et plus et que les boissons ne sont pas incluses dans le prix du billet. La Tourn\u00e9e des bars hant\u00e9 dure environ 2 heures et se termine au Hurley\u2019s Irish Pub (1225 Crescent Street). Les pouboires pour le conteur fant\u00f4me sont toujours appr\u00e9ci\u00e9es. Veuillez boire de mani\u00e8re responsable.<\/li>\n<\/ul>\n\n\n\n<h2 class=\"wp-block-heading\" id=\"visites-publiques-en-francais\">Visites publiques en fran\u00e7ais<\/h2>\n\n\n\n<p>Le dernier dimanche du mois \u00e0 16h. La tourn\u00e9e des pubs commence au McKibbin\u2019s pub irlandais du centre-ville de Montr\u00e9al (1426 rue Bishop).<\/p>\n\n\n\n<p>M\u00eame si la distance entre les pubs est courte, habillez-vous de la mani\u00e8re appropri\u00e9e, surtout en hiver.<\/p>\n\n\n\n<p><strong><em>Nous nous r\u00e9servons le droit d&rsquo;annuler une visite qui a moins de cinq billets vendus avant 18h la veille de l&rsquo;\u00e9v\u00e9nement (et dans la plupart des cas, nous le ferons). Bien entendu, nous rembourserons tous les acheteurs de billets existants si et quand nous annulons.<\/em><\/strong><\/p>\n\n\n\n<ul class=\"wp-block-list\">\n<li>Pour les tourn\u00e9es de bars hant\u00e9es en anglais, \u00e0 partir de 15 h tous les dimanches, veuillez visiter <a href=\"https:\/\/hauntedmontreal.com\/fr\/pub-crawl-de-montreal-hante\">Haunted Pub Crawl<\/a>.<\/li>\n<\/ul>\n\n\n\n<h2 class=\"wp-block-heading\" id=\"billets-24-50-taxes-incluses\">Billets: 27.50 $ (TPS\/TVQ inclus)<\/h2>\n\n\n\n<div id=\"eventbrite-widget-container-823795192597\"><\/div>\n\n<script src=\"https:\/\/www.eventbrite.ca\/static\/widgets\/eb_widgets.js\"><\/script>\n\n<script type=\"text\/javascript\">\n    var exampleCallback = function() {\n        console.log('Order complete!');\n    };\n\n    window.EBWidgets.createWidget({\n        \/\/ Required\n        widgetType: 'checkout',\n        eventId: '823795192597',\n        iframeContainerId: 'eventbrite-widget-container-823795192597',\n\n        \/\/ Optional\n        iframeContainerHeight: 425,  \/\/ Widget height in pixels. Defaults to a minimum of 425px if not provided\n        onOrderComplete: exampleCallback  \/\/ Method called when an order has successfully completed\n    });\n<\/script>\n\n\n\n<h2 class=\"wp-block-heading\" id=\"visites-privees-en-francais\">Visites priv\u00e9es en fran\u00e7ais<\/h2>\n\n\n\n<p>La Tourn\u00e9e des bars hant\u00e9s de Montr\u00e9al est \u00e9galement offerte en <a href=\"https:\/\/hauntedmontreal.com\/fr\/visites-privees\" data-type=\"URL\" data-id=\"https:\/\/hauntedmontreal.com\/fr\/visites-privees\">tourn\u00e9e priv\u00e9e<\/a> pour les individus et les groupes, les \u00e9v\u00e9nements corporatifs, les \u00e9v\u00e9nements sp\u00e9ciaux, les enterrements de vie de jeune fille et tous les types de rassemblements. S\u2019il vous pla\u00eet, contacter&nbsp;<a href=\"mailto:info@hauntedmontreal.com\">info@hauntedmontreal.com<\/a>&nbsp;pour les d\u00e9tails et les tarifs si vous souhaitez organiser une visite priv\u00e9e.<\/p>\n\n\n\n<figure class=\"wp-block-image size-large\"><img loading=\"lazy\" decoding=\"async\" width=\"952\" height=\"472\" src=\"https:\/\/hauntedmontreal.com\/wp-content\/uploads\/2020\/09\/haunted-pub-crawl-haunted-montreal-bar-pub-5-1.jpeg\" alt=\"\" class=\"wp-image-10905\" srcset=\"https:\/\/hauntedmontreal.com\/wp-content\/uploads\/2020\/09\/haunted-pub-crawl-haunted-montreal-bar-pub-5-1.jpeg 952w, https:\/\/hauntedmontreal.com\/wp-content\/uploads\/2020\/09\/haunted-pub-crawl-haunted-montreal-bar-pub-5-1-300x149.jpeg 300w, https:\/\/hauntedmontreal.com\/wp-content\/uploads\/2020\/09\/haunted-pub-crawl-haunted-montreal-bar-pub-5-1-768x381.jpeg 768w\" sizes=\"auto, (max-width: 952px) 100vw, 952px\" \/><\/figure>\n<\/div>\n\n\n\n<div class=\"wp-block-column is-layout-flow wp-block-column-is-layout-flow\" style=\"flex-basis:33.33%\">\n<figure class=\"wp-block-image size-large\"><img loading=\"lazy\" decoding=\"async\" width=\"1024\" height=\"624\" src=\"https:\/\/hauntedmontreal.com\/wp-content\/uploads\/2020\/09\/tournee-des-bars-hante-montreal-hante-depliant.jpg\" alt=\"\" class=\"wp-image-10895\" srcset=\"https:\/\/hauntedmontreal.com\/wp-content\/uploads\/2020\/09\/tournee-des-bars-hante-montreal-hante-depliant.jpg 1024w, https:\/\/hauntedmontreal.com\/wp-content\/uploads\/2020\/09\/tournee-des-bars-hante-montreal-hante-depliant-300x183.jpg 300w, https:\/\/hauntedmontreal.com\/wp-content\/uploads\/2020\/09\/tournee-des-bars-hante-montreal-hante-depliant-768x468.jpg 768w\" sizes=\"auto, (max-width: 1024px) 100vw, 1024px\" \/><\/figure>\n\n\n\n<figure class=\"wp-block-image size-large\"><img loading=\"lazy\" decoding=\"async\" width=\"351\" height=\"500\" src=\"https:\/\/hauntedmontreal.com\/wp-content\/uploads\/2020\/09\/tournee-des-bars-hante-montreal-hante-bar-pub-1.jpeg\" alt=\"\" class=\"wp-image-10897\" srcset=\"https:\/\/hauntedmontreal.com\/wp-content\/uploads\/2020\/09\/tournee-des-bars-hante-montreal-hante-bar-pub-1.jpeg 351w, https:\/\/hauntedmontreal.com\/wp-content\/uploads\/2020\/09\/tournee-des-bars-hante-montreal-hante-bar-pub-1-211x300.jpeg 211w\" sizes=\"auto, (max-width: 351px) 100vw, 351px\" \/><\/figure>\n\n\n\n<figure class=\"wp-block-image size-large\"><img loading=\"lazy\" decoding=\"async\" width=\"713\" height=\"703\" src=\"https:\/\/hauntedmontreal.com\/wp-content\/uploads\/2020\/09\/tournee-des-bars-hante-montreal-hante-bar-pub-2.jpeg\" alt=\"\" class=\"wp-image-10899\" srcset=\"https:\/\/hauntedmontreal.com\/wp-content\/uploads\/2020\/09\/tournee-des-bars-hante-montreal-hante-bar-pub-2.jpeg 713w, https:\/\/hauntedmontreal.com\/wp-content\/uploads\/2020\/09\/tournee-des-bars-hante-montreal-hante-bar-pub-2-300x296.jpeg 300w, https:\/\/hauntedmontreal.com\/wp-content\/uploads\/2020\/09\/tournee-des-bars-hante-montreal-hante-bar-pub-2-45x45.jpeg 45w\" sizes=\"auto, (max-width: 713px) 100vw, 713px\" \/><\/figure>\n\n\n\n<figure class=\"wp-block-image size-large\"><img loading=\"lazy\" decoding=\"async\" width=\"800\" height=\"533\" src=\"https:\/\/hauntedmontreal.com\/wp-content\/uploads\/2020\/09\/tournee-des-bars-hante-montreal-hante-bar-pub-3.jpeg\" alt=\"\" class=\"wp-image-10901\" srcset=\"https:\/\/hauntedmontreal.com\/wp-content\/uploads\/2020\/09\/tournee-des-bars-hante-montreal-hante-bar-pub-3.jpeg 800w, https:\/\/hauntedmontreal.com\/wp-content\/uploads\/2020\/09\/tournee-des-bars-hante-montreal-hante-bar-pub-3-300x200.jpeg 300w, https:\/\/hauntedmontreal.com\/wp-content\/uploads\/2020\/09\/tournee-des-bars-hante-montreal-hante-bar-pub-3-768x512.jpeg 768w\" sizes=\"auto, (max-width: 800px) 100vw, 800px\" \/><\/figure>\n\n\n\n<figure class=\"wp-block-image size-large\"><img loading=\"lazy\" decoding=\"async\" width=\"794\" height=\"1024\" src=\"https:\/\/hauntedmontreal.com\/wp-content\/uploads\/2020\/09\/tournee-des-bars-hante-montreal-hante-bar-pub-4.jpeg\" alt=\"\" class=\"wp-image-10903\" srcset=\"https:\/\/hauntedmontreal.com\/wp-content\/uploads\/2020\/09\/tournee-des-bars-hante-montreal-hante-bar-pub-4.jpeg 794w, https:\/\/hauntedmontreal.com\/wp-content\/uploads\/2020\/09\/tournee-des-bars-hante-montreal-hante-bar-pub-4-233x300.jpeg 233w, https:\/\/hauntedmontreal.com\/wp-content\/uploads\/2020\/09\/tournee-des-bars-hante-montreal-hante-bar-pub-4-768x990.jpeg 768w\" sizes=\"auto, (max-width: 794px) 100vw, 794px\" \/><\/figure>\n<\/div>\n<\/div>\n\n\n\n<div class=\"app-placeholder-calendar\" data-id=\"proj_oPaj7Gz2xOYj0yhxF0Xwl\"><\/div>\n<script type=\"text\/javascript\" src=\"\/\/platform.eventscalendar.co\/plugins\/web\/loader.js?app=calendar\" id=\"Inffuse-Loader\"><\/script>\n","protected":false},"excerpt":{"rendered":"<p>Halloween 2025 \u00e0 Montr\u00e9al Montr\u00e9al poss\u00e8de plusieurs \u00e9tablissements hant\u00e9s o\u00f9 il est possible de prendre quelques verres tout en \u00e9tant plong\u00e9 dans un univers paranormal : discoth\u00e8ques chics, salles burlesques, bars, anciennes auberges, bistros, brasseries, tavernes et bien d\u2019autres! Montr\u00e9al est de loin la meilleure m\u00e9tropole pour m\u00e9langer alcool et histoires de fant\u00f4mes effroyables; un&hellip;<\/p>\n","protected":false},"author":2,"featured_media":0,"parent":0,"menu_order":0,"comment_status":"closed","ping_status":"closed","template":"","meta":{"footnotes":""},"class_list":["post-10697","page","type-page","status-publish","hentry","entry","no-media"],"_links":{"self":[{"href":"https:\/\/hauntedmontreal.com\/fr\/wp-json\/wp\/v2\/pages\/10697","targetHints":{"allow":["GET"]}}],"collection":[{"href":"https:\/\/hauntedmontreal.com\/fr\/wp-json\/wp\/v2\/pages"}],"about":[{"href":"https:\/\/hauntedmontreal.com\/fr\/wp-json\/wp\/v2\/types\/page"}],"author":[{"embeddable":true,"href":"https:\/\/hauntedmontreal.com\/fr\/wp-json\/wp\/v2\/users\/2"}],"replies":[{"embeddable":true,"href":"https:\/\/hauntedmontreal.com\/fr\/wp-json\/wp\/v2\/comments?post=10697"}],"version-history":[{"count":9,"href":"https:\/\/hauntedmontreal.com\/fr\/wp-json\/wp\/v2\/pages\/10697\/revisions"}],"predecessor-version":[{"id":17645,"href":"https:\/\/hauntedmontreal.com\/fr\/wp-json\/wp\/v2\/pages\/10697\/revisions\/17645"}],"wp:attachment":[{"href":"https:\/\/hauntedmontreal.com\/fr\/wp-json\/wp\/v2\/media?parent=10697"}],"curies":[{"name":"wp","href":"https:\/\/api.w.org\/{rel}","templated":true}]}}