{"id":10676,"date":"2020-09-21T11:47:13","date_gmt":"2020-09-21T15:47:13","guid":{"rendered":"https:\/\/hauntedmontreal.com\/le-centre-ville-hante-2"},"modified":"2025-10-12T22:08:29","modified_gmt":"2025-10-13T02:08:29","slug":"le-centre-ville-hante","status":"publish","type":"page","link":"https:\/\/hauntedmontreal.com\/fr\/le-centre-ville-hante","title":{"rendered":"Le Centre-Ville hant\u00e9"},"content":{"rendered":"\n<div class=\"wp-block-columns is-layout-flex wp-container-core-columns-is-layout-28f84493 wp-block-columns-is-layout-flex\">\n<div class=\"wp-block-column is-layout-flow wp-block-column-is-layout-flow\" style=\"flex-basis:66.66%\">\n<h3 class=\"wp-block-heading\" id=\"a-la-recherche-d-un-autre-montreal\"><strong>Halloween 2025 \u00e0 Montr\u00e9al<\/strong><\/h3>\n\n\n\n<p>Le centre-ville de Montr\u00e9al est un endroit tr\u00e8s affair\u00e9. Avec ses gratte-ciels dominants et une main-d\u2019\u0153oeuvre qui les d\u00e9serte vers 17h00, c\u2019est le dernier endroit o\u00f9 on imagine rencontrer des ph\u00e9nom\u00e8nes paranormaux. Toutefois, sous le vernis de la respectabilit\u00e9 urbaine, de nombreux secrets sombres parlent des cimeti\u00e8res oubli\u00e9s, des b\u00e2timents infest\u00e9s de spectres et de l\u2019activit\u00e9 fantomale qu\u2019ils entrainent.<\/p>\n\n\n\n<p>La visite hant\u00e9e du centre-ville explore les bars, les cimeti\u00e8res oubli\u00e9s, les h\u00f4tels o\u00f9 r\u00e8gne une activit\u00e9 paranormale, et bien d\u2019autres sites o\u00f9 des fant\u00f4mes ont \u00e9t\u00e9 vus.<\/p>\n\n\n\n<p>\u00c9coutez la \u00ab l\u00e9gende de la croix rouge \u00bb naus\u00e9abonde et tordue, de m\u00eame que celle de la nouvelle r\u00e9sidence universitaire de Concordia, l\u2019ancienne maison-m\u00e8re des S\u0153urs grises dans laquelle se trouve une crypte myst\u00e9rieuse.<\/p>\n\n\n\n<p>Visitez les maisons hant\u00e9es, y compris une vieille maison fun\u00e9raire effrayante convertie en l\u2019une des bo\u00eetes de nuit les plus branch\u00e9e \u00e0 Montr\u00e9al. Parfois, les clients r\u00e9coltent plus qu\u2019ils n\u2019en demandent, surtout s\u2019ils osent visiter les toilettes des femmes et le grenier.<\/p>\n\n\n\n<p>D\u00e9couvrez le vieux Saint-Antoine, cimeti\u00e8re des chol\u00e9riques. \u00c9coutez les histoires des m\u00e9decins sadiques qui diss\u00e9quaient \u2013 avec l\u2019accord des pr\u00eatres trop z\u00e9l\u00e9s \u2013 les femmes enceintes mourantes. Renseignez-vous l\u2019unique exp\u00e9rience paranormale de Mark Twain et celles du luxueux h\u00f4tel Reine-\u00c9lizabeth.<\/p>\n\n\n\n<p>Guid\u00e9e par un acteur et conteur professionnel, cette visite hant\u00e9e va certainement plaire aux mordus de l\u2019Histoire, aux chasseurs de fant\u00f4mes et aux f\u00e9rus d\u2019Hallowe\u2019en avec ses contes d\u2019activit\u00e9 paranormale effrayante et de spectres qui hantent des lieux inhabituels \u2013 au coeur du centre-ville de Montr\u00e9al.<\/p>\n\n\n\n<p>La visite du centre-ville hant\u00e9 part de la place Norman-Bethune, au coin de la rue Guy et du boulevard de Maisonneuve, juste au nord du m\u00e9tro Guy-Concordia. Veuillez rencontrer votre guide au moins 10 minutes avant le d\u00e9but de la visite.<\/p>\n\n\n\n<p><strong><em>Nous nous r\u00e9servons le droit d&rsquo;annuler une visite qui a moins de cinq billets vendus avant 18h la veille de l&rsquo;\u00e9v\u00e9nement (et dans la plupart des cas, nous le ferons). Bien entendu, nous rembourserons tous les acheteurs de billets existants si et quand nous annulons.<\/em><\/strong><\/p>\n\n\n\n<p> <strong>Cet \u00e9v\u00e9nement est \u00e9galement offert en <a href=\"https:\/\/hauntedmontreal.com\/fr\/visites-privees\" data-type=\"URL\" data-id=\"https:\/\/hauntedmontreal.com\/fr\/visites-privees\">visite priv\u00e9e<\/a><\/strong> <\/p>\n\n\n\n<h2 class=\"wp-block-heading\" id=\"prix-24-50-taxes-incluses\">Prix: 29.00 $ (TPS\/TVQ inclus)<\/h2>\n\n\n\n<div id=\"eventbrite-widget-container-830879070667\"><\/div>\n\n<script src=\"https:\/\/www.eventbrite.ca\/static\/widgets\/eb_widgets.js\"><\/script>\n\n<script type=\"text\/javascript\">\n    var exampleCallback = function() {\n        console.log('Order complete!');\n    };\n\n    window.EBWidgets.createWidget({\n        \/\/ Required\n        widgetType: 'checkout',\n        eventId: '830879070667',\n        iframeContainerId: 'eventbrite-widget-container-830879070667',\n\n        \/\/ Optional\n        iframeContainerHeight: 425,  \/\/ Widget height in pixels. Defaults to a minimum of 425px if not provided\n        onOrderComplete: exampleCallback  \/\/ Method called when an order has successfully completed\n    });\n<\/script>\n\n\n\n<hr class=\"wp-block-separator has-css-opacity\"\/>\n\n\n\n<ul class=\"wp-block-list\">\n<li>Pour les visites en anglais, veuillez visiter <a href=\"https:\/\/hauntedmontreal.com\/fr\/le-centre-ville-hante\">Haunted Downtown<\/a>.<\/li>\n<\/ul>\n\n\n\n<p>Note: Si vous n\u2019\u00eates pas en mesure d\u2019utiliser Eventbrite, vous pouvez \u00e9galement r\u00e9server votre place par courriel \u00e0 info@hauntedmontreal.com et payer en argent comptant au d\u00e9but de la visite. Cette option est uniquement si vous \u00eates certain \u00e0 100% d\u2019assister \u00e0 l\u2019\u00e9v\u00e9nement, m\u00eame s\u2019il pleut. Nous acceptons un maximum de 4 r\u00e9servations en esp\u00e8ces par client.<\/p>\n\n\n\n<p>N\u2019oubliez pas d\u2019indiquer quelle visite guid\u00e9e vous int\u00e9resse, la date et le nombre de places que vous voulez r\u00e9server, nous vous r\u00e9pondrons dans les meilleurs d\u00e9lais.<\/p>\n<\/div>\n\n\n\n<div class=\"wp-block-column is-layout-flow wp-block-column-is-layout-flow\" style=\"flex-basis:33.33%\">\n<figure class=\"wp-block-image size-large\"><img loading=\"lazy\" decoding=\"async\" width=\"500\" height=\"375\" src=\"https:\/\/hauntedmontreal.com\/wp-content\/uploads\/2020\/09\/Centre-ville-de-Montreal-hantee-vieille-maison-funeraire.jpeg\" alt=\"\" class=\"wp-image-10819\" srcset=\"https:\/\/hauntedmontreal.com\/wp-content\/uploads\/2020\/09\/Centre-ville-de-Montreal-hantee-vieille-maison-funeraire.jpeg 500w, https:\/\/hauntedmontreal.com\/wp-content\/uploads\/2020\/09\/Centre-ville-de-Montreal-hantee-vieille-maison-funeraire-300x225.jpeg 300w\" sizes=\"auto, (max-width: 500px) 100vw, 500px\" \/><\/figure>\n\n\n\n<figure class=\"wp-block-image size-large\"><img loading=\"lazy\" decoding=\"async\" width=\"500\" height=\"585\" src=\"https:\/\/hauntedmontreal.com\/wp-content\/uploads\/2020\/09\/centre-ville-de-montreal-hante-croix-latine.jpeg\" alt=\"\" class=\"wp-image-10821\" srcset=\"https:\/\/hauntedmontreal.com\/wp-content\/uploads\/2020\/09\/centre-ville-de-montreal-hante-croix-latine.jpeg 500w, https:\/\/hauntedmontreal.com\/wp-content\/uploads\/2020\/09\/centre-ville-de-montreal-hante-croix-latine-256x300.jpeg 256w\" sizes=\"auto, (max-width: 500px) 100vw, 500px\" \/><\/figure>\n\n\n\n<figure class=\"wp-block-image size-large\"><img loading=\"lazy\" decoding=\"async\" width=\"413\" height=\"521\" src=\"https:\/\/hauntedmontreal.com\/wp-content\/uploads\/2020\/09\/centre-ville-de-Montreal-hantee-eclipse.jpeg\" alt=\"\" class=\"wp-image-10823\" srcset=\"https:\/\/hauntedmontreal.com\/wp-content\/uploads\/2020\/09\/centre-ville-de-Montreal-hantee-eclipse.jpeg 413w, https:\/\/hauntedmontreal.com\/wp-content\/uploads\/2020\/09\/centre-ville-de-Montreal-hantee-eclipse-238x300.jpeg 238w\" sizes=\"auto, (max-width: 413px) 100vw, 413px\" \/><\/figure>\n\n\n\n<figure class=\"wp-block-image size-large\"><img loading=\"lazy\" decoding=\"async\" width=\"760\" height=\"570\" src=\"https:\/\/hauntedmontreal.com\/wp-content\/uploads\/2020\/09\/centre-ville-de-Montreal-hantee-hotel-reine-elizabeth-sepia.jpeg\" alt=\"\" class=\"wp-image-10825\" srcset=\"https:\/\/hauntedmontreal.com\/wp-content\/uploads\/2020\/09\/centre-ville-de-Montreal-hantee-hotel-reine-elizabeth-sepia.jpeg 760w, https:\/\/hauntedmontreal.com\/wp-content\/uploads\/2020\/09\/centre-ville-de-Montreal-hantee-hotel-reine-elizabeth-sepia-300x225.jpeg 300w\" sizes=\"auto, (max-width: 760px) 100vw, 760px\" \/><\/figure>\n<\/div>\n<\/div>\n\n\n\n<div class=\"app-placeholder-calendar\" data-id=\"proj_oPaj7Gz2xOYj0yhxF0Xwl\"><\/div>\n<script type=\"text\/javascript\" src=\"\/\/platform.eventscalendar.co\/plugins\/web\/loader.js?app=calendar\" id=\"Inffuse-Loader\"><\/script>\n","protected":false},"excerpt":{"rendered":"<p>Halloween 2025 \u00e0 Montr\u00e9al Le centre-ville de Montr\u00e9al est un endroit tr\u00e8s affair\u00e9. Avec ses gratte-ciels dominants et une main-d\u2019\u0153oeuvre qui les d\u00e9serte vers 17h00, c\u2019est le dernier endroit o\u00f9 on imagine rencontrer des ph\u00e9nom\u00e8nes paranormaux. Toutefois, sous le vernis de la respectabilit\u00e9 urbaine, de nombreux secrets sombres parlent des cimeti\u00e8res oubli\u00e9s, des b\u00e2timents infest\u00e9s&hellip;<\/p>\n","protected":false},"author":2,"featured_media":0,"parent":0,"menu_order":0,"comment_status":"closed","ping_status":"closed","template":"","meta":{"footnotes":""},"class_list":["post-10676","page","type-page","status-publish","hentry","entry","no-media"],"_links":{"self":[{"href":"https:\/\/hauntedmontreal.com\/fr\/wp-json\/wp\/v2\/pages\/10676","targetHints":{"allow":["GET"]}}],"collection":[{"href":"https:\/\/hauntedmontreal.com\/fr\/wp-json\/wp\/v2\/pages"}],"about":[{"href":"https:\/\/hauntedmontreal.com\/fr\/wp-json\/wp\/v2\/types\/page"}],"author":[{"embeddable":true,"href":"https:\/\/hauntedmontreal.com\/fr\/wp-json\/wp\/v2\/users\/2"}],"replies":[{"embeddable":true,"href":"https:\/\/hauntedmontreal.com\/fr\/wp-json\/wp\/v2\/comments?post=10676"}],"version-history":[{"count":10,"href":"https:\/\/hauntedmontreal.com\/fr\/wp-json\/wp\/v2\/pages\/10676\/revisions"}],"predecessor-version":[{"id":17639,"href":"https:\/\/hauntedmontreal.com\/fr\/wp-json\/wp\/v2\/pages\/10676\/revisions\/17639"}],"wp:attachment":[{"href":"https:\/\/hauntedmontreal.com\/fr\/wp-json\/wp\/v2\/media?parent=10676"}],"curies":[{"name":"wp","href":"https:\/\/api.w.org\/{rel}","templated":true}]}}