{"id":10663,"date":"2020-09-20T19:39:16","date_gmt":"2020-09-20T23:39:16","guid":{"rendered":"https:\/\/hauntedmontreal.com\/griffintown-hante"},"modified":"2025-10-12T22:07:21","modified_gmt":"2025-10-13T02:07:21","slug":"griffintown-hantee","status":"publish","type":"page","link":"https:\/\/hauntedmontreal.com\/fr\/griffintown-hantee","title":{"rendered":"Griffintown hant\u00e9"},"content":{"rendered":"\n<div class=\"wp-block-columns is-layout-flex wp-container-core-columns-is-layout-28f84493 wp-block-columns-is-layout-flex\">\n<div class=\"wp-block-column is-layout-flow wp-block-column-is-layout-flow\" style=\"flex-basis:66.66%\">\n<h3 class=\"wp-block-heading\" id=\"a-la-recherche-d-un-autre-montreal\">Halloween 2025 \u00e0 Montr\u00e9al<\/h3>\n\n\n\n<p>Griffintown est un des quartiers les plus historiques de Montr\u00e9al \u2013 et l\u2019un des plus hant\u00e9s. Pr\u00e9sent\u00e9e dans la s\u00e9rie t\u00e9l\u00e9vis\u00e9e \u00ab World\u2019s Scariest Hauntings \u00bb, cette partie de la ville a \u00e9t\u00e9 t\u00e9moin de tout, depuis les r\u00e9fugi\u00e9s irlandais lors de la famine de 1847 \u00e0 la r\u00e9volution industrielle, en passant par la pire catastrophe a\u00e9rienne que Montr\u00e9al ait connue. Aujourd\u2019hui, les tours de condominiums s\u2019y multiplient, mais les nouveaux r\u00e9sidents ne sont pas sans savoir que ce secteur \u00e9tait autrefois un bidonville bruyant et que les fant\u00f4mes y sont monnaie courante!<\/p>\n\n\n\n<p>La visite de Griffintown hant\u00e9 fait le tour de myst\u00e9rieuses ruines, d\u2019un canal pollu\u00e9, d\u2019anciens cimeti\u00e8res et de b\u00e2timents effrayants r\u00e9put\u00e9s hant\u00e9s. Une antique brasserie d\u00e9cr\u00e9pie accueille des m\u00e9diums \u00e0 la recherche d\u2019une jeune fille assassin\u00e9e, un condominium rappelle aux r\u00e9sidents son pass\u00e9 de chocolaterie et les ruines fantomatiques de l\u2019\u00e9glise St-Ann sont parfois t\u00e9moins d\u2019activit\u00e9s paranormales.<\/p>\n\n\n\n<p>Vous allez en apprendre davantage sur le \u00ab Black \u201947 \u00bb, quand le quartier fut frapp\u00e9 par l\u2019une des pires trag\u00e9dies canadiennes alors que des dizaines de milliers d\u2019immigrants irlandais atteints du typhus d\u00e9barqu\u00e8rent de \u00ab bateaux cercueils \u00bb apr\u00e8s avoir travers\u00e9 l\u2019oc\u00e9an Atlantique. Malgr\u00e9 les efforts h\u00e9ro\u00efques des religieuses et du maire John Mills pour soigner les victimes de la fi\u00e8vre dans des hangars, la maladie a tu\u00e9 plus de six mille personnes, incluant le maire lui-m\u00eame. La plupart des d\u00e9funts furent enterr\u00e9s dans des fosses communes avoisinantes, ces lieux ne cessent d\u2019\u00eatre en proie \u00e0 l\u2019activit\u00e9 industrielle.<\/p>\n\n\n\n<p>Vous d\u00e9couvrirez \u00e9galement le myst\u00e8re tragique qui entoure le bassin Peel, site de nombreuses noyades au fil des ans, dont un cas r\u00e9cent qui pourrait \u00eatre l\u2019\u0153uvre d\u2019un tueur en s\u00e9rie. Vous serez \u00e9galement initi\u00e9 \u00e0 la th\u00e9orie de conspiration qui entoure la pire catastrophe a\u00e9rienne qu\u2019ait connue Montr\u00e9al, quand lors de la Seconde Guerre mondiale un bombardier Liberator s\u2019est \u00e9cras\u00e9e dans le quartier, faisant 15 morts.<\/p>\n\n\n\n<p>Enfin, vous entendrez parler du conte sordide de Mary Gallagher, la prostitu\u00e9e sans t\u00eate, l\u2019histoire de fant\u00f4me la plus tristement c\u00e9l\u00e8bre de Montr\u00e9al. Elle se faite assassiner\u00e9e et d\u00e9capiter\u00e9e par sa meilleure amie Susie Kennedy en 1879. Le fant\u00f4me sans t\u00eate de Mary Gallagher est cens\u00e9 revenir tous les sept ans dans Griffintown, en qu\u00eate de sa t\u00eate.<\/p>\n\n\n\n<p>Dirig\u00e9e par un acteur et conteur professionnel, cette visite ravira autant les chasseurs de fant\u00f4mes, que les passionn\u00e9s d\u2019histoire ou les amoureux de l\u2019Halloween, avec ses r\u00e9cits effrayants sur les esprits et les activit\u00e9s paranormales qui animent Griffintown.<\/p>\n\n\n\n<p>La visite hant\u00e9e commence \u00e0 20h, au Rockaberry Caf\u00e9 (1380 Rue Notre-Dame Ouest, quelques rues au sud du m\u00e9tro Lucien L\u2019Allier). Veuillez \u00eatre pr\u00eat(e)s \u00e0 partir du Rockaberry Caf\u00e9 au moins 10 minutes avant le d\u00e9part de la visite du Griffintown hant\u00e9. Vous d\u00e9ambulerez environ 90 minutes dans le Griff.<\/p>\n\n\n\n<p>Nous recommandons le Rockaberry Caf\u00e9 aux partipant.e.s qui souhaitent manger ou prendre un dessert et un caf\u00e9 avant la visite. Le caf\u00e9 sert certains des meilleurs g\u00e2teaux et caf\u00e9s \u00e0 Montr\u00e9al et offre \u00e9galement un excellent menu du soir. \u00c0 ceux qui veulent y manger, Montr\u00e9al hant\u00e9 sugg\u00e8re d\u2019arriver au Rockaberry Caf\u00e9 au moins 45 minutes avant la visite. Sinon, veuillez rencontrer votre guide \u00e0 l\u2019ext\u00e9rieur du caf\u00e9 au moins 10 minutes avant le d\u00e9but de la visite.<\/p>\n\n\n\n<p><strong><em>Nous nous r\u00e9servons le droit d&rsquo;annuler une visite qui a moins de cinq billets vendus avant 18h la veille de l&rsquo;\u00e9v\u00e9nement (et dans la plupart des cas, nous le ferons). Bien entendu, nous rembourserons tous les acheteurs de billets existants si et quand nous annulons.<\/em><\/strong><\/p>\n\n\n\n<p> <strong>Cet \u00e9v\u00e9nement est \u00e9galement offert en <a href=\"https:\/\/hauntedmontreal.com\/fr\/visites-privees\" data-type=\"URL\" data-id=\"https:\/\/hauntedmontreal.com\/fr\/visites-privees\">visite priv\u00e9e<\/a><\/strong> <\/p>\n\n\n\n<h2 class=\"wp-block-heading\" id=\"billets-24-50-taxes-incluses\">Billets: 29.00 $ (TPS\/TVQ inclus)<\/h2>\n\n\n\n<div id=\"eventbrite-widget-container-827422030567\"><\/div>\n\n<script src=\"https:\/\/www.eventbrite.ca\/static\/widgets\/eb_widgets.js\"><\/script>\n\n<script type=\"text\/javascript\">\n    var exampleCallback = function() {\n        console.log('Order complete!');\n    };\n\n    window.EBWidgets.createWidget({\n        \/\/ Required\n        widgetType: 'checkout',\n        eventId: '827422030567',\n        iframeContainerId: 'eventbrite-widget-container-827422030567',\n\n        \/\/ Optional\n        iframeContainerHeight: 425,  \/\/ Widget height in pixels. Defaults to a minimum of 425px if not provided\n        onOrderComplete: exampleCallback  \/\/ Method called when an order has successfully completed\n    });\n<\/script>\n\n\n\n<hr class=\"wp-block-separator has-css-opacity\"\/>\n\n\n\n<ul class=\"wp-block-list\">\n<li>Pour les visites en anglais, cliquez <a href=\"https:\/\/hauntedmontreal.com\/fr\/griffintown-hantee\">ici<\/a>.<\/li>\n<\/ul>\n\n\n\n<p>Note: Si vous n\u2019\u00eates pas en mesure d\u2019utiliser Eventbrite, vous pouvez \u00e9galement r\u00e9server votre place par courriel \u00e0 info@hauntedmontreal.com et payer en argent comptant au d\u00e9but de la visite. Cette option est uniquement si vous \u00eates certain \u00e0 100% d\u2019assister \u00e0 l\u2019\u00e9v\u00e9nement, m\u00eame s\u2019il pleut. Nous acceptons un maximum de 4 r\u00e9servations en esp\u00e8ces par client.<\/p>\n\n\n\n<p>N\u2019oubliez pas d\u2019indiquer quelle visite guid\u00e9e vous int\u00e9resse, la date et le nombre de places que vous voulez r\u00e9server, nous vous r\u00e9pondrons dans les meilleurs d\u00e9lais.<\/p>\n<\/div>\n\n\n\n<div class=\"wp-block-column is-layout-flow wp-block-column-is-layout-flow\" style=\"flex-basis:33.33%\">\n<figure class=\"wp-block-image size-large\"><img loading=\"lazy\" decoding=\"async\" width=\"340\" height=\"255\" src=\"https:\/\/hauntedmontreal.com\/wp-content\/uploads\/2020\/09\/Montreal-hante-Griffintown-hante-tombe.jpg\" alt=\"\" class=\"wp-image-10833\" srcset=\"https:\/\/hauntedmontreal.com\/wp-content\/uploads\/2020\/09\/Montreal-hante-Griffintown-hante-tombe.jpg 340w, https:\/\/hauntedmontreal.com\/wp-content\/uploads\/2020\/09\/Montreal-hante-Griffintown-hante-tombe-300x225.jpg 300w\" sizes=\"auto, (max-width: 340px) 100vw, 340px\" \/><\/figure>\n\n\n\n<figure class=\"wp-block-image size-large\"><img loading=\"lazy\" decoding=\"async\" width=\"342\" height=\"228\" src=\"https:\/\/hauntedmontreal.com\/wp-content\/uploads\/2020\/09\/Montreal-hante-Griffintown-hante-carte.jpg\" alt=\"\" class=\"wp-image-10835\" srcset=\"https:\/\/hauntedmontreal.com\/wp-content\/uploads\/2020\/09\/Montreal-hante-Griffintown-hante-carte.jpg 342w, https:\/\/hauntedmontreal.com\/wp-content\/uploads\/2020\/09\/Montreal-hante-Griffintown-hante-carte-300x200.jpg 300w\" sizes=\"auto, (max-width: 342px) 100vw, 342px\" \/><\/figure>\n\n\n\n<figure class=\"wp-block-image size-large\"><img loading=\"lazy\" decoding=\"async\" width=\"342\" height=\"427\" src=\"https:\/\/hauntedmontreal.com\/wp-content\/uploads\/2020\/09\/Montreal-hante-Griffintown-hante-brasserie.jpg\" alt=\"\" class=\"wp-image-10837\" srcset=\"https:\/\/hauntedmontreal.com\/wp-content\/uploads\/2020\/09\/Montreal-hante-Griffintown-hante-brasserie.jpg 342w, https:\/\/hauntedmontreal.com\/wp-content\/uploads\/2020\/09\/Montreal-hante-Griffintown-hante-brasserie-240x300.jpg 240w\" sizes=\"auto, (max-width: 342px) 100vw, 342px\" \/><\/figure>\n\n\n\n<figure class=\"wp-block-image size-large\"><img loading=\"lazy\" decoding=\"async\" width=\"343\" height=\"260\" src=\"https:\/\/hauntedmontreal.com\/wp-content\/uploads\/2020\/09\/Montreal-hante-Griffintown-hante-tunnel.jpg\" alt=\"\" class=\"wp-image-10839\" srcset=\"https:\/\/hauntedmontreal.com\/wp-content\/uploads\/2020\/09\/Montreal-hante-Griffintown-hante-tunnel.jpg 343w, https:\/\/hauntedmontreal.com\/wp-content\/uploads\/2020\/09\/Montreal-hante-Griffintown-hante-tunnel-300x227.jpg 300w\" sizes=\"auto, (max-width: 343px) 100vw, 343px\" \/><\/figure>\n\n\n\n<figure class=\"wp-block-image size-large\"><img loading=\"lazy\" decoding=\"async\" width=\"343\" height=\"305\" src=\"https:\/\/hauntedmontreal.com\/wp-content\/uploads\/2020\/09\/Montreal-hante-Griffintown-hante-sirop.jpg\" alt=\"\" class=\"wp-image-10841\" srcset=\"https:\/\/hauntedmontreal.com\/wp-content\/uploads\/2020\/09\/Montreal-hante-Griffintown-hante-sirop.jpg 343w, https:\/\/hauntedmontreal.com\/wp-content\/uploads\/2020\/09\/Montreal-hante-Griffintown-hante-sirop-300x267.jpg 300w\" sizes=\"auto, (max-width: 343px) 100vw, 343px\" \/><\/figure>\n\n\n\n<figure class=\"wp-block-image size-large\"><img loading=\"lazy\" decoding=\"async\" width=\"345\" height=\"234\" src=\"https:\/\/hauntedmontreal.com\/wp-content\/uploads\/2020\/09\/Montreal-hante-Griffintown-hante-maison.jpg\" alt=\"\" class=\"wp-image-10843\" srcset=\"https:\/\/hauntedmontreal.com\/wp-content\/uploads\/2020\/09\/Montreal-hante-Griffintown-hante-maison.jpg 345w, https:\/\/hauntedmontreal.com\/wp-content\/uploads\/2020\/09\/Montreal-hante-Griffintown-hante-maison-300x203.jpg 300w\" sizes=\"auto, (max-width: 345px) 100vw, 345px\" \/><\/figure>\n\n\n\n<figure class=\"wp-block-image size-large\"><img loading=\"lazy\" decoding=\"async\" width=\"320\" height=\"206\" src=\"https:\/\/hauntedmontreal.com\/wp-content\/uploads\/2020\/09\/Montreal-hante-Griffintown-pont-tournant.jpg\" alt=\"\" class=\"wp-image-10845\" srcset=\"https:\/\/hauntedmontreal.com\/wp-content\/uploads\/2020\/09\/Montreal-hante-Griffintown-pont-tournant.jpg 320w, https:\/\/hauntedmontreal.com\/wp-content\/uploads\/2020\/09\/Montreal-hante-Griffintown-pont-tournant-300x193.jpg 300w\" sizes=\"auto, (max-width: 320px) 100vw, 320px\" \/><\/figure>\n<\/div>\n<\/div>\n\n\n\n<div class=\"app-placeholder-calendar\" data-id=\"proj_oPaj7Gz2xOYj0yhxF0Xwl\"><\/div>\n<script type=\"text\/javascript\" src=\"\/\/platform.eventscalendar.co\/plugins\/web\/loader.js?app=calendar\" id=\"Inffuse-Loader\"><\/script>\n","protected":false},"excerpt":{"rendered":"<p>Halloween 2025 \u00e0 Montr\u00e9al Griffintown est un des quartiers les plus historiques de Montr\u00e9al \u2013 et l\u2019un des plus hant\u00e9s. Pr\u00e9sent\u00e9e dans la s\u00e9rie t\u00e9l\u00e9vis\u00e9e \u00ab World\u2019s Scariest Hauntings \u00bb, cette partie de la ville a \u00e9t\u00e9 t\u00e9moin de tout, depuis les r\u00e9fugi\u00e9s irlandais lors de la famine de 1847 \u00e0 la r\u00e9volution industrielle, en&hellip;<\/p>\n","protected":false},"author":2,"featured_media":0,"parent":0,"menu_order":0,"comment_status":"closed","ping_status":"closed","template":"","meta":{"footnotes":""},"class_list":["post-10663","page","type-page","status-publish","hentry","entry","no-media"],"_links":{"self":[{"href":"https:\/\/hauntedmontreal.com\/fr\/wp-json\/wp\/v2\/pages\/10663","targetHints":{"allow":["GET"]}}],"collection":[{"href":"https:\/\/hauntedmontreal.com\/fr\/wp-json\/wp\/v2\/pages"}],"about":[{"href":"https:\/\/hauntedmontreal.com\/fr\/wp-json\/wp\/v2\/types\/page"}],"author":[{"embeddable":true,"href":"https:\/\/hauntedmontreal.com\/fr\/wp-json\/wp\/v2\/users\/2"}],"replies":[{"embeddable":true,"href":"https:\/\/hauntedmontreal.com\/fr\/wp-json\/wp\/v2\/comments?post=10663"}],"version-history":[{"count":10,"href":"https:\/\/hauntedmontreal.com\/fr\/wp-json\/wp\/v2\/pages\/10663\/revisions"}],"predecessor-version":[{"id":17638,"href":"https:\/\/hauntedmontreal.com\/fr\/wp-json\/wp\/v2\/pages\/10663\/revisions\/17638"}],"wp:attachment":[{"href":"https:\/\/hauntedmontreal.com\/fr\/wp-json\/wp\/v2\/media?parent=10663"}],"curies":[{"name":"wp","href":"https:\/\/api.w.org\/{rel}","templated":true}]}}