{"id":10638,"date":"2020-09-20T16:54:03","date_gmt":"2020-09-20T20:54:03","guid":{"rendered":"https:\/\/hauntedmontreal.com\/mont-royal-hante-2"},"modified":"2025-10-12T22:10:32","modified_gmt":"2025-10-13T02:10:32","slug":"mont-royal-hante","status":"publish","type":"page","link":"https:\/\/hauntedmontreal.com\/fr\/mont-royal-hante","title":{"rendered":"Mont-Royal hant\u00e9"},"content":{"rendered":"\n<div class=\"wp-block-columns is-layout-flex wp-container-core-columns-is-layout-28f84493 wp-block-columns-is-layout-flex\">\n<div class=\"wp-block-column is-layout-flow wp-block-column-is-layout-flow\" style=\"flex-basis:66.66%\">\n<h3 class=\"wp-block-heading\" id=\"a-la-recherche-d-un-autre-montreal\">Halloween 2025 \u00e0 Montr\u00e9al<\/h3>\n\n\n\n<p>Le Mont-Royal hant\u00e9 est une randonn\u00e9e th\u00e9matique sur la montagne, le tout \u00e9clair\u00e9e \u00e0 la lanterne. Commen\u00e7ant dans le quartier du Plateau Mont-Royal, le circuit nous am\u00e8ne \u00e0 visiter divers sites hant\u00e9s sur la montagne, certains o\u00f9 des fant\u00f4mes ont \u00e9t\u00e9 observ\u00e9s par le pass\u00e9.<\/p>\n\n\n\n<p>Un com\u00e9dien professionnel doubl\u00e9 d\u2019un conteur ravira les invit\u00e9s avec des histoires de fant\u00f4mes, de myst\u00e8res et de l\u00e9gendes concernant le Mont- Royal, ses h\u00f4pitaux hant\u00e9s, ch\u00e2teaux abandonn\u00e9s et cimeti\u00e8res grouillant d\u2019esprits de morts-vivants. Vous en apprendrez davantage sur la place qu\u2019a occup\u00e9 le Mont-Royal dans l\u2019histoire et les traditions de la ville avec la l\u00e9gende de la croix, le fant\u00f4me de la rue L\u2019Esplanade, les enfants victimes des exp\u00e9riences de lavage de cerveau du Alan Memorial Institute, et le conte tragique de Jack McLean et le funiculaire hant\u00e9.<\/p>\n\n\n\n<p>Vous visiterez le tombeau oubli\u00e9 de Simon McTavish, r\u00e9cemment perturb\u00e9 par des fouilles arch\u00e9ologiques. Le fant\u00f4me col\u00e9rique de ce baron de la fourrure est connu pour terrifier les gens en d\u00e9valant \u00e0 grande vitesse les pentes de la montagne dans son propre cercueil!<\/p>\n\n\n\n<p>Le Mont hant\u00e9 vise \u00e0 combler l\u2019amateur int\u00e9ress\u00e9 par l\u2019histoire locale, les histoires de fant\u00f4mes qui glacent le sang et par une randonn\u00e9e inoubliable sur les flancs du Mont- Royal! <\/p>\n\n\n\n<p>La promenade fant\u00f4me du Mont-Royal hant\u00e9 commence \u00e0 la Place Fletcher&rsquo;s Field, dans le parc Jeanne-Mance. Veuillez noter que cette promenade comporte des mont\u00e9es et descentes mod\u00e9r\u00e9es dans des sentiers et escaliers sombres sur la montagne. Elle n&rsquo;est pas accessible \u00e0 tous. Pour une exp\u00e9rience optimale, il est conseill\u00e9 de porter de bonnes chaussures de marche et d&rsquo;apporter une lampe de poche. La visite dure environ 90 minutes et se termine au sommet de la rue Peel et de l&rsquo;avenue des Pins. Veuillez vous pr\u00e9parer \u00e0 partir 10 minutes avant le d\u00e9but de la visite.<\/p>\n\n\n\n<h2 class=\"wp-block-heading\" id=\"comment-se-rendre-au-place-fletcher-s-field-dans-le-parc-jeanne-mance\">Comment se rendre \u00e0 la place Fletcher\u2019s Field dans le parc Jeanne-Mance:<\/h2>\n\n\n\n<p>\u00c0 pied du m\u00e9tro Mont-Royal: Tournez \u00e0 gauche et marchez vers l\u2019ouest sur l\u2019avenue du Mont-Royal vers le boulevard Saint-Laurent. Tournez \u00e0 gauche et marchez vers le sud jusqu\u2019\u00e0 la rue Rachel Oouest. Tournez \u00e0 droite et continuez vers l\u2019ouest sur Rachel jusqu\u2019\u00e0 l\u2019entr\u00e9e du parc Jeanne-Mance. Continuez tout droit sur le chemin jusqu\u2019\u00e0 ce que vous arriviez \u00e0 la place Fletcher\u2019s Field, en haut des escaliers de les toilettes publiques.<\/p>\n\n\n\n<p>Autobus du m\u00e9tro Place-des-Arts: Prennez l\u2019autobus 80 vers le nord sur avenue Parc et descendez \u00e0 l\u2019arr\u00eat en face de la statue de M. George-\u00c9tienne Cartier. La place Fletcher\u2019s Field est situ\u00e9e au-dessus des toilettes publiques.<\/p>\n\n\n\n<figure class=\"wp-block-image size-large\"><img loading=\"lazy\" decoding=\"async\" width=\"669\" height=\"737\" src=\"https:\/\/hauntedmontreal.com\/wp-content\/uploads\/2020\/09\/Montreal-hante-Le-mont-Royal-hante-tour-place-fletchers-field.jpg\" alt=\"\" class=\"wp-image-10855\" srcset=\"https:\/\/hauntedmontreal.com\/wp-content\/uploads\/2020\/09\/Montreal-hante-Le-mont-Royal-hante-tour-place-fletchers-field.jpg 669w, https:\/\/hauntedmontreal.com\/wp-content\/uploads\/2020\/09\/Montreal-hante-Le-mont-Royal-hante-tour-place-fletchers-field-272x300.jpg 272w\" sizes=\"auto, (max-width: 669px) 100vw, 669px\" \/><\/figure>\n\n\n\n<p><strong><em>Nous nous r\u00e9servons le droit d&rsquo;annuler une visite qui a moins de cinq billets vendus avant 18h la veille de l&rsquo;\u00e9v\u00e9nement (et dans la plupart des cas, nous le ferons). Bien entendu, nous rembourserons tous les acheteurs de billets existants si et quand nous annulons.<\/em><\/strong><\/p>\n\n\n\n<p><strong>Cet \u00e9v\u00e9nement est \u00e9galement offert en <a href=\"https:\/\/hauntedmontreal.com\/fr\/visites-privees\" data-type=\"URL\" data-id=\"https:\/\/hauntedmontreal.com\/fr\/visites-privees\">visite priv\u00e9e<\/a><\/strong> <\/p>\n\n\n\n<h2 class=\"wp-block-heading\" id=\"billets-24-50-taxes-incluses\">Billets: 29.00 $ (TPS\/TVQ inclus)<\/h2>\n\n\n\n<div id=\"eventbrite-widget-container-827624696747\"><\/div>\n\n<script src=\"https:\/\/www.eventbrite.ca\/static\/widgets\/eb_widgets.js\"><\/script>\n\n<script type=\"text\/javascript\">\n    var exampleCallback = function() {\n        console.log('Order complete!');\n    };\n\n    window.EBWidgets.createWidget({\n        \/\/ Required\n        widgetType: 'checkout',\n        eventId: '827624696747',\n        iframeContainerId: 'eventbrite-widget-container-827624696747',\n\n        \/\/ Optional\n        iframeContainerHeight: 425,  \/\/ Widget height in pixels. Defaults to a minimum of 425px if not provided\n        onOrderComplete: exampleCallback  \/\/ Method called when an order has successfully completed\n    });\n<\/script>\n\n\n\n<hr class=\"wp-block-separator has-css-opacity\"\/>\n\n\n\n<ul class=\"wp-block-list\">\n<li>Pour les visites en anglais, cliquez <a href=\"https:\/\/hauntedmontreal.com\/fr\/mont-royal-hante\">ici<\/a>.<\/li>\n<\/ul>\n\n\n\n<p>Note: Si vous n\u2019\u00eates pas en mesure d\u2019utiliser Eventbrite, vous pouvez \u00e9galement r\u00e9server votre place par courriel \u00e0 info@hauntedmontreal.com et payer en argent comptant au d\u00e9but de la visite. Cette option est uniquement si vous \u00eates certain \u00e0 100% d\u2019assister \u00e0 l\u2019\u00e9v\u00e9nement, m\u00eame s\u2019il pleut. Nous acceptons un maximum de 4 r\u00e9servations en esp\u00e8ces par client.<\/p>\n\n\n\n<p>N\u2019oubliez pas d\u2019indiquer quelle visite guid\u00e9e vous int\u00e9resse, la date et le nombre de places que vous voulez r\u00e9server, nous vous r\u00e9pondrons dans les meilleurs d\u00e9lais.<\/p>\n<\/div>\n\n\n\n<div class=\"wp-block-column is-layout-flow wp-block-column-is-layout-flow\" style=\"flex-basis:33.33%\">\n<figure class=\"wp-block-image size-large\"><img loading=\"lazy\" decoding=\"async\" width=\"287\" height=\"483\" src=\"https:\/\/hauntedmontreal.com\/wp-content\/uploads\/2020\/09\/Montreal-hante-Le-mont-Royal-hante-la-tour.jpg\" alt=\"\" class=\"wp-image-10857\" srcset=\"https:\/\/hauntedmontreal.com\/wp-content\/uploads\/2020\/09\/Montreal-hante-Le-mont-Royal-hante-la-tour.jpg 287w, https:\/\/hauntedmontreal.com\/wp-content\/uploads\/2020\/09\/Montreal-hante-Le-mont-Royal-hante-la-tour-178x300.jpg 178w\" sizes=\"auto, (max-width: 287px) 100vw, 287px\" \/><\/figure>\n\n\n\n<figure class=\"wp-block-image size-large\"><img loading=\"lazy\" decoding=\"async\" width=\"279\" height=\"336\" src=\"https:\/\/hauntedmontreal.com\/wp-content\/uploads\/2020\/09\/Montreal-hante-Le-mont-Royal-hante-traineau.jpg\" alt=\"\" class=\"wp-image-10859\" srcset=\"https:\/\/hauntedmontreal.com\/wp-content\/uploads\/2020\/09\/Montreal-hante-Le-mont-Royal-hante-traineau.jpg 279w, https:\/\/hauntedmontreal.com\/wp-content\/uploads\/2020\/09\/Montreal-hante-Le-mont-Royal-hante-traineau-249x300.jpg 249w\" sizes=\"auto, (max-width: 279px) 100vw, 279px\" \/><\/figure>\n\n\n\n<figure class=\"wp-block-image size-large\"><img loading=\"lazy\" decoding=\"async\" width=\"450\" height=\"300\" src=\"https:\/\/hauntedmontreal.com\/wp-content\/uploads\/2020\/09\/Montreal-hante-Le-mont-Royal-hante-chemin-et-fenicular.jpg\" alt=\"\" class=\"wp-image-10862\" srcset=\"https:\/\/hauntedmontreal.com\/wp-content\/uploads\/2020\/09\/Montreal-hante-Le-mont-Royal-hante-chemin-et-fenicular.jpg 450w, https:\/\/hauntedmontreal.com\/wp-content\/uploads\/2020\/09\/Montreal-hante-Le-mont-Royal-hante-chemin-et-fenicular-300x200.jpg 300w\" sizes=\"auto, (max-width: 450px) 100vw, 450px\" \/><\/figure>\n<\/div>\n<\/div>\n\n\n\n<div class=\"app-placeholder-calendar\" data-id=\"proj_oPaj7Gz2xOYj0yhxF0Xwl\"><\/div>\n<script type=\"text\/javascript\" src=\"\/\/platform.eventscalendar.co\/plugins\/web\/loader.js?app=calendar\" id=\"Inffuse-Loader\"><\/script>\n","protected":false},"excerpt":{"rendered":"<p>Halloween 2025 \u00e0 Montr\u00e9al Le Mont-Royal hant\u00e9 est une randonn\u00e9e th\u00e9matique sur la montagne, le tout \u00e9clair\u00e9e \u00e0 la lanterne. Commen\u00e7ant dans le quartier du Plateau Mont-Royal, le circuit nous am\u00e8ne \u00e0 visiter divers sites hant\u00e9s sur la montagne, certains o\u00f9 des fant\u00f4mes ont \u00e9t\u00e9 observ\u00e9s par le pass\u00e9. Un com\u00e9dien professionnel doubl\u00e9 d\u2019un conteur&hellip;<\/p>\n","protected":false},"author":2,"featured_media":0,"parent":0,"menu_order":0,"comment_status":"closed","ping_status":"closed","template":"","meta":{"footnotes":""},"class_list":["post-10638","page","type-page","status-publish","hentry","entry","no-media"],"_links":{"self":[{"href":"https:\/\/hauntedmontreal.com\/fr\/wp-json\/wp\/v2\/pages\/10638","targetHints":{"allow":["GET"]}}],"collection":[{"href":"https:\/\/hauntedmontreal.com\/fr\/wp-json\/wp\/v2\/pages"}],"about":[{"href":"https:\/\/hauntedmontreal.com\/fr\/wp-json\/wp\/v2\/types\/page"}],"author":[{"embeddable":true,"href":"https:\/\/hauntedmontreal.com\/fr\/wp-json\/wp\/v2\/users\/2"}],"replies":[{"embeddable":true,"href":"https:\/\/hauntedmontreal.com\/fr\/wp-json\/wp\/v2\/comments?post=10638"}],"version-history":[{"count":10,"href":"https:\/\/hauntedmontreal.com\/fr\/wp-json\/wp\/v2\/pages\/10638\/revisions"}],"predecessor-version":[{"id":17641,"href":"https:\/\/hauntedmontreal.com\/fr\/wp-json\/wp\/v2\/pages\/10638\/revisions\/17641"}],"wp:attachment":[{"href":"https:\/\/hauntedmontreal.com\/fr\/wp-json\/wp\/v2\/media?parent=10638"}],"curies":[{"name":"wp","href":"https:\/\/api.w.org\/{rel}","templated":true}]}}