{"id":10453,"date":"2020-09-10T21:33:34","date_gmt":"2020-09-11T01:33:34","guid":{"rendered":"https:\/\/hauntedmontreal.com\/enquete-paranormale-vieux-cimetiere-sainte-antoine"},"modified":"2025-10-12T21:56:05","modified_gmt":"2025-10-13T01:56:05","slug":"enquete-paranormale-vieux-cimetiere-sainte-antoine","status":"publish","type":"page","link":"https:\/\/hauntedmontreal.com\/fr\/enquete-paranormale-vieux-cimetiere-sainte-antoine","title":{"rendered":"Enqu\u00eate paranormale &#8211; Vieux cimeti\u00e8re Sainte-Antoine"},"content":{"rendered":"\n<div class=\"wp-block-columns is-layout-flex wp-container-core-columns-is-layout-28f84493 wp-block-columns-is-layout-flex\">\n<div class=\"wp-block-column is-layout-flow wp-block-column-is-layout-flow\" style=\"flex-basis:66.66%\">\n<h3 class=\"wp-block-heading\">Halloween 2025 \u00e0 Montr\u00e9al<\/h3>\n\n\n\n<p>Anim\u00e9 par le chasseur de fant\u00f4mes professionnel Dominique Desormeaux de 13 Spirits Paranormal,  \u00abEnqu\u00eate paranormale du vieux cimeti\u00e8re de Sainte-Antoine\u00bb, cr\u00e9\u00e9 par Montr\u00e9al hant\u00e9, entra\u00eene les invit\u00e9s dans une sombre aventure dans le monde myst\u00e9rieux de la chasse aux fant\u00f4mes.<\/p>\n\n\n\n<p>De 1799 \u00e0 1855, le cimeti\u00e8re Sainte-Antoine a accueilli environ 70 000 s\u00e9pultures, dont beaucoup ont \u00e9t\u00e9 enterr\u00e9es dans des fosses communes en raison d&rsquo;une s\u00e9rie d&rsquo;\u00e9pid\u00e9mies de chol\u00e9ra qui ont frapp\u00e9 la ville. Dans ce cimeti\u00e8re catholique, toutes sortes d&rsquo;atrocit\u00e9s se sont produites. Les m\u00e9decins ont autopsi\u00e9 les corps \u00e0 l&rsquo;air libre. Les pr\u00eatres ont conseill\u00e9 aux femmes enceintes de subir l\u2019horrible op\u00e9ration de \u00abbapt\u00eame des nourrissons\u00bb. Les gens ont \u00e9t\u00e9 enterr\u00e9s vivants.<\/p>\n\n\n\n<p>Aujourd\u2019hui, le vieux cimeti\u00e8re est cach\u00e9 sous deux des parcs urbains les plus beaux et les plus pris\u00e9s de Montr\u00e9al, le parc Dorchester et la Place du Canada. En raison de l&rsquo;histoire atroce qui s&rsquo;est d\u00e9roul\u00e9e dans l&rsquo;ancien cimeti\u00e8re Sainte-Antoine, ces parcs sont aujourd&rsquo;hui un lieu de pr\u00e9dilection pour les activit\u00e9s paranormales au centre-ville de Montr\u00e9al.<\/p>\n\n\n\n<p>Les invit\u00e9s apprendront des strat\u00e9gies et des techniques pour localiser et communiquer avec les esprits. Des outils de chasse aux fant\u00f4mes, tels que des baguettes de sourcier, des lecteurs de champs \u00e9lectromagn\u00e9tiques, des pistolets thermiques et d&rsquo;autres outils, seront mis \u00e0 la disposition des nombreux esprits d\u00e9rang\u00e9s qui hantent le vieux cimeti\u00e8re de Sainte Antoine.<\/p>\n\n\n\n<p>Les invit\u00e9s d\u00e9couvriront non seulement les fant\u00f4mes et les activit\u00e9s paranormales du cimeti\u00e8re, mais aussi une statue et les b\u00e2timents hant\u00e9s qui jalonnent l\u2019environnement urbain du cimeti\u00e8re, tels que l\u2019\u00e9difice Sun Life, l\u2019ancien h\u00f4tel Windsor, l\u2019h\u00f4tel Chateau Champlain, l\u2019\u00e9glise anglicane St George et Marie Cath\u00e9drale Notre-Dame-du-Monde et basilique.<\/p>\n\n\n\n<p>Cette exp\u00e9rience surnaturelle est con\u00e7ue pour ceux qui s\u2019int\u00e9ressent \u00e0 la chasse aux ph\u00e9nom\u00e8nes paranormale et aux fant\u00f4mes, comme en t\u00e9moignent les programmes t\u00e9l\u00e9vis\u00e9s tels que Rencontres Paranormales, Most Haunted, TAPS \u2019Ghost Hunters et bien d\u2019autres. Elle est \u00e9galement populaire aupr\u00e8s de ceux qui souhaitent en savoir plus sur l\u2019histoire cach\u00e9e et d\u00e9rang\u00e9e de Montr\u00e9al.<\/p>\n\n\n\n<p>La marche des fant\u00f4mes s&rsquo;amorce au Monument comm\u00e9moratif Wilfred Laurier au square Dorchester, pr\u00e8s du boulevard Ren\u00e9 L\u00e9vesque (m\u00e9tro Peel). Achetez vos billets ci-dessous.<\/p>\n\n\n\n<p><strong><em>Nous nous r\u00e9servons le droit d&rsquo;annuler une visite qui a moins de cinq billets vendus avant 18h la veille de l&rsquo;\u00e9v\u00e9nement (et dans la plupart des cas, nous le ferons). Bien entendu, nous rembourserons tous les acheteurs de billets existants si et quand nous annulons.<\/em><\/strong><\/p>\n\n\n\n<p><strong>Cet \u00e9v\u00e9nement est \u00e9galement offert en <a href=\"https:\/\/hauntedmontreal.com\/fr\/visites-privees\" data-type=\"URL\" data-id=\"https:\/\/hauntedmontreal.com\/fr\/visites-privees\">visite priv\u00e9e<\/a><\/strong><\/p>\n\n\n\n<h2 class=\"wp-block-heading\">Billets: 29.00 $ (TPS\/TVQ inclus)<\/h2>\n\n\n\n<div id=\"eventbrite-widget-container-832687419487\"><\/div>\n\n<script src=\"https:\/\/www.eventbrite.ca\/static\/widgets\/eb_widgets.js\"><\/script>\n\n<script type=\"text\/javascript\">\n    var exampleCallback = function() {\n        console.log('Order complete!');\n    };\n\n    window.EBWidgets.createWidget({\n        \/\/ Required\n        widgetType: 'checkout',\n        eventId: '832687419487',\n        iframeContainerId: 'eventbrite-widget-container-832687419487',\n\n        \/\/ Optional\n        iframeContainerHeight: 425,  \/\/ Widget height in pixels. Defaults to a minimum of 425px if not provided\n        onOrderComplete: exampleCallback  \/\/ Method called when an order has successfully completed\n    });\n<\/script>\n\n\n\n<p>L\u2019enqu\u00eate paranormale sur le vieux cimeti\u00e8re Sainte-Antoine dure environ deux heures et implique la chasse aux fant\u00f4mes au parc Dorchester et \u00e0 la place du Canada. Veuillez arriver environ 5 \u00e0 10 minutes avant le d\u00e9but de l&rsquo;aventure.<\/p>\n\n\n\n<p>* Nous vous recommandons de t\u00e9l\u00e9charger toute application de chasse aux fant\u00f4mes que vous souhaitez utiliser \u00e0 l&rsquo;avance!<\/p>\n<\/div>\n\n\n\n<div class=\"wp-block-column is-layout-flow wp-block-column-is-layout-flow\" style=\"flex-basis:33.33%\">\n<figure class=\"wp-block-image size-large\"><img loading=\"lazy\" decoding=\"async\" width=\"640\" height=\"480\" src=\"https:\/\/hauntedmontreal.com\/wp-content\/uploads\/2020\/09\/Montreal-hante-Enquete-paranormale-Vieux-cimetiere-Sainte-Antoine-fontaine.jpg\" alt=\"\" class=\"wp-image-10874\" srcset=\"https:\/\/hauntedmontreal.com\/wp-content\/uploads\/2020\/09\/Montreal-hante-Enquete-paranormale-Vieux-cimetiere-Sainte-Antoine-fontaine.jpg 640w, https:\/\/hauntedmontreal.com\/wp-content\/uploads\/2020\/09\/Montreal-hante-Enquete-paranormale-Vieux-cimetiere-Sainte-Antoine-fontaine-300x225.jpg 300w\" sizes=\"auto, (max-width: 640px) 100vw, 640px\" \/><\/figure>\n\n\n\n<figure class=\"wp-block-image size-large\"><img loading=\"lazy\" decoding=\"async\" width=\"640\" height=\"480\" src=\"https:\/\/hauntedmontreal.com\/wp-content\/uploads\/2020\/09\/Montreal-hante-Enquete-paranormale-Vieux-cimetiere-Sainte-Antoine-chasseurs-de-fantomes.jpg\" alt=\"\" class=\"wp-image-10876\" srcset=\"https:\/\/hauntedmontreal.com\/wp-content\/uploads\/2020\/09\/Montreal-hante-Enquete-paranormale-Vieux-cimetiere-Sainte-Antoine-chasseurs-de-fantomes.jpg 640w, https:\/\/hauntedmontreal.com\/wp-content\/uploads\/2020\/09\/Montreal-hante-Enquete-paranormale-Vieux-cimetiere-Sainte-Antoine-chasseurs-de-fantomes-300x225.jpg 300w\" sizes=\"auto, (max-width: 640px) 100vw, 640px\" \/><\/figure>\n\n\n\n<figure class=\"wp-block-image size-large\"><img loading=\"lazy\" decoding=\"async\" width=\"800\" height=\"400\" src=\"https:\/\/hauntedmontreal.com\/wp-content\/uploads\/2020\/09\/Montreal-hante-Enquete-paranormale-Vieux-cimetiere-Sainte-Antoine-parc-de-ville-la-nuit.jpg\" alt=\"\" class=\"wp-image-10878\" srcset=\"https:\/\/hauntedmontreal.com\/wp-content\/uploads\/2020\/09\/Montreal-hante-Enquete-paranormale-Vieux-cimetiere-Sainte-Antoine-parc-de-ville-la-nuit.jpg 800w, https:\/\/hauntedmontreal.com\/wp-content\/uploads\/2020\/09\/Montreal-hante-Enquete-paranormale-Vieux-cimetiere-Sainte-Antoine-parc-de-ville-la-nuit-300x150.jpg 300w, https:\/\/hauntedmontreal.com\/wp-content\/uploads\/2020\/09\/Montreal-hante-Enquete-paranormale-Vieux-cimetiere-Sainte-Antoine-parc-de-ville-la-nuit-768x384.jpg 768w\" sizes=\"auto, (max-width: 800px) 100vw, 800px\" \/><\/figure>\n<\/div>\n<\/div>\n\n\n\n<div class=\"app-placeholder-calendar\" data-id=\"proj_oPaj7Gz2xOYj0yhxF0Xwl\"><\/div>\n<script type=\"text\/javascript\" src=\"\/\/platform.eventscalendar.co\/plugins\/web\/loader.js?app=calendar\" id=\"Inffuse-Loader\"><\/script>\n","protected":false},"excerpt":{"rendered":"<p>Halloween 2025 \u00e0 Montr\u00e9al Anim\u00e9 par le chasseur de fant\u00f4mes professionnel Dominique Desormeaux de 13 Spirits Paranormal, \u00abEnqu\u00eate paranormale du vieux cimeti\u00e8re de Sainte-Antoine\u00bb, cr\u00e9\u00e9 par Montr\u00e9al hant\u00e9, entra\u00eene les invit\u00e9s dans une sombre aventure dans le monde myst\u00e9rieux de la chasse aux fant\u00f4mes. De 1799 \u00e0 1855, le cimeti\u00e8re Sainte-Antoine a accueilli environ 70&hellip;<\/p>\n","protected":false},"author":2,"featured_media":0,"parent":0,"menu_order":0,"comment_status":"closed","ping_status":"closed","template":"","meta":{"footnotes":""},"class_list":["post-10453","page","type-page","status-publish","hentry","entry","no-media"],"_links":{"self":[{"href":"https:\/\/hauntedmontreal.com\/fr\/wp-json\/wp\/v2\/pages\/10453","targetHints":{"allow":["GET"]}}],"collection":[{"href":"https:\/\/hauntedmontreal.com\/fr\/wp-json\/wp\/v2\/pages"}],"about":[{"href":"https:\/\/hauntedmontreal.com\/fr\/wp-json\/wp\/v2\/types\/page"}],"author":[{"embeddable":true,"href":"https:\/\/hauntedmontreal.com\/fr\/wp-json\/wp\/v2\/users\/2"}],"replies":[{"embeddable":true,"href":"https:\/\/hauntedmontreal.com\/fr\/wp-json\/wp\/v2\/comments?post=10453"}],"version-history":[{"count":9,"href":"https:\/\/hauntedmontreal.com\/fr\/wp-json\/wp\/v2\/pages\/10453\/revisions"}],"predecessor-version":[{"id":17636,"href":"https:\/\/hauntedmontreal.com\/fr\/wp-json\/wp\/v2\/pages\/10453\/revisions\/17636"}],"wp:attachment":[{"href":"https:\/\/hauntedmontreal.com\/fr\/wp-json\/wp\/v2\/media?parent=10453"}],"curies":[{"name":"wp","href":"https:\/\/api.w.org\/{rel}","templated":true}]}}